{"id":224592,"date":"2026-01-30T14:01:42","date_gmt":"2026-01-30T13:01:42","guid":{"rendered":"https:\/\/bb.agenciatelo.com\/enoturisme\/"},"modified":"2026-05-06T08:56:54","modified_gmt":"2026-05-06T06:56:54","slug":"enoturisme","status":"publish","type":"page","link":"https:\/\/www.bodegasbellod.com\/ca\/enoturisme\/","title":{"rendered":"Enoturisme"},"content":{"rendered":"<div class=\"et_pb_section_0 et_pb_section et_section_regular et_grid_section preset--module--divi-section--s1r6fm9hni\">\n<div class=\"et_pb_row_0 et_pb_row et_block_row preset--module--divi-row--9qlmxide1t\">\n<div class=\"et_pb_column_0 et_pb_column et_pb_column_4_4 et-last-child et_block_column et_pb_css_mix_blend_mode_passthrough\">\n<div class=\"et_pb_text_0 et_pb_text et_pb_bg_layout_light et_pb_module et_block_module preset--module--divi-text--default\"><div class=\"et_pb_text_inner\"><h1>Enoturisme<\/h1>\n<p>Viu-ho al seu origen. Sent la nostra terra, descobreix Mas del Nen.<\/p>\n<\/div><\/div>\n\n<div class=\"et_pb_group_0 et_pb_group et-last-child et_pb_module et_flex_group et_pb_css_mix_blend_mode_passthrough\">\n<div class=\"et_pb_module et_pb_button_module_wrapper et_pb_button_0_wrapper preset--module--divi-button--8vfoxkffb9_wrapper\"><a class=\"et_pb_button_0 et_pb_button et_pb_bg_layout_light et_pb_module et_flex_module preset--module--divi-button--8vfoxkffb9\" href=\"#calendario-eventos\">Vegeu les dates<\/a><\/div>\n\n<div class=\"et_pb_module et_pb_button_module_wrapper et_pb_button_1_wrapper preset--module--divi-button--59pl68tci2_wrapper\"><a class=\"et_pb_button_1 et_pb_button et_pb_bg_layout_light et_pb_module et_flex_module preset--module--divi-button--59pl68tci2\" href=\"https:\/\/masdelnen.es\/eventos-privados\/\" target=\"_blank\">Creeu el vostre propi esdeveniment<\/a><\/div>\n<\/div>\n<\/div>\n<\/div>\n<\/div>\n\n<div class=\"et_pb_section_1 et_pb_section et_section_regular et_flex_section\">\n<div class=\"et_pb_row_1 et_pb_row et_flex_row\">\n<div class=\"et_pb_column_1 et_pb_column et-last-child et_flex_column et_pb_css_mix_blend_mode_passthrough et_flex_column_24_24 et_flex_column_24_24_tablet et_flex_column_24_24_phone\">\n<div class=\"et_pb_text_1 et_pb_text et_pb_bg_layout_light et_pb_module et_flex_module preset--module--divi-text--default\"><div class=\"et_pb_text_inner\"><h3 style=\"text-align: center\">Enoturisme, tasts i experi\u00e8ncies especials<\/h3>\n<p style=\"text-align: center\">Neix el <strong>1998<\/strong> com el projecte d'en R<em>amon Bellod i Ester Daumal<\/em>: una finca pensada per elaborar vins i vermuts amb una mirada honesta i sostenible, en equilibri amb la terra.<\/p>\n<p style=\"text-align: center\">Avui, <strong>Mas del Nen<\/strong> continua viu a trav\u00e9s de <em>Gerard Bellod,<\/em> \u201cel nen del Mas\u201d, qui obre les portes d'aquest espai per <strong>compartir la seva ess\u00e8ncia<\/strong> i la seva manera d'entendre el vi i el vermut.<\/p>\n<p style=\"text-align: center\">L'<strong>enoturisme \u00e9s l'\u00e0nima<\/strong> de tot el que passa aqu\u00ed: experi\u00e8ncies que neixen del vi i el vermut, el paisatge i el <strong>plaer de gaudir sense presses<\/strong>.<\/p>\n<\/div><\/div>\n<\/div>\n<\/div>\n<\/div>\n\n<div class=\"et_pb_section_2 et_pb_section et_section_regular et_flex_section preset--module--divi-section--vxy6h1vdjf\">\n<div class=\"et_pb_row_2 et_pb_row et_flex_row preset--module--divi-row--9qlmxide1t\">\n<div class=\"et_pb_column_2 et_pb_column et-last-child et_flex_column et_pb_css_mix_blend_mode_passthrough et_flex_column_24_24 et_flex_column_24_24_tablet et_flex_column_24_24_phone\">\n<div class=\"et_pb_text_2 et_pb_text et_pb_bg_layout_light et_pb_module et_flex_module preset--module--divi-text--ch9ubl1xdx\"><\/div>\n\n<div class=\"et_pb_text_3 et_pb_text et_pb_bg_layout_light et_pb_module et_flex_module preset--module--divi-text--default\"><div class=\"et_pb_text_inner\"><h2>Submergiu-vos en la tradici\u00f3 del vi i el vermut<\/h2>\n<\/div><\/div>\n<\/div>\n<\/div>\n\n<div class=\"et_pb_row_3 et_pb_row et_flex_row preset--module--divi-row--9qlmxide1t\">\n<div class=\"et_pb_column_3 et_pb_column et_flex_column et_pb_css_mix_blend_mode_passthrough et_flex_column_8_24 et_flex_column_8_24_tablet et_flex_column_24_24_phone\">\n<div class=\"et_pb_image_0 et_pb_image et_pb_module et_flex_module preset--module--divi-image--r66ocgq0ww\"><span class=\"et_pb_image_wrap\"><img decoding=\"async\" src=\"https:\/\/www.bodegasbellod.com\/wp-content\/uploads\/2026\/03\/Diseno-sin-titulo.webp\" title=\"Disseny-sense-t\u00edtol\" width=\"1560\" height=\"1372\" srcset=\"https:\/\/www.bodegasbellod.com\/wp-content\/uploads\/2026\/03\/Diseno-sin-titulo.webp 1560w, https:\/\/www.bodegasbellod.com\/wp-content\/uploads\/2026\/03\/Diseno-sin-titulo-1280x1126.webp 1280w, https:\/\/www.bodegasbellod.com\/wp-content\/uploads\/2026\/03\/Diseno-sin-titulo-980x862.webp 980w, https:\/\/www.bodegasbellod.com\/wp-content\/uploads\/2026\/03\/Diseno-sin-titulo-480x422.webp 480w\" sizes=\"(min-width: 0px) and (max-width: 480px) 480px, (min-width: 481px) and (max-width: 980px) 980px, (min-width: 981px) and (max-width: 1280px) 1280px, (min-width: 1281px) 1560px, 100vw\" class=\"wp-image-224463\" \/><\/span><\/div>\n\n<div class=\"et_pb_text_4 et_pb_text et_pb_bg_layout_light et_pb_module et_flex_module preset--module--divi-text--default\"><div class=\"et_pb_text_inner\"><h3>Experi\u00e8ncies i tasts<\/h3>\n<p>Descobriu l'entorn on neixen els nostres vins i vermuts. Recorreu el celler, coneixeu cada proc\u00e9s i gaudiu d'un tast guiat. Una experi\u00e8ncia que connecta hist\u00f2ria, natura i sabor.  <\/p>\n<\/div><\/div>\n\n<div class=\"et_pb_module et_pb_button_module_wrapper et_pb_button_2_wrapper preset--module--divi-button--8vfoxkffb9_wrapper\"><a class=\"et_pb_button_2 et_pb_button et_pb_bg_layout_light et_pb_module et_flex_module preset--module--divi-button--8vfoxkffb9\" href=\"https:\/\/masdelnen.es\/nuestros-eventos\/\">M\u00e9s informaci\u00f3<\/a><\/div>\n<\/div>\n\n<div class=\"et_pb_column_4 et_pb_column et_flex_column et_pb_css_mix_blend_mode_passthrough et_flex_column_8_24 et_flex_column_8_24_tablet et_flex_column_24_24_phone\">\n<div class=\"et_pb_image_1 et_pb_image et_pb_module et_flex_module preset--module--divi-image--r66ocgq0ww\"><span class=\"et_pb_image_wrap\"><img decoding=\"async\" src=\"https:\/\/www.bodegasbellod.com\/wp-content\/uploads\/2024\/11\/blog-2.webp\" alt=\"Selfie en esdeveniment Bodegas Bellod\" title=\"Selfie en esdeveniment Bodegas Bellod\" width=\"1560\" height=\"1372\" srcset=\"https:\/\/www.bodegasbellod.com\/wp-content\/uploads\/2024\/11\/blog-2.webp 1560w, https:\/\/www.bodegasbellod.com\/wp-content\/uploads\/2024\/11\/blog-2-1280x1126.webp 1280w, https:\/\/www.bodegasbellod.com\/wp-content\/uploads\/2024\/11\/blog-2-980x862.webp 980w, https:\/\/www.bodegasbellod.com\/wp-content\/uploads\/2024\/11\/blog-2-480x422.webp 480w\" sizes=\"(min-width: 0px) and (max-width: 480px) 480px, (min-width: 481px) and (max-width: 980px) 980px, (min-width: 981px) and (max-width: 1280px) 1280px, (min-width: 1281px) 1560px, 100vw\" class=\"wp-image-496\" \/><\/span><\/div>\n\n<div class=\"et_pb_text_5 et_pb_text et_pb_bg_layout_light et_pb_module et_flex_module preset--module--divi-text--default\"><div class=\"et_pb_text_inner\"><h3>Calendari d'esdeveniments<\/h3>\n<p>Tardeos entre vinyes, m\u00fasica en directe i vermuts sota la llum de la lluna. Esdeveniments pensats per gaudir de l'entorn i dels nostres productes. Viviu moments \u00fanics en un espai amb ess\u00e8ncia pr\u00f2pia.  <\/p>\n<\/div><\/div>\n\n<div class=\"et_pb_module et_pb_button_module_wrapper et_pb_button_3_wrapper preset--module--divi-button--8vfoxkffb9_wrapper\"><a class=\"et_pb_button_3 et_pb_button et_pb_bg_layout_light et_pb_module et_flex_module preset--module--divi-button--8vfoxkffb9\" href=\"#calendario-eventos\">Vegeu els esdeveniments<\/a><\/div>\n<\/div>\n\n<div class=\"et_pb_column_5 et_pb_column et-last-child et_flex_column et_pb_css_mix_blend_mode_passthrough et_flex_column_8_24 et_flex_column_8_24_tablet et_flex_column_24_24_phone\">\n<div class=\"et_pb_image_2 et_pb_image et_pb_module et_flex_module preset--module--divi-image--r66ocgq0ww\"><span class=\"et_pb_image_wrap\"><img decoding=\"async\" src=\"https:\/\/www.bodegasbellod.com\/wp-content\/uploads\/2024\/11\/blog-1.webp\" alt=\"Maridatge a Bodegas Bellod\" title=\"Maridatge a Bodegas Bellod\" width=\"1560\" height=\"1372\" srcset=\"https:\/\/www.bodegasbellod.com\/wp-content\/uploads\/2024\/11\/blog-1.webp 1560w, https:\/\/www.bodegasbellod.com\/wp-content\/uploads\/2024\/11\/blog-1-1280x1126.webp 1280w, https:\/\/www.bodegasbellod.com\/wp-content\/uploads\/2024\/11\/blog-1-980x862.webp 980w, https:\/\/www.bodegasbellod.com\/wp-content\/uploads\/2024\/11\/blog-1-480x422.webp 480w\" sizes=\"(min-width: 0px) and (max-width: 480px) 480px, (min-width: 481px) and (max-width: 980px) 980px, (min-width: 981px) and (max-width: 1280px) 1280px, (min-width: 1281px) 1560px, 100vw\" class=\"wp-image-494\" \/><\/span><\/div>\n\n<div class=\"et_pb_text_6 et_pb_text et_pb_bg_layout_light et_pb_module et_flex_module preset--module--divi-text--default\"><div class=\"et_pb_text_inner\"><h3>Esdeveniments privats<\/h3>\n<p>Un entorn natural i vers\u00e0til per a celebracions, reunions i tast privats.<\/p>\n<p>Espais interiors i exteriors amb vistes a les vinyes, on cada experi\u00e8ncia s'adapta al moment.<\/p>\n<p>A Mas del Nen, cada esdeveniment es viu amb identitat pr\u00f2pia.<\/p>\n<\/div><\/div>\n\n<div class=\"et_pb_module et_pb_button_module_wrapper et_pb_button_4_wrapper preset--module--divi-button--8vfoxkffb9_wrapper\"><a class=\"et_pb_button_4 et_pb_button et_pb_bg_layout_light et_pb_module et_flex_module preset--module--divi-button--8vfoxkffb9\" href=\"https:\/\/masdelnen.es\/eventos-privados\/\">M\u00e9s informaci\u00f3<\/a><\/div>\n<\/div>\n<\/div>\n\n<div class=\"et_pb_row_4 et_pb_row et_flex_row\" id=\"calendario-eventos\">\n<div class=\"et_pb_column_6 et_pb_column et-last-child et_flex_column et_pb_css_mix_blend_mode_passthrough et_flex_column_24_24 et_flex_column_24_24_tablet et_flex_column_24_24_phone\">\n<div class=\"et_pb_code_0 et_pb_code et_pb_module\"><div class=\"et_pb_code_inner\"><script src=\"\/\/widget.simplybook.it\/v2\/widget\/widget.js\" type=\"text\/javascript\"><\/script><script type=\"text\/javascript\">var widget = new SimplybookWidget({\"widget_type\":\"iframe\",\"url\":\"https:\\\/\\\/masdelnen.simplybook.it\",\"theme\":\"default\",\"theme_settings\":{\"timeline_hide_unavailable\":\"1\",\"hide_past_days\":\"0\",\"timeline_show_end_time\":\"0\",\"timeline_modern_display\":\"as_slots\",\"sb_base_color\":\"#9caf88\",\"display_item_mode\":\"block\",\"booking_nav_bg_color\":\"#9caf88\",\"body_bg_color\":\"#f2e6dd\",\"sb_review_image\":\"22\",\"sb_review_image_preview\":\"\\\/uploads\\\/masdelnen\\\/image_files\\\/preview\\\/b5a3c8586b15336f877684528e133211.png\",\"dark_font_color\":\"#5b3427\",\"light_font_color\":\"#5b3427\",\"btn_color_1\":\"#f2e6dd\",\"sb_company_label_color\":\"#5b3427\",\"hide_img_mode\":\"0\",\"show_sidebar\":\"1\",\"sb_busy\":\"#5b3427\",\"sb_available\":\"#9caf88\"},\"timeline\":\"modern\",\"datepicker\":\"top_calendar\",\"is_rtl\":false,\"app_config\":{\"clear_session\":0,\"allow_switch_to_ada\":0,\"predefined\":[]}});\n<\/script><\/div><\/div>\n<\/div>\n<\/div>\n<\/div>","protected":false},"excerpt":{"rendered":"","protected":false},"author":1,"featured_media":225322,"parent":0,"menu_order":0,"comment_status":"closed","ping_status":"closed","template":"","meta":{"_acf_changed":false,"footnotes":""},"class_list":["post-224592","page","type-page","status-publish","has-post-thumbnail","hentry"],"acf":[],"yoast_head":"<!-- This site is optimized with the Yoast SEO plugin v27.5 - https:\/\/yoast.com\/product\/yoast-seo-wordpress\/ -->\n<title>Enoturisme a Bodegas Bellod | Visites i tastos de vi<\/title>\n<meta name=\"description\" content=\"Viu l&#039;enoturisme a Bodegas Bellod amb visites, tastos i experi\u00e8ncies per descobrir de prop el nostre celler, els nostres vins i la nostra tradici\u00f3 familiar.\" \/>\n<meta name=\"robots\" content=\"index, follow, max-snippet:-1, max-image-preview:large, max-video-preview:-1\" \/>\n<link rel=\"canonical\" href=\"https:\/\/www.bodegasbellod.com\/ca\/enoturisme\/\" \/>\n<meta property=\"og:locale\" content=\"ca_ES\" \/>\n<meta property=\"og:type\" content=\"article\" \/>\n<meta property=\"og:title\" content=\"Enoturisme a Bodegas Bellod | Visites i tastos de vi\" \/>\n<meta property=\"og:description\" content=\"Viu l&#039;enoturisme a Bodegas Bellod amb visites, tastos i experi\u00e8ncies per descobrir de prop el nostre celler, els nostres vins i la nostra tradici\u00f3 familiar.\" \/>\n<meta property=\"og:url\" content=\"https:\/\/www.bodegasbellod.com\/ca\/enoturisme\/\" \/>\n<meta property=\"og:site_name\" content=\"Bodegas Bellod - Celler\" \/>\n<meta property=\"article:modified_time\" content=\"2026-05-06T06:56:54+00:00\" \/>\n<meta property=\"og:image\" content=\"https:\/\/www.bodegasbellod.com\/wp-content\/uploads\/2026\/05\/logo.webp\" \/>\n\t<meta property=\"og:image:width\" content=\"600\" \/>\n\t<meta property=\"og:image:height\" content=\"600\" \/>\n\t<meta property=\"og:image:type\" content=\"image\/webp\" \/>\n<meta name=\"twitter:card\" content=\"summary_large_image\" \/>\n<script type=\"application\/ld+json\" class=\"yoast-schema-graph\">{\"@context\":\"https:\\\/\\\/schema.org\",\"@graph\":[{\"@type\":\"WebPage\",\"@id\":\"https:\\\/\\\/www.bodegasbellod.com\\\/ca\\\/enoturisme\\\/\",\"url\":\"https:\\\/\\\/www.bodegasbellod.com\\\/ca\\\/enoturisme\\\/\",\"name\":\"Enoturisme a Bodegas Bellod | Visites i tastos de vi\",\"isPartOf\":{\"@id\":\"https:\\\/\\\/www.bodegasbellod.com\\\/ca\\\/#website\"},\"primaryImageOfPage\":{\"@id\":\"https:\\\/\\\/www.bodegasbellod.com\\\/ca\\\/enoturisme\\\/#primaryimage\"},\"image\":{\"@id\":\"https:\\\/\\\/www.bodegasbellod.com\\\/ca\\\/enoturisme\\\/#primaryimage\"},\"thumbnailUrl\":\"https:\\\/\\\/www.bodegasbellod.com\\\/wp-content\\\/uploads\\\/2026\\\/05\\\/logo.webp\",\"datePublished\":\"2026-01-30T13:01:42+00:00\",\"dateModified\":\"2026-05-06T06:56:54+00:00\",\"description\":\"Viu l'enoturisme a Bodegas Bellod amb visites, tastos i experi\u00e8ncies per descobrir de prop el nostre celler, els nostres vins i la nostra tradici\u00f3 familiar.\",\"breadcrumb\":{\"@id\":\"https:\\\/\\\/www.bodegasbellod.com\\\/ca\\\/enoturisme\\\/#breadcrumb\"},\"inLanguage\":\"ca\",\"potentialAction\":[{\"@type\":\"ReadAction\",\"target\":[\"https:\\\/\\\/www.bodegasbellod.com\\\/ca\\\/enoturisme\\\/\"]}]},{\"@type\":\"ImageObject\",\"inLanguage\":\"ca\",\"@id\":\"https:\\\/\\\/www.bodegasbellod.com\\\/ca\\\/enoturisme\\\/#primaryimage\",\"url\":\"https:\\\/\\\/www.bodegasbellod.com\\\/wp-content\\\/uploads\\\/2026\\\/05\\\/logo.webp\",\"contentUrl\":\"https:\\\/\\\/www.bodegasbellod.com\\\/wp-content\\\/uploads\\\/2026\\\/05\\\/logo.webp\",\"width\":600,\"height\":600,\"caption\":\"logo\"},{\"@type\":\"BreadcrumbList\",\"@id\":\"https:\\\/\\\/www.bodegasbellod.com\\\/ca\\\/enoturisme\\\/#breadcrumb\",\"itemListElement\":[{\"@type\":\"ListItem\",\"position\":1,\"name\":\"Portada\",\"item\":\"https:\\\/\\\/www.bodegasbellod.com\\\/ca\\\/\"},{\"@type\":\"ListItem\",\"position\":2,\"name\":\"Enoturisme\"}]},{\"@type\":\"WebSite\",\"@id\":\"https:\\\/\\\/www.bodegasbellod.com\\\/ca\\\/#website\",\"url\":\"https:\\\/\\\/www.bodegasbellod.com\\\/ca\\\/\",\"name\":\"Bodegas Bellod - Celler\",\"description\":\"Descubre Bodegas Bellod: vinos y vermuts elaborados con tradici\u00f3n y calidad. Compra online nuestros productos y conoce nuestra finca y bodega.\",\"potentialAction\":[{\"@type\":\"SearchAction\",\"target\":{\"@type\":\"EntryPoint\",\"urlTemplate\":\"https:\\\/\\\/www.bodegasbellod.com\\\/ca\\\/?s={search_term_string}\"},\"query-input\":{\"@type\":\"PropertyValueSpecification\",\"valueRequired\":true,\"valueName\":\"search_term_string\"}}],\"inLanguage\":\"ca\"}]}<\/script>\n<!-- \/ Yoast SEO plugin. -->","yoast_head_json":{"title":"Enoturisme a Bodegas Bellod | Visites i tastos de vi","description":"Viu l'enoturisme a Bodegas Bellod amb visites, tastos i experi\u00e8ncies per descobrir de prop el nostre celler, els nostres vins i la nostra tradici\u00f3 familiar.","robots":{"index":"index","follow":"follow","max-snippet":"max-snippet:-1","max-image-preview":"max-image-preview:large","max-video-preview":"max-video-preview:-1"},"canonical":"https:\/\/www.bodegasbellod.com\/ca\/enoturisme\/","og_locale":"ca_ES","og_type":"article","og_title":"Enoturisme a Bodegas Bellod | Visites i tastos de vi","og_description":"Viu l'enoturisme a Bodegas Bellod amb visites, tastos i experi\u00e8ncies per descobrir de prop el nostre celler, els nostres vins i la nostra tradici\u00f3 familiar.","og_url":"https:\/\/www.bodegasbellod.com\/ca\/enoturisme\/","og_site_name":"Bodegas Bellod - Celler","article_modified_time":"2026-05-06T06:56:54+00:00","og_image":[{"width":600,"height":600,"url":"https:\/\/www.bodegasbellod.com\/wp-content\/uploads\/2026\/05\/logo.webp","type":"image\/webp"}],"twitter_card":"summary_large_image","schema":{"@context":"https:\/\/schema.org","@graph":[{"@type":"WebPage","@id":"https:\/\/www.bodegasbellod.com\/ca\/enoturisme\/","url":"https:\/\/www.bodegasbellod.com\/ca\/enoturisme\/","name":"Enoturisme a Bodegas Bellod | Visites i tastos de vi","isPartOf":{"@id":"https:\/\/www.bodegasbellod.com\/ca\/#website"},"primaryImageOfPage":{"@id":"https:\/\/www.bodegasbellod.com\/ca\/enoturisme\/#primaryimage"},"image":{"@id":"https:\/\/www.bodegasbellod.com\/ca\/enoturisme\/#primaryimage"},"thumbnailUrl":"https:\/\/www.bodegasbellod.com\/wp-content\/uploads\/2026\/05\/logo.webp","datePublished":"2026-01-30T13:01:42+00:00","dateModified":"2026-05-06T06:56:54+00:00","description":"Viu l'enoturisme a Bodegas Bellod amb visites, tastos i experi\u00e8ncies per descobrir de prop el nostre celler, els nostres vins i la nostra tradici\u00f3 familiar.","breadcrumb":{"@id":"https:\/\/www.bodegasbellod.com\/ca\/enoturisme\/#breadcrumb"},"inLanguage":"ca","potentialAction":[{"@type":"ReadAction","target":["https:\/\/www.bodegasbellod.com\/ca\/enoturisme\/"]}]},{"@type":"ImageObject","inLanguage":"ca","@id":"https:\/\/www.bodegasbellod.com\/ca\/enoturisme\/#primaryimage","url":"https:\/\/www.bodegasbellod.com\/wp-content\/uploads\/2026\/05\/logo.webp","contentUrl":"https:\/\/www.bodegasbellod.com\/wp-content\/uploads\/2026\/05\/logo.webp","width":600,"height":600,"caption":"logo"},{"@type":"BreadcrumbList","@id":"https:\/\/www.bodegasbellod.com\/ca\/enoturisme\/#breadcrumb","itemListElement":[{"@type":"ListItem","position":1,"name":"Portada","item":"https:\/\/www.bodegasbellod.com\/ca\/"},{"@type":"ListItem","position":2,"name":"Enoturisme"}]},{"@type":"WebSite","@id":"https:\/\/www.bodegasbellod.com\/ca\/#website","url":"https:\/\/www.bodegasbellod.com\/ca\/","name":"Bodegas Bellod - Celler","description":"Descubre Bodegas Bellod: vinos y vermuts elaborados con tradici\u00f3n y calidad. Compra online nuestros productos y conoce nuestra finca y bodega.","potentialAction":[{"@type":"SearchAction","target":{"@type":"EntryPoint","urlTemplate":"https:\/\/www.bodegasbellod.com\/ca\/?s={search_term_string}"},"query-input":{"@type":"PropertyValueSpecification","valueRequired":true,"valueName":"search_term_string"}}],"inLanguage":"ca"}]}},"_links":{"self":[{"href":"https:\/\/www.bodegasbellod.com\/ca\/wp-json\/wp\/v2\/pages\/224592","targetHints":{"allow":["GET"]}}],"collection":[{"href":"https:\/\/www.bodegasbellod.com\/ca\/wp-json\/wp\/v2\/pages"}],"about":[{"href":"https:\/\/www.bodegasbellod.com\/ca\/wp-json\/wp\/v2\/types\/page"}],"author":[{"embeddable":true,"href":"https:\/\/www.bodegasbellod.com\/ca\/wp-json\/wp\/v2\/users\/1"}],"replies":[{"embeddable":true,"href":"https:\/\/www.bodegasbellod.com\/ca\/wp-json\/wp\/v2\/comments?post=224592"}],"version-history":[{"count":16,"href":"https:\/\/www.bodegasbellod.com\/ca\/wp-json\/wp\/v2\/pages\/224592\/revisions"}],"predecessor-version":[{"id":225326,"href":"https:\/\/www.bodegasbellod.com\/ca\/wp-json\/wp\/v2\/pages\/224592\/revisions\/225326"}],"wp:featuredmedia":[{"embeddable":true,"href":"https:\/\/www.bodegasbellod.com\/ca\/wp-json\/wp\/v2\/media\/225322"}],"wp:attachment":[{"href":"https:\/\/www.bodegasbellod.com\/ca\/wp-json\/wp\/v2\/media?parent=224592"}],"curies":[{"name":"wp","href":"https:\/\/api.w.org\/{rel}","templated":true}]}}