{"id":224596,"date":"2026-01-30T14:02:35","date_gmt":"2026-01-30T13:02:35","guid":{"rendered":"https:\/\/bb.agenciatelo.com\/contacte\/"},"modified":"2026-05-05T15:54:14","modified_gmt":"2026-05-05T13:54:14","slug":"contacte","status":"publish","type":"page","link":"https:\/\/www.bodegasbellod.com\/ca\/contacte\/","title":{"rendered":"Contacte"},"content":{"rendered":"<div class=\"et_pb_section_0 et_pb_section et_section_regular et_block_section preset--module--divi-section--1wdpdrg3fh\">\n<div class=\"et_pb_row_0 et_pb_row et_block_row preset--module--divi-row--9qlmxide1t\">\n<div class=\"et_pb_column_0 et_pb_column et_pb_column_4_4 et-last-child et_block_column et_pb_css_mix_blend_mode_passthrough\">\n<div class=\"et_pb_text_0 et_pb_text et_pb_bg_layout_light et_pb_module et_block_module preset--module--divi-text--default\"><div class=\"et_pb_text_inner\"><h1>Contacte<\/h1>\n<\/div><\/div>\n<\/div>\n<\/div>\n<\/div>\n\n<div class=\"et_pb_section_1 et_pb_section et_section_regular et_flex_section preset--module--divi-section--vxy6h1vdjf\">\n<div class=\"et_pb_row_1 et_pb_row et_flex_row preset--module--divi-row--9qlmxide1t\">\n<div class=\"et_pb_column_1 et_pb_column et_flex_column et_pb_css_mix_blend_mode_passthrough et_flex_column_12_24 et_flex_column_12_24_tablet et_flex_column_24_24_phone\">\n<div class=\"et_pb_text_1 et_pb_text et_pb_bg_layout_light et_pb_module et_flex_module preset--module--divi-text--default\"><div class=\"et_pb_text_inner\"><p><strong>Podeu contactar amb nosaltres a trav\u00e9s del seg\u00fcent formulari.<\/strong>  Expliqueu-nos qu\u00e8 necessiteu i el nostre equip us respondr\u00e0 al m\u00e9s aviat possible.<\/p>\n<p>Estem ubicats a Sant Joan Desp\u00ed (Barcelona), des d'on distribu\u00efm. A m\u00e9s, desenvolupem el projecte d'enoturisme Mas del Nen, a la Conca de Barber\u00e0, un espai on oferim experi\u00e8ncies, tastos i esdeveniments entre vinyes. <\/p>\n<p><em>Atenem consultes de particulars i professionals relacionades amb els nostres productes, visites a celler, enoturisme i possibles col\u00b7laboracions comercials.<\/em><\/p>\n<p><strong>Contacteu amb nosaltres!<\/strong><\/p>\n<\/div><\/div>\n<\/div>\n\n<div class=\"et_pb_column_2 et_pb_column et-last-child et_flex_column et_pb_css_mix_blend_mode_passthrough et_flex_column_12_24 et_flex_column_12_24_tablet et_flex_column_24_24_phone\">\n<div class=\"et_pb_contact_form_0 et_pb_contact_form_container clearfix et_pb_module et_flex_module preset--module--divi-contact-form--u85rpvfcsk\" data-form_unique_num=\"0\" data-form_unique_id=\"7902bd6f-e7dd-4bfe-b3c4-67a1d6a95662\" id=\"et_pb_contact_form_7902bd6f-e7dd-4bfe-b3c4-67a1d6a95662\"><div class=\"et-pb-contact-message\"><\/div><div class=\"et_pb_contact\"><form class=\"et_pb_contact_form et_flex_module\" method=\"post\" action=\"https:\/\/www.bodegasbellod.com\/ca\/wp-json\/wp\/v2\/pages\/224596\">\n<div class=\"et_pb_contact_field_0 et_pb_contact_field et_pb_module et_flex_module et_flex_column_24_24 et_flex_column_24_24_tablet et_flex_column_24_24_phone\" data-id=\"name\" data-type=\"input\"><label class=\"et_pb_contact_form_label\" for=\"et_pb_contact_0_name_0\">Nom<\/label><input type=\"text\" name=\"et_pb_contact_0_name_0\" id=\"et_pb_contact_0_name_0\" class=\"input\" data-required_mark=\"required\" data-field_type=\"input\" data-original_id=\"name\" placeholder=\"Nom\" title=\"\" value=\"\" \/>\n<div class=\"et_pb_icon_0 et_pb_icon et_pb_module et_flex_module preset--module--divi-icon--cky1zpt1er\"><span class=\"et_pb_icon_wrap\"><span class=\"et-pb-icon\">\uf007<\/span><\/span><\/div>\n<\/div>\n\n<div class=\"et_pb_contact_field_1 et_pb_contact_field et_pb_module et_flex_module et_flex_column_12_24 et_flex_column_12_24_tablet et_flex_column_12_24_phone\" data-id=\"email\" data-type=\"email\"><label class=\"et_pb_contact_form_label\" for=\"et_pb_contact_0_email_1\">Correu electr\u00f2nic  <\/label><input type=\"text\" name=\"et_pb_contact_0_email_1\" id=\"et_pb_contact_0_email_1\" class=\"input\" data-required_mark=\"required\" data-field_type=\"email\" data-original_id=\"email\" placeholder=\"Correu electr\u00f2nic  \" title=\"\" value=\"\" \/>\n<div class=\"et_pb_icon_1 et_pb_icon et_pb_module et_flex_module preset--module--divi-icon--cky1zpt1er\"><span class=\"et_pb_icon_wrap\"><span class=\"et-pb-icon\">\uf0e0<\/span><\/span><\/div>\n<\/div>\n\n<div class=\"et_pb_contact_field_2 et_pb_contact_field et_pb_module et_flex_module et_flex_column_12_24 et_flex_column_12_24_tablet et_flex_column_12_24_phone\" data-id=\"phone\" data-type=\"input\"><label class=\"et_pb_contact_form_label\" for=\"et_pb_contact_0_phone_2\">Tel\u00e8fon<\/label><input type=\"text\" name=\"et_pb_contact_0_phone_2\" id=\"et_pb_contact_0_phone_2\" class=\"input\" data-required_mark=\"required\" data-field_type=\"input\" data-original_id=\"phone\" placeholder=\"Tel\u00e8fon\" pattern=\"[0-9\\s\\-]*\" title=\"Only numbers allowed.\" value=\"\" \/>\n<div class=\"et_pb_icon_2 et_pb_icon et_pb_module et_flex_module preset--module--divi-icon--cky1zpt1er\"><span class=\"et_pb_icon_wrap\"><span class=\"et-pb-icon\">\uf879<\/span><\/span><\/div>\n<\/div>\n\n<div class=\"et_pb_contact_field_3 et_pb_contact_field et_pb_module et_flex_module et_flex_column_24_24 et_flex_column_24_24_tablet et_flex_column_24_24_phone\" data-id=\"message\" data-type=\"text\"><label class=\"et_pb_contact_form_label\" for=\"et_pb_contact_0_message_3\">Missatge<\/label><textarea name=\"et_pb_contact_0_message_3\" id=\"et_pb_contact_0_message_3\" class=\"et_pb_contact_message input\" data-required_mark=\"required\" data-field_type=\"text\" data-original_id=\"message\" placeholder=\"Missatge\"><\/textarea>\n<div class=\"et_pb_icon_3 et_pb_icon et_pb_module et_flex_module preset--module--divi-icon--cky1zpt1er\"><span class=\"et_pb_icon_wrap\"><span class=\"et-pb-icon\">\uf304<\/span><\/span><\/div>\n<\/div>\n\n<div class=\"et_pb_contact_field_4 et_pb_contact_field et_pb_module et_flex_module et_flex_column_24_24 et_flex_column_24_24_tablet et_flex_column_24_24_phone\" data-id=\"lopd\" data-type=\"checkbox\"><label class=\"et_pb_contact_form_label\"> <\/label><input type=\"hidden\" name=\"et_pb_contact_0_lopd_4\" class=\"et_pb_checkbox_handle\" data-required_mark=\"required\" data-field_type=\"checkbox\" data-original_id=\"lopd\" \/><span class=\"et_pb_contact_field_options_wrapper et_pb_field_module_checkbox\"><span class=\"et_pb_contact_field_options_title\"> <\/span><span class=\"et_pb_contact_field_options_list\"><span class=\"et_pb_contact_field_checkbox\"><input type=\"checkbox\" id=\"et_pb_contact_0_lopd_4_0\" class=\"input\" value=\"He llegit i accepto els termes de  \" data-required_mark=\"required\" data-field_type=\"checkbox\" data-original_id=\"lopd\" \/><label for=\"et_pb_contact_0_lopd_4_0\"><i><\/i>He llegit i accepto els termes de   <a target=\"_blank\" href=\"\/politica-de-privacidad\/\">Pol\u00edtica de privacidad<\/a><\/label><\/span><\/span><\/span><\/div>\n<input type=\"hidden\" name=\"et_pb_contactform_submit_7902bd6f-e7dd-4bfe-b3c4-67a1d6a95662\" value=\"et_contact_proccess\" \/><div class=\"et_contact_bottom_container\"><div class=\"et_pb_contact_right et_pb_contact_field\"><p class=\"clearfix\"><label><span class=\"et_pb_contact_captcha_question\">8 + 13<\/span> = <input type=\"text\" size=\"2\" class=\"input et_pb_contact_captcha\" data-first_digit=\"8\" data-second_digit=\"13\" data-required_mark=\"required\" name=\"et_pb_contact_captcha_7902bd6f-e7dd-4bfe-b3c4-67a1d6a95662\" autocomplete=\"off\" \/><\/label><\/p><\/div><div class=\"et_pb_button_wrapper\"><button type=\"submit\" name=\"et_builder_submit_button\" class=\"et_pb_button et_pb_contact_submit\">Enviar missatge<\/button><\/div><\/div><input type=\"hidden\" id=\"_wpnonce-et-pb-contact-form-submitted-7902bd6f-e7dd-4bfe-b3c4-67a1d6a95662\" name=\"_wpnonce-et-pb-contact-form-submitted-7902bd6f-e7dd-4bfe-b3c4-67a1d6a95662\" value=\"b447d96ec2\" \/><input type=\"hidden\" name=\"_wp_http_referer\" value=\"\/ca\/wp-json\/wp\/v2\/pages\/224596\" \/><\/form><\/div><\/div>\n<\/div>\n<\/div>\n<\/div>\n\n<div class=\"et_pb_section_2 et_pb_section et_section_regular et_flex_section preset--module--divi-section--vxy6h1vdjf\">\n<div class=\"et_pb_row_2 et_pb_row et_flex_row preset--module--divi-row--default preset--module--divi-row--9qlmxide1t\">\n<div class=\"et_pb_column_3 et_pb_column et_flex_column et_pb_css_mix_blend_mode_passthrough et_flex_column_6_24 et_flex_column_12_24_tablet et_flex_column_24_24_phone\">\n<div class=\"et_pb_blurb_0 et_pb_blurb et_pb_bg_layout_light et_pb_blurb_position_top et_clickable et_pb_module et_flex_module preset--module--divi-blurb--z8cm350naq\"><div class=\"et_pb_blurb_content et_flex_module\"><div class=\"et_pb_main_blurb_image\"><span class=\"et_pb_image_wrap\"><span class=\"et-pb-icon et_animated et_animated\">\uf879<\/span><\/span><\/div><div class=\"et_pb_blurb_container\"><div class=\"et_pb_blurb_description\"><p><strong>Tel\u00e8fon<br \/><\/strong><a href=\"tel:933731151\">93 373 11 51<\/a><\/p>\n<\/div><\/div><\/div><\/div>\n<\/div>\n\n<div class=\"et_pb_column_4 et_pb_column et_flex_column et_pb_css_mix_blend_mode_passthrough et_flex_column_6_24 et_flex_column_12_24_tablet et_flex_column_24_24_phone\">\n<div class=\"et_pb_blurb_1 et_pb_blurb et_pb_bg_layout_light et_pb_blurb_position_top et_pb_module et_flex_module preset--module--divi-blurb--z8cm350naq\"><div class=\"et_pb_blurb_content et_flex_module\"><div class=\"et_pb_main_blurb_image\"><span class=\"et_pb_image_wrap\"><span class=\"et-pb-icon et_animated et_animated\">\uf3cd<\/span><\/span><\/div><div class=\"et_pb_blurb_container\"><div class=\"et_pb_blurb_description\"><p><strong>M\u00f2bil<br \/><\/strong><a href=\"tel:607245042\">607 245 042<\/a><\/p>\n<\/div><\/div><\/div><\/div>\n<\/div>\n\n<div class=\"et_pb_column_5 et_pb_column et-last-child et_flex_column et_pb_css_mix_blend_mode_passthrough et_flex_column_12_24 et_flex_column_24_24_tablet et_flex_column_24_24_phone\">\n<div class=\"et_pb_blurb_2 et_pb_blurb et_pb_bg_layout_light et_pb_blurb_position_top et_pb_module et_flex_module preset--module--divi-blurb--z8cm350naq\"><div class=\"et_pb_blurb_content et_flex_module\"><div class=\"et_pb_main_blurb_image\"><span class=\"et_pb_image_wrap\"><span class=\"et-pb-icon et_animated et_animated\">\uf0e0<\/span><\/span><\/div><div class=\"et_pb_blurb_container\"><div class=\"et_pb_blurb_description\"><p><strong>Correu electr\u00f2nic<br \/><\/strong> <a href=\"mailto:bodegasbellod@bodegasbellod.com\">bodegasbellod@bodegasbellod.com<\/a><\/p>\n<\/div><\/div><\/div><\/div>\n<\/div>\n<\/div>\n\n<div class=\"et_pb_row_3 et_pb_row et_flex_row\">\n<div class=\"et_pb_column_6 et_pb_column et-last-child et_flex_column et_pb_css_mix_blend_mode_passthrough et_flex_column_24_24 et_flex_column_24_24_tablet et_flex_column_24_24_phone\">\n<div class=\"et_pb_code_0 et_pb_code et_pb_module\"><div class=\"et_pb_code_inner\"><iframe src=\"https:\/\/www.google.com\/maps\/embed?pb=!1m18!1m12!1m3!1d2994.3837988351856!2d2.0640543764639383!3d41.36574549733673!2m3!1f0!2f0!3f0!3m2!1i1024!2i768!4f13.1!3m3!1m2!1s0x12a49bdf650476b9%3A0xd24ec3ce902c0edf!2sBodegas%20Bellod%20S.L!5e0!3m2!1ses!2ses!4v1771318891298!5m2!1ses!2ses\" width=\"100%\" height=\"400\" style=\"border:0;\" allowfullscreen=\"\" loading=\"lazy\" referrerpolicy=\"no-referrer-when-downgrade\"><\/iframe><\/div><\/div>\n<\/div>\n<\/div>\n\n<div class=\"et_pb_row_4 et_pb_row et_flex_row\">\n<div class=\"et_pb_column_7 et_pb_column et-last-child et_flex_column et_pb_css_mix_blend_mode_passthrough et_flex_column_24_24 et_flex_column_24_24_tablet et_flex_column_24_24_phone\">\n<div class=\"et_pb_group_0 et_pb_group et-last-child et_pb_module et_flex_group et_pb_css_mix_blend_mode_passthrough\">\n<div class=\"et_pb_text_2 et_pb_text et_pb_bg_layout_light et_pb_module et_flex_module preset--module--divi-text--default\"><div class=\"et_pb_text_inner\"><p>Seguiu-nos a:<\/p>\n<\/div><\/div>\n\n<ul class=\"et_pb_social_media_follow_0 et_pb_social_media_follow et_pb_bg_layout_light et_pb_module et_flex_module preset--module--divi-social-media-follow--ul8g0lt3ls\">\n<li class=\"et_pb_social_media_follow_network_0 et_pb_social_media_follow_network et_pb_social_icon et_pb_social_network_link et-social-instagram et_pb_module et_flex_module\"><a href=\"https:\/\/www.instagram.com\/bodegasbellod\/\" class=\"icon\" target=\"_self\" title=\"Follow on Instagram\" rel=\"noopener\"><span class=\"et_pb_social_media_follow_network_name\">Follow<\/span><\/a><\/li>\n\n<li class=\"et_pb_social_media_follow_network_1 et_pb_social_media_follow_network et_pb_social_icon et_pb_social_network_link et-social-facebook et_pb_module et_flex_module preset--module--divi-social-media-follow-network--h7olq85v5c\"><a href=\"https:\/\/www.facebook.com\/bodegasbellod\/\" class=\"icon\" target=\"_self\" title=\"Follow on Facebook\" rel=\"noopener\"><span class=\"et_pb_social_media_follow_network_name\">Follow<\/span><\/a><\/li>\n\n<li class=\"et_pb_social_media_follow_network_2 et_pb_social_media_follow_network et_pb_social_icon et_pb_social_network_link et-social-linkedin et_pb_module et_flex_module preset--module--divi-social-media-follow-network--h7olq85v5c\"><a href=\"https:\/\/www.linkedin.com\/company\/bodegas-bellodsl\" class=\"icon\" target=\"_self\" title=\"Follow on LinkedIn\" rel=\"noopener\"><span class=\"et_pb_social_media_follow_network_name\">Follow<\/span><\/a><\/li>\n<\/ul>\n<\/div>\n<\/div>\n<\/div>\n<\/div>","protected":false},"excerpt":{"rendered":"","protected":false},"author":1,"featured_media":0,"parent":0,"menu_order":0,"comment_status":"closed","ping_status":"closed","template":"","meta":{"_acf_changed":false,"footnotes":""},"class_list":["post-224596","page","type-page","status-publish","hentry"],"acf":[],"yoast_head":"<!-- This site is optimized with the Yoast SEO plugin v27.5 - https:\/\/yoast.com\/product\/yoast-seo-wordpress\/ -->\n<title>Contacte | Bodegas Bellod<\/title>\n<meta name=\"description\" content=\"Contacta amb Bodegas Bellod per resoldre els teus dubtes, demanar informaci\u00f3 sobre els nostres vins i vermut, realitzar comandes o consultar condicions per a professionals.\" \/>\n<meta name=\"robots\" content=\"index, follow, max-snippet:-1, max-image-preview:large, max-video-preview:-1\" \/>\n<link rel=\"canonical\" href=\"https:\/\/www.bodegasbellod.com\/ca\/contacte\/\" \/>\n<meta property=\"og:locale\" content=\"ca_ES\" \/>\n<meta property=\"og:type\" content=\"article\" \/>\n<meta property=\"og:title\" content=\"Contacte | Bodegas Bellod\" \/>\n<meta property=\"og:description\" content=\"Contacta amb Bodegas Bellod per resoldre els teus dubtes, demanar informaci\u00f3 sobre els nostres vins i vermut, realitzar comandes o consultar condicions per a professionals.\" \/>\n<meta property=\"og:url\" content=\"https:\/\/www.bodegasbellod.com\/ca\/contacte\/\" \/>\n<meta property=\"og:site_name\" content=\"Bodegas Bellod - Celler\" \/>\n<meta property=\"article:modified_time\" content=\"2026-05-05T13:54:14+00:00\" \/>\n<meta name=\"twitter:card\" content=\"summary_large_image\" \/>\n<script type=\"application\/ld+json\" class=\"yoast-schema-graph\">{\"@context\":\"https:\\\/\\\/schema.org\",\"@graph\":[{\"@type\":\"WebPage\",\"@id\":\"https:\\\/\\\/www.bodegasbellod.com\\\/ca\\\/contacte\\\/\",\"url\":\"https:\\\/\\\/www.bodegasbellod.com\\\/ca\\\/contacte\\\/\",\"name\":\"Contacte | Bodegas Bellod\",\"isPartOf\":{\"@id\":\"https:\\\/\\\/www.bodegasbellod.com\\\/ca\\\/#website\"},\"datePublished\":\"2026-01-30T13:02:35+00:00\",\"dateModified\":\"2026-05-05T13:54:14+00:00\",\"description\":\"Contacta amb Bodegas Bellod per resoldre els teus dubtes, demanar informaci\u00f3 sobre els nostres vins i vermut, realitzar comandes o consultar condicions per a professionals.\",\"breadcrumb\":{\"@id\":\"https:\\\/\\\/www.bodegasbellod.com\\\/ca\\\/contacte\\\/#breadcrumb\"},\"inLanguage\":\"ca\",\"potentialAction\":[{\"@type\":\"ReadAction\",\"target\":[\"https:\\\/\\\/www.bodegasbellod.com\\\/ca\\\/contacte\\\/\"]}]},{\"@type\":\"BreadcrumbList\",\"@id\":\"https:\\\/\\\/www.bodegasbellod.com\\\/ca\\\/contacte\\\/#breadcrumb\",\"itemListElement\":[{\"@type\":\"ListItem\",\"position\":1,\"name\":\"Portada\",\"item\":\"https:\\\/\\\/www.bodegasbellod.com\\\/ca\\\/\"},{\"@type\":\"ListItem\",\"position\":2,\"name\":\"Contacte\"}]},{\"@type\":\"WebSite\",\"@id\":\"https:\\\/\\\/www.bodegasbellod.com\\\/ca\\\/#website\",\"url\":\"https:\\\/\\\/www.bodegasbellod.com\\\/ca\\\/\",\"name\":\"Bodegas Bellod - Celler\",\"description\":\"Descubre Bodegas Bellod: vinos y vermuts elaborados con tradici\u00f3n y calidad. Compra online nuestros productos y conoce nuestra finca y bodega.\",\"potentialAction\":[{\"@type\":\"SearchAction\",\"target\":{\"@type\":\"EntryPoint\",\"urlTemplate\":\"https:\\\/\\\/www.bodegasbellod.com\\\/ca\\\/?s={search_term_string}\"},\"query-input\":{\"@type\":\"PropertyValueSpecification\",\"valueRequired\":true,\"valueName\":\"search_term_string\"}}],\"inLanguage\":\"ca\"}]}<\/script>\n<!-- \/ Yoast SEO plugin. -->","yoast_head_json":{"title":"Contacte | Bodegas Bellod","description":"Contacta amb Bodegas Bellod per resoldre els teus dubtes, demanar informaci\u00f3 sobre els nostres vins i vermut, realitzar comandes o consultar condicions per a professionals.","robots":{"index":"index","follow":"follow","max-snippet":"max-snippet:-1","max-image-preview":"max-image-preview:large","max-video-preview":"max-video-preview:-1"},"canonical":"https:\/\/www.bodegasbellod.com\/ca\/contacte\/","og_locale":"ca_ES","og_type":"article","og_title":"Contacte | Bodegas Bellod","og_description":"Contacta amb Bodegas Bellod per resoldre els teus dubtes, demanar informaci\u00f3 sobre els nostres vins i vermut, realitzar comandes o consultar condicions per a professionals.","og_url":"https:\/\/www.bodegasbellod.com\/ca\/contacte\/","og_site_name":"Bodegas Bellod - Celler","article_modified_time":"2026-05-05T13:54:14+00:00","twitter_card":"summary_large_image","schema":{"@context":"https:\/\/schema.org","@graph":[{"@type":"WebPage","@id":"https:\/\/www.bodegasbellod.com\/ca\/contacte\/","url":"https:\/\/www.bodegasbellod.com\/ca\/contacte\/","name":"Contacte | Bodegas Bellod","isPartOf":{"@id":"https:\/\/www.bodegasbellod.com\/ca\/#website"},"datePublished":"2026-01-30T13:02:35+00:00","dateModified":"2026-05-05T13:54:14+00:00","description":"Contacta amb Bodegas Bellod per resoldre els teus dubtes, demanar informaci\u00f3 sobre els nostres vins i vermut, realitzar comandes o consultar condicions per a professionals.","breadcrumb":{"@id":"https:\/\/www.bodegasbellod.com\/ca\/contacte\/#breadcrumb"},"inLanguage":"ca","potentialAction":[{"@type":"ReadAction","target":["https:\/\/www.bodegasbellod.com\/ca\/contacte\/"]}]},{"@type":"BreadcrumbList","@id":"https:\/\/www.bodegasbellod.com\/ca\/contacte\/#breadcrumb","itemListElement":[{"@type":"ListItem","position":1,"name":"Portada","item":"https:\/\/www.bodegasbellod.com\/ca\/"},{"@type":"ListItem","position":2,"name":"Contacte"}]},{"@type":"WebSite","@id":"https:\/\/www.bodegasbellod.com\/ca\/#website","url":"https:\/\/www.bodegasbellod.com\/ca\/","name":"Bodegas Bellod - Celler","description":"Descubre Bodegas Bellod: vinos y vermuts elaborados con tradici\u00f3n y calidad. Compra online nuestros productos y conoce nuestra finca y bodega.","potentialAction":[{"@type":"SearchAction","target":{"@type":"EntryPoint","urlTemplate":"https:\/\/www.bodegasbellod.com\/ca\/?s={search_term_string}"},"query-input":{"@type":"PropertyValueSpecification","valueRequired":true,"valueName":"search_term_string"}}],"inLanguage":"ca"}]}},"_links":{"self":[{"href":"https:\/\/www.bodegasbellod.com\/ca\/wp-json\/wp\/v2\/pages\/224596","targetHints":{"allow":["GET"]}}],"collection":[{"href":"https:\/\/www.bodegasbellod.com\/ca\/wp-json\/wp\/v2\/pages"}],"about":[{"href":"https:\/\/www.bodegasbellod.com\/ca\/wp-json\/wp\/v2\/types\/page"}],"author":[{"embeddable":true,"href":"https:\/\/www.bodegasbellod.com\/ca\/wp-json\/wp\/v2\/users\/1"}],"replies":[{"embeddable":true,"href":"https:\/\/www.bodegasbellod.com\/ca\/wp-json\/wp\/v2\/comments?post=224596"}],"version-history":[{"count":3,"href":"https:\/\/www.bodegasbellod.com\/ca\/wp-json\/wp\/v2\/pages\/224596\/revisions"}],"predecessor-version":[{"id":225271,"href":"https:\/\/www.bodegasbellod.com\/ca\/wp-json\/wp\/v2\/pages\/224596\/revisions\/225271"}],"wp:attachment":[{"href":"https:\/\/www.bodegasbellod.com\/ca\/wp-json\/wp\/v2\/media?parent=224596"}],"curies":[{"name":"wp","href":"https:\/\/api.w.org\/{rel}","templated":true}]}}