{"id":224675,"date":"2026-01-30T14:02:20","date_gmt":"2026-01-30T13:02:20","guid":{"rendered":"https:\/\/bb.agenciatelo.com\/blog\/"},"modified":"2026-05-05T15:54:40","modified_gmt":"2026-05-05T13:54:40","slug":"blog","status":"publish","type":"page","link":"https:\/\/www.bodegasbellod.com\/ca\/blog\/","title":{"rendered":"Blog"},"content":{"rendered":"<div class=\"et_pb_section_6 et_pb_section et_section_regular et_block_section preset--module--divi-section--1wdpdrg3fh\">\n<div class=\"et_pb_row_9 et_pb_row et_pb_gutters1 et_block_row preset--module--divi-row--9qlmxide1t\">\n<div class=\"et_pb_column_9 et_pb_column et_pb_column_4_4 et-last-child et_block_column et_pb_css_mix_blend_mode_passthrough\">\n<div class=\"et_pb_text_6 et_pb_text et_pb_bg_layout_light et_pb_module et_block_module preset--module--divi-text--default\"><div class=\"et_pb_text_inner\"><h1>Blog<\/h1>\n<\/div><\/div>\n<\/div>\n<\/div>\n<\/div>\n\n<div class=\"et_pb_section_7 et_pb_section et_section_regular et_flex_section preset--module--divi-section--vxy6h1vdjf\">\n<div class=\"et_pb_row_10 et_pb_row et_flex_row preset--module--divi-row--9qlmxide1t\">\n<div class=\"et_pb_column_10 et_pb_column et-last-child et_grid_column et_pb_css_mix_blend_mode_passthrough et_flex_column_24_24 et_flex_column_24_24_tablet et_flex_column_24_24_phone\"><div class=\"et_pb_group_0 et_pb_group et_pb_module et_flex_group et_pb_css_mix_blend_mode_passthrough\" data-loop-item=\"0\">\n<div class=\"et_pb_image_0 et_pb_image et_pb_module et_flex_module\"><span class=\"et_pb_image_wrap\"><img decoding=\"async\" src=\"https:\/\/www.bodegasbellod.com\/wp-content\/uploads\/2026\/05\/Fotos-Blog-_1__1-1024x901.webp\" alt=\"Fotos Blog 1 1\" title=\"Fotos Blog 1 1\" width=\"1024\" height=\"901\" srcset=\"https:\/\/www.bodegasbellod.com\/wp-content\/uploads\/2026\/05\/Fotos-Blog-_1__1-980x862.webp 980w, https:\/\/www.bodegasbellod.com\/wp-content\/uploads\/2026\/05\/Fotos-Blog-_1__1-480x422.webp 480w\" sizes=\"(min-width: 0px) and (max-width: 480px) 480px, (min-width: 481px) and (max-width: 980px) 980px, (min-width: 981px) 1024px, 100vw\" class=\"wp-image-225337\" \/><\/span><\/div>\n\n<div class=\"et_pb_text_7 et_pb_text et_pb_bg_layout_light et_pb_module et_flex_module preset--module--divi-text--default\"><div class=\"et_pb_text_inner\"><h2>El Vermujito conquereix la Barcelona Bridal Fashion Week 2026\ud83c\udf78<\/h2>\n<\/div>\n<div class=\"et_pb_text_8 et_pb_text et_pb_bg_layout_light et_pb_module et_flex_module preset--module--divi-text--default\"><div class=\"et_pb_text_inner\"><p>La Barcelona Bridal Fashion Week 2026 ha confirmat el seu lideratge mundial&#8230; i ha deixat un protagonista inesperat: el Vermujito. [&hellip;]<\/p>\n<\/div><\/div>\n<\/div>\n\n<div class=\"et_pb_module et_pb_button_module_wrapper et_pb_button_3_wrapper preset--module--divi-button--8vfoxkffb9_wrapper\"><a class=\"et_pb_button_3 et_pb_button et_pb_bg_layout_light et_pb_module et_flex_module preset--module--divi-button--8vfoxkffb9\" href=\"https:\/\/www.bodegasbellod.com\/ca\/el-vermujito-conquereix-la-barcelona-bridal-fashion-week-2026%f0%9f%8d%b8\/\">Llegir m\u00e9s<\/a><\/div>\n<\/div><div class=\"et_pb_group_1 et_pb_group et_pb_module et_flex_group et_pb_css_mix_blend_mode_passthrough\" data-loop-item=\"1\">\n<div class=\"et_pb_image_1 et_pb_image et_pb_module et_flex_module\"><span class=\"et_pb_image_wrap\"><img decoding=\"async\" src=\"https:\/\/www.bodegasbellod.com\/wp-content\/uploads\/2026\/05\/bww_2024_exhibition-3-1-1024x682.webp\" alt=\"bww 2024 exhibition 3 1\" title=\"bww 2024 exhibition 3 1\" width=\"1024\" height=\"682\" srcset=\"https:\/\/www.bodegasbellod.com\/wp-content\/uploads\/2026\/05\/bww_2024_exhibition-3-1-980x653.webp 980w, https:\/\/www.bodegasbellod.com\/wp-content\/uploads\/2026\/05\/bww_2024_exhibition-3-1-480x320.webp 480w\" sizes=\"(min-width: 0px) and (max-width: 480px) 480px, (min-width: 481px) and (max-width: 980px) 980px, (min-width: 981px) 1024px, 100vw\" class=\"wp-image-225311\" \/><\/span><\/div>\n\n<div class=\"et_pb_text_9 et_pb_text et_pb_bg_layout_light et_pb_module et_flex_module preset--module--divi-text--default\"><div class=\"et_pb_text_inner\"><h2>Barcelona Wine Week 2025 \u2013 El Vermujito conquista paladars\ud83d\udc96<\/h2>\n<\/div>\n<div class=\"et_pb_text_10 et_pb_text et_pb_bg_layout_light et_pb_module et_flex_module preset--module--divi-text--default\"><div class=\"et_pb_text_inner\"><p>Ens vam posar a la Barcelona Wine Week amb una missi\u00f3: sorprendre el m\u00f3n amb el nostre Vermujito. I ho [&hellip;]<\/p>\n<\/div><\/div>\n<\/div>\n\n<div class=\"et_pb_module et_pb_button_module_wrapper et_pb_button_4_wrapper preset--module--divi-button--8vfoxkffb9_wrapper\"><a class=\"et_pb_button_4 et_pb_button et_pb_bg_layout_light et_pb_module et_flex_module preset--module--divi-button--8vfoxkffb9\" href=\"https:\/\/www.bodegasbellod.com\/ca\/barcelona-wine-week-2025-el-vermujito-conquista-paladars%f0%9f%92%96\/\">Llegir m\u00e9s<\/a><\/div>\n<\/div><div class=\"et_pb_group_2 et_pb_group et_pb_module et_flex_group et_pb_css_mix_blend_mode_passthrough\" data-loop-item=\"2\">\n<div class=\"et_pb_image_2 et_pb_image et_pb_module et_flex_module\"><span class=\"et_pb_image_wrap\"><img decoding=\"async\" src=\"https:\/\/www.bodegasbellod.com\/wp-content\/uploads\/2026\/04\/Fotos-Blog-1-1024x901.webp\" alt=\"Fotos Blog\" title=\"Fotos Blog\" width=\"1024\" height=\"901\" srcset=\"https:\/\/www.bodegasbellod.com\/wp-content\/uploads\/2026\/04\/Fotos-Blog-1-980x862.webp 980w, https:\/\/www.bodegasbellod.com\/wp-content\/uploads\/2026\/04\/Fotos-Blog-1-480x422.webp 480w\" sizes=\"(min-width: 0px) and (max-width: 480px) 480px, (min-width: 481px) and (max-width: 980px) 980px, (min-width: 981px) 1024px, 100vw\" class=\"wp-image-225315\" \/><\/span><\/div>\n\n<div class=\"et_pb_text_11 et_pb_text et_pb_bg_layout_light et_pb_module et_flex_module preset--module--divi-text--default\"><div class=\"et_pb_text_inner\"><h2>Llancem el nostre nou Portal B2B! \ud83c\udf89<\/h2>\n<\/div>\n<div class=\"et_pb_text_12 et_pb_text et_pb_bg_layout_light et_pb_module et_flex_module preset--module--divi-text--default\"><div class=\"et_pb_text_inner\"><p>Ja est\u00e0 disponible el nostre portal exclusiu per a professionals del sector: distribu\u00efdors, restaurants, hotels, importadors\u2026 Acc\u00e9s personalitzat Demana el [&hellip;]<\/p>\n<\/div><\/div>\n<\/div>\n\n<div class=\"et_pb_module et_pb_button_module_wrapper et_pb_button_5_wrapper preset--module--divi-button--8vfoxkffb9_wrapper\"><a class=\"et_pb_button_5 et_pb_button et_pb_bg_layout_light et_pb_module et_flex_module preset--module--divi-button--8vfoxkffb9\" href=\"https:\/\/www.bodegasbellod.com\/ca\/llancem-el-nostre-nou-portal-b2b-%f0%9f%8e%89\/\">Llegir m\u00e9s<\/a><\/div>\n<\/div><div class=\"et_pb_group_3 et_pb_group et_pb_module et_flex_group et_pb_css_mix_blend_mode_passthrough\" data-loop-item=\"3\">\n<div class=\"et_pb_image_3 et_pb_image et_pb_module et_flex_module\"><span class=\"et_pb_image_wrap\"><img decoding=\"async\" src=\"https:\/\/www.bodegasbellod.com\/wp-content\/uploads\/2026\/04\/Fotos-Blog-_3_-1024x901.webp\" alt=\"Fotos Blog  3 \" title=\"Fotos Blog  3\" width=\"1024\" height=\"901\" srcset=\"https:\/\/www.bodegasbellod.com\/wp-content\/uploads\/2026\/04\/Fotos-Blog-_3_-980x862.webp 980w, https:\/\/www.bodegasbellod.com\/wp-content\/uploads\/2026\/04\/Fotos-Blog-_3_-480x422.webp 480w\" sizes=\"(min-width: 0px) and (max-width: 480px) 480px, (min-width: 481px) and (max-width: 980px) 980px, (min-width: 981px) 1024px, 100vw\" class=\"wp-image-224837\" \/><\/span><\/div>\n\n<div class=\"et_pb_text_13 et_pb_text et_pb_bg_layout_light et_pb_module et_flex_module preset--module--divi-text--default\"><div class=\"et_pb_text_inner\"><h2>Tardeo en el Mas del Nen \u2013 M\u00fasica, vi i bon rotllo<\/h2>\n<\/div>\n<div class=\"et_pb_text_14 et_pb_text et_pb_bg_layout_light et_pb_module et_flex_module preset--module--divi-text--default\"><div class=\"et_pb_text_inner\"><p>M\u00e9s de 60 persones ens van acompanyar al nostre primer Tardeo al Mas del Nen, una tarda m\u00e0gica amb m\u00fasica [&hellip;]<\/p>\n<\/div><\/div>\n<\/div>\n\n<div class=\"et_pb_module et_pb_button_module_wrapper et_pb_button_6_wrapper preset--module--divi-button--8vfoxkffb9_wrapper\"><a class=\"et_pb_button_6 et_pb_button et_pb_bg_layout_light et_pb_module et_flex_module preset--module--divi-button--8vfoxkffb9\" href=\"https:\/\/www.bodegasbellod.com\/ca\/tardeo-en-el-mas-del-nen-musica-vi-i-bon-rotllo\/\">Llegir m\u00e9s<\/a><\/div>\n<\/div><div class=\"et_pb_group_4 et_pb_group et_pb_module et_flex_group et_pb_css_mix_blend_mode_passthrough\" data-loop-item=\"4\">\n<div class=\"et_pb_image_4 et_pb_image et_pb_module et_flex_module\"><span class=\"et_pb_image_wrap\"><img decoding=\"async\" src=\"https:\/\/www.bodegasbellod.com\/wp-content\/uploads\/2026\/04\/Fotos-Blog-_1_-1024x901.webp\" alt=\"Fotos Blog  1 \" title=\"Fotos Blog  1\" width=\"1024\" height=\"901\" srcset=\"https:\/\/www.bodegasbellod.com\/wp-content\/uploads\/2026\/04\/Fotos-Blog-_1_-980x862.webp 980w, https:\/\/www.bodegasbellod.com\/wp-content\/uploads\/2026\/04\/Fotos-Blog-_1_-480x422.webp 480w\" sizes=\"(min-width: 0px) and (max-width: 480px) 480px, (min-width: 481px) and (max-width: 980px) 980px, (min-width: 981px) 1024px, 100vw\" class=\"wp-image-224836\" \/><\/span><\/div>\n\n<div class=\"et_pb_text_15 et_pb_text et_pb_bg_layout_light et_pb_module et_flex_module preset--module--divi-text--default\"><div class=\"et_pb_text_inner\"><h2>Fira Vermut &amp; Soul \u2013 Maig 2025<\/h2>\n<\/div>\n<div class=\"et_pb_text_16 et_pb_text et_pb_bg_layout_light et_pb_module et_flex_module preset--module--divi-text--default\"><div class=\"et_pb_text_inner\"><p>Vam tornar a Vermut &amp; Soul amb m\u00e9s for\u00e7a que mai. El nostre Vermut de Luna continua enamorant, el Vermujito [&hellip;]<\/p>\n<\/div><\/div>\n<\/div>\n\n<div class=\"et_pb_module et_pb_button_module_wrapper et_pb_button_7_wrapper preset--module--divi-button--8vfoxkffb9_wrapper\"><a class=\"et_pb_button_7 et_pb_button et_pb_bg_layout_light et_pb_module et_flex_module preset--module--divi-button--8vfoxkffb9\" href=\"https:\/\/www.bodegasbellod.com\/ca\/fira-vermut-soul-maig-2025\/\">Llegir m\u00e9s<\/a><\/div>\n<\/div><div class=\"et_pb_group_5 et_pb_group et_pb_module et_flex_group et_pb_css_mix_blend_mode_passthrough\" data-loop-item=\"5\">\n<div class=\"et_pb_image_5 et_pb_image et_pb_module et_flex_module\"><span class=\"et_pb_image_wrap\"><img decoding=\"async\" src=\"https:\/\/www.bodegasbellod.com\/wp-content\/uploads\/2026\/04\/Fotos-Blog-_2_-1024x901.webp\" alt=\"Fotos Blog  2 \" title=\"Fotos Blog  2\" width=\"1024\" height=\"901\" srcset=\"https:\/\/www.bodegasbellod.com\/wp-content\/uploads\/2026\/04\/Fotos-Blog-_2_-980x862.webp 980w, https:\/\/www.bodegasbellod.com\/wp-content\/uploads\/2026\/04\/Fotos-Blog-_2_-480x422.webp 480w\" sizes=\"(min-width: 0px) and (max-width: 480px) 480px, (min-width: 481px) and (max-width: 980px) 980px, (min-width: 981px) 1024px, 100vw\" class=\"wp-image-224838\" \/><\/span><\/div>\n\n<div class=\"et_pb_text_17 et_pb_text et_pb_bg_layout_light et_pb_module et_flex_module preset--module--divi-text--default\"><div class=\"et_pb_text_inner\"><h2>Primera visita d&#039;enoturisme \u2013 Obrim les nostres portes!<\/h2>\n<\/div>\n<div class=\"et_pb_text_18 et_pb_text et_pb_bg_layout_light et_pb_module et_flex_module preset--module--divi-text--default\"><div class=\"et_pb_text_inner\"><p>Per primera vegada, obrim les portes de la nostra bodega per compartir amb vosaltres la nostra manera de treballar. Els [&hellip;]<\/p>\n<\/div><\/div>\n<\/div>\n\n<div class=\"et_pb_module et_pb_button_module_wrapper et_pb_button_8_wrapper preset--module--divi-button--8vfoxkffb9_wrapper\"><a class=\"et_pb_button_8 et_pb_button et_pb_bg_layout_light et_pb_module et_flex_module preset--module--divi-button--8vfoxkffb9\" href=\"https:\/\/www.bodegasbellod.com\/ca\/primera-visita-denoturisme-obrim-les-nostres-portes\/\">Llegir m\u00e9s<\/a><\/div>\n<\/div><div class=\"et_pb_group_6 et_pb_group et_pb_module et_flex_group et_pb_css_mix_blend_mode_passthrough\" data-loop-item=\"6\">\n<div class=\"et_pb_image_6 et_pb_image et_pb_module et_flex_module\"><span class=\"et_pb_image_wrap\"><img decoding=\"async\" src=\"https:\/\/www.bodegasbellod.com\/wp-content\/uploads\/2026\/04\/Diseno-sin-titulo-1-1024x901.webp\" alt=\"Diseno sin titulo 1\" title=\"Diseno sin titulo 1\" width=\"1024\" height=\"901\" srcset=\"https:\/\/www.bodegasbellod.com\/wp-content\/uploads\/2026\/04\/Diseno-sin-titulo-1-980x862.webp 980w, https:\/\/www.bodegasbellod.com\/wp-content\/uploads\/2026\/04\/Diseno-sin-titulo-1-480x422.webp 480w\" sizes=\"(min-width: 0px) and (max-width: 480px) 480px, (min-width: 481px) and (max-width: 980px) 980px, (min-width: 981px) 1024px, 100vw\" class=\"wp-image-224828\" \/><\/span><\/div>\n\n<div class=\"et_pb_text_19 et_pb_text et_pb_bg_layout_light et_pb_module et_flex_module preset--module--divi-text--default\"><div class=\"et_pb_text_inner\"><h2>Llancem al m\u00f3n el nostre Vermujito!<\/h2>\n<\/div>\n<div class=\"et_pb_text_20 et_pb_text et_pb_bg_layout_light et_pb_module et_flex_module preset--module--divi-text--default\"><div class=\"et_pb_text_inner\"><p>Despr\u00e9s de m\u00e9s d\u2019un any de feina, proves i molta il\u00b7lusi\u00f3, per fi podem presentar-vos Vermujito! Una beguda innovadora i [&hellip;]<\/p>\n<\/div><\/div>\n<\/div>\n\n<div class=\"et_pb_module et_pb_button_module_wrapper et_pb_button_9_wrapper preset--module--divi-button--8vfoxkffb9_wrapper\"><a class=\"et_pb_button_9 et_pb_button et_pb_bg_layout_light et_pb_module et_flex_module preset--module--divi-button--8vfoxkffb9\" href=\"https:\/\/www.bodegasbellod.com\/ca\/llancem-al-mon-el-nostre-vermujito\/\">Llegir m\u00e9s<\/a><\/div>\n<\/div><div class=\"et_pb_group_7 et_pb_group et_pb_module et_flex_group et_pb_css_mix_blend_mode_passthrough\" data-loop-item=\"7\">\n<div class=\"et_pb_image_7 et_pb_image et_pb_module et_flex_module\"><span class=\"et_pb_image_wrap\"><img decoding=\"async\" src=\"https:\/\/www.bodegasbellod.com\/wp-content\/uploads\/2026\/04\/Diseno-sin-titulo-_1_-1024x901.webp\" alt=\"Diseno sin titulo  1 \" title=\"Diseno sin titulo  1\" width=\"1024\" height=\"901\" srcset=\"https:\/\/www.bodegasbellod.com\/wp-content\/uploads\/2026\/04\/Diseno-sin-titulo-_1_-980x862.webp 980w, https:\/\/www.bodegasbellod.com\/wp-content\/uploads\/2026\/04\/Diseno-sin-titulo-_1_-480x422.webp 480w\" sizes=\"(min-width: 0px) and (max-width: 480px) 480px, (min-width: 481px) and (max-width: 980px) 980px, (min-width: 981px) 1024px, 100vw\" class=\"wp-image-224831\" \/><\/span><\/div>\n\n<div class=\"et_pb_text_21 et_pb_text et_pb_bg_layout_light et_pb_module et_flex_module preset--module--divi-text--default\"><div class=\"et_pb_text_inner\"><h2>Fira Va de Vermut 2024 \u2013 Debut amb premi!<\/h2>\n<\/div>\n<div class=\"et_pb_text_22 et_pb_text et_pb_bg_layout_light et_pb_module et_flex_module preset--module--divi-text--default\"><div class=\"et_pb_text_inner\"><p>La nostra primera participaci\u00f3 a la Fira Va de Vermut a Sabadell va ser tot un \u00e8xit. Hi vam portar [&hellip;]<\/p>\n<\/div><\/div>\n<\/div>\n\n<div class=\"et_pb_module et_pb_button_module_wrapper et_pb_button_10_wrapper preset--module--divi-button--8vfoxkffb9_wrapper\"><a class=\"et_pb_button_10 et_pb_button et_pb_bg_layout_light et_pb_module et_flex_module preset--module--divi-button--8vfoxkffb9\" href=\"https:\/\/www.bodegasbellod.com\/ca\/fira-va-de-vermut-2024-debut-amb-premi\/\">Llegir m\u00e9s<\/a><\/div>\n<\/div><div class=\"et_pb_group_8 et_pb_group et-last-child et_pb_module et_flex_group et_pb_css_mix_blend_mode_passthrough\" data-loop-item=\"8\">\n<div class=\"et_pb_image_8 et_pb_image et_pb_module et_flex_module\"><span class=\"et_pb_image_wrap\"><img decoding=\"async\" src=\"https:\/\/www.bodegasbellod.com\/wp-content\/uploads\/2026\/04\/Fotos-Blog-1024x901.webp\" alt=\"Fotos Blog\" title=\"Fotos Blog\" width=\"1024\" height=\"901\" srcset=\"https:\/\/www.bodegasbellod.com\/wp-content\/uploads\/2026\/04\/Fotos-Blog-980x862.webp 980w, https:\/\/www.bodegasbellod.com\/wp-content\/uploads\/2026\/04\/Fotos-Blog-480x422.webp 480w\" sizes=\"(min-width: 0px) and (max-width: 480px) 480px, (min-width: 481px) and (max-width: 980px) 980px, (min-width: 981px) 1024px, 100vw\" class=\"wp-image-224835\" \/><\/span><\/div>\n\n<div class=\"et_pb_text_23 et_pb_text et_pb_bg_layout_light et_pb_module et_flex_module preset--module--divi-text--default\"><div class=\"et_pb_text_inner\"><h2>Fira Vermut &amp; Soul \u2013 Novembre 2024<\/h2>\n<\/div>\n<div class=\"et_pb_text_24 et_pb_text et_pb_bg_layout_light et_pb_module et_flex_module preset--module--divi-text--default\"><div class=\"et_pb_text_inner\"><p>Quina gran experi\u00e8ncia en la nostra primera edici\u00f3 de Vermut &amp; Soul! Malgrat el fred, la calor del p\u00fablic ens [&hellip;]<\/p>\n<\/div><\/div>\n<\/div>\n\n<div class=\"et_pb_module et_pb_button_module_wrapper et_pb_button_11_wrapper preset--module--divi-button--8vfoxkffb9_wrapper\"><a class=\"et_pb_button_11 et_pb_button et_pb_bg_layout_light et_pb_module et_flex_module preset--module--divi-button--8vfoxkffb9\" href=\"https:\/\/www.bodegasbellod.com\/ca\/fira-vermut-soul-novembre-2024\/\">Llegir m\u00e9s<\/a><\/div>\n<\/div><\/div>\n<\/div>\n\n<div class=\"et_pb_row_11 et_pb_row et_flex_row\">\n<div class=\"et_pb_column_11 et_pb_column et-last-child et_flex_column et_pb_css_mix_blend_mode_passthrough et_flex_column_24_24 et_flex_column_24_24_tablet et_flex_column_24_24_phone\">\n<div class=\"et_pb_post_nav_0 et_pb_posts_nav nav-single et_pb_module et_flex_module\"><\/div>\n<\/div>\n<\/div>\n<\/div>","protected":false},"excerpt":{"rendered":"","protected":false},"author":1,"featured_media":0,"parent":0,"menu_order":0,"comment_status":"closed","ping_status":"closed","template":"","meta":{"_acf_changed":false,"footnotes":""},"class_list":["post-224675","page","type-page","status-publish","hentry"],"acf":[],"yoast_head":"<!-- This site is optimized with the Yoast SEO plugin v27.5 - https:\/\/yoast.com\/product\/yoast-seo-wordpress\/ -->\n<title>Blog de vins | Cellers Bellod<\/title>\n<meta name=\"description\" content=\"Llegeix el blog de Bodegas Bellod i descobreix consells, novetats, curiositats sobre vins i vermut, receptes, maridatges i not\u00edcies del nostre celler.\" \/>\n<meta name=\"robots\" content=\"index, follow, max-snippet:-1, max-image-preview:large, max-video-preview:-1\" \/>\n<link rel=\"canonical\" href=\"https:\/\/www.bodegasbellod.com\/ca\/blog\/\" \/>\n<meta property=\"og:locale\" content=\"ca_ES\" \/>\n<meta property=\"og:type\" content=\"article\" \/>\n<meta property=\"og:title\" content=\"Blog de vins | Cellers Bellod\" \/>\n<meta property=\"og:description\" content=\"Llegeix el blog de Bodegas Bellod i descobreix consells, novetats, curiositats sobre vins i vermut, receptes, maridatges i not\u00edcies del nostre celler.\" \/>\n<meta property=\"og:url\" content=\"https:\/\/www.bodegasbellod.com\/ca\/blog\/\" \/>\n<meta property=\"og:site_name\" content=\"Bodegas Bellod - Celler\" \/>\n<meta property=\"article:modified_time\" content=\"2026-05-05T13:54:40+00:00\" \/>\n<meta name=\"twitter:card\" content=\"summary_large_image\" \/>\n<script type=\"application\/ld+json\" class=\"yoast-schema-graph\">{\"@context\":\"https:\\\/\\\/schema.org\",\"@graph\":[{\"@type\":\"WebPage\",\"@id\":\"https:\\\/\\\/www.bodegasbellod.com\\\/ca\\\/blog\\\/\",\"url\":\"https:\\\/\\\/www.bodegasbellod.com\\\/ca\\\/blog\\\/\",\"name\":\"Blog de vins | Cellers Bellod\",\"isPartOf\":{\"@id\":\"https:\\\/\\\/www.bodegasbellod.com\\\/ca\\\/#website\"},\"datePublished\":\"2026-01-30T13:02:20+00:00\",\"dateModified\":\"2026-05-05T13:54:40+00:00\",\"description\":\"Llegeix el blog de Bodegas Bellod i descobreix consells, novetats, curiositats sobre vins i vermut, receptes, maridatges i not\u00edcies del nostre celler.\",\"breadcrumb\":{\"@id\":\"https:\\\/\\\/www.bodegasbellod.com\\\/ca\\\/blog\\\/#breadcrumb\"},\"inLanguage\":\"ca\",\"potentialAction\":[{\"@type\":\"ReadAction\",\"target\":[\"https:\\\/\\\/www.bodegasbellod.com\\\/ca\\\/blog\\\/\"]}]},{\"@type\":\"BreadcrumbList\",\"@id\":\"https:\\\/\\\/www.bodegasbellod.com\\\/ca\\\/blog\\\/#breadcrumb\",\"itemListElement\":[{\"@type\":\"ListItem\",\"position\":1,\"name\":\"Portada\",\"item\":\"https:\\\/\\\/www.bodegasbellod.com\\\/ca\\\/\"},{\"@type\":\"ListItem\",\"position\":2,\"name\":\"Blog\"}]},{\"@type\":\"WebSite\",\"@id\":\"https:\\\/\\\/www.bodegasbellod.com\\\/ca\\\/#website\",\"url\":\"https:\\\/\\\/www.bodegasbellod.com\\\/ca\\\/\",\"name\":\"Bodegas Bellod - Celler\",\"description\":\"Descubre Bodegas Bellod: vinos y vermuts elaborados con tradici\u00f3n y calidad. Compra online nuestros productos y conoce nuestra finca y bodega.\",\"potentialAction\":[{\"@type\":\"SearchAction\",\"target\":{\"@type\":\"EntryPoint\",\"urlTemplate\":\"https:\\\/\\\/www.bodegasbellod.com\\\/ca\\\/?s={search_term_string}\"},\"query-input\":{\"@type\":\"PropertyValueSpecification\",\"valueRequired\":true,\"valueName\":\"search_term_string\"}}],\"inLanguage\":\"ca\"}]}<\/script>\n<!-- \/ Yoast SEO plugin. -->","yoast_head_json":{"title":"Blog de vins | Cellers Bellod","description":"Llegeix el blog de Bodegas Bellod i descobreix consells, novetats, curiositats sobre vins i vermut, receptes, maridatges i not\u00edcies del nostre celler.","robots":{"index":"index","follow":"follow","max-snippet":"max-snippet:-1","max-image-preview":"max-image-preview:large","max-video-preview":"max-video-preview:-1"},"canonical":"https:\/\/www.bodegasbellod.com\/ca\/blog\/","og_locale":"ca_ES","og_type":"article","og_title":"Blog de vins | Cellers Bellod","og_description":"Llegeix el blog de Bodegas Bellod i descobreix consells, novetats, curiositats sobre vins i vermut, receptes, maridatges i not\u00edcies del nostre celler.","og_url":"https:\/\/www.bodegasbellod.com\/ca\/blog\/","og_site_name":"Bodegas Bellod - Celler","article_modified_time":"2026-05-05T13:54:40+00:00","twitter_card":"summary_large_image","schema":{"@context":"https:\/\/schema.org","@graph":[{"@type":"WebPage","@id":"https:\/\/www.bodegasbellod.com\/ca\/blog\/","url":"https:\/\/www.bodegasbellod.com\/ca\/blog\/","name":"Blog de vins | Cellers Bellod","isPartOf":{"@id":"https:\/\/www.bodegasbellod.com\/ca\/#website"},"datePublished":"2026-01-30T13:02:20+00:00","dateModified":"2026-05-05T13:54:40+00:00","description":"Llegeix el blog de Bodegas Bellod i descobreix consells, novetats, curiositats sobre vins i vermut, receptes, maridatges i not\u00edcies del nostre celler.","breadcrumb":{"@id":"https:\/\/www.bodegasbellod.com\/ca\/blog\/#breadcrumb"},"inLanguage":"ca","potentialAction":[{"@type":"ReadAction","target":["https:\/\/www.bodegasbellod.com\/ca\/blog\/"]}]},{"@type":"BreadcrumbList","@id":"https:\/\/www.bodegasbellod.com\/ca\/blog\/#breadcrumb","itemListElement":[{"@type":"ListItem","position":1,"name":"Portada","item":"https:\/\/www.bodegasbellod.com\/ca\/"},{"@type":"ListItem","position":2,"name":"Blog"}]},{"@type":"WebSite","@id":"https:\/\/www.bodegasbellod.com\/ca\/#website","url":"https:\/\/www.bodegasbellod.com\/ca\/","name":"Bodegas Bellod - Celler","description":"Descubre Bodegas Bellod: vinos y vermuts elaborados con tradici\u00f3n y calidad. Compra online nuestros productos y conoce nuestra finca y bodega.","potentialAction":[{"@type":"SearchAction","target":{"@type":"EntryPoint","urlTemplate":"https:\/\/www.bodegasbellod.com\/ca\/?s={search_term_string}"},"query-input":{"@type":"PropertyValueSpecification","valueRequired":true,"valueName":"search_term_string"}}],"inLanguage":"ca"}]}},"_links":{"self":[{"href":"https:\/\/www.bodegasbellod.com\/ca\/wp-json\/wp\/v2\/pages\/224675","targetHints":{"allow":["GET"]}}],"collection":[{"href":"https:\/\/www.bodegasbellod.com\/ca\/wp-json\/wp\/v2\/pages"}],"about":[{"href":"https:\/\/www.bodegasbellod.com\/ca\/wp-json\/wp\/v2\/types\/page"}],"author":[{"embeddable":true,"href":"https:\/\/www.bodegasbellod.com\/ca\/wp-json\/wp\/v2\/users\/1"}],"replies":[{"embeddable":true,"href":"https:\/\/www.bodegasbellod.com\/ca\/wp-json\/wp\/v2\/comments?post=224675"}],"version-history":[{"count":5,"href":"https:\/\/www.bodegasbellod.com\/ca\/wp-json\/wp\/v2\/pages\/224675\/revisions"}],"predecessor-version":[{"id":225273,"href":"https:\/\/www.bodegasbellod.com\/ca\/wp-json\/wp\/v2\/pages\/224675\/revisions\/225273"}],"wp:attachment":[{"href":"https:\/\/www.bodegasbellod.com\/ca\/wp-json\/wp\/v2\/media?parent=224675"}],"curies":[{"name":"wp","href":"https:\/\/api.w.org\/{rel}","templated":true}]}}