{"id":224747,"date":"2026-02-03T13:31:49","date_gmt":"2026-02-03T12:31:49","guid":{"rendered":"https:\/\/bb.agenciatelo.com\/avis-legal\/"},"modified":"2026-05-05T15:54:53","modified_gmt":"2026-05-05T13:54:53","slug":"avis-legal","status":"publish","type":"page","link":"https:\/\/www.bodegasbellod.com\/ca\/avis-legal\/","title":{"rendered":"Av\u00eds legal"},"content":{"rendered":"<div class=\"et_pb_section_0 et_pb_section et_section_regular et_block_section preset--module--divi-section--1wdpdrg3fh\">\n<div class=\"et_pb_row_0 et_pb_row et_pb_gutters1 et_block_row preset--module--divi-row--9qlmxide1t\">\n<div class=\"et_pb_column_0 et_pb_column et_pb_column_4_4 et-last-child et_block_column et_pb_css_mix_blend_mode_passthrough\">\n<div class=\"et_pb_text_0 et_pb_text et_pb_bg_layout_light et_pb_module et_block_module preset--module--divi-text--default\"><div class=\"et_pb_text_inner\"><h1>Av\u00eds legal<\/h1>\n<\/div><\/div>\n<\/div>\n<\/div>\n<\/div>\n\n<div class=\"et_pb_section_1 et_pb_section et_section_regular et_flex_section\">\n<div class=\"et_pb_row_1 et_pb_row et_flex_row\">\n<div class=\"et_pb_column_1 et_pb_column et-last-child et_flex_column et_pb_css_mix_blend_mode_passthrough et_flex_column_24_24 et_flex_column_24_24_tablet et_flex_column_24_24_phone\">\n<div class=\"et_pb_text_1 et_pb_text et_pb_bg_layout_light et_pb_module et_flex_module preset--module--divi-text--default\"><div class=\"et_pb_text_inner\"><p><strong>Introducci\u00f3<\/strong><\/p>\n<p>En compliment de la Llei 34\/2002, de 11 de juliol, de Serveis de la Societat de la Informaci\u00f3 i de Comer\u00e7 Electr\u00f2nic (LSSI-CE), BODEGAS BELLOD SL informa que \u00e9s titular del lloc web. D\u2019acord amb l\u2019exig\u00e8ncia de l\u2019article 10 de la Llei esmentada, BODEGAS BELLOD SL informa de les dades seg\u00fcents: <\/p>\n<table border=\"1\">\n<tbody>\n<tr>\n<td><strong>RAZ\u00d3 SOCIAL<\/strong><\/td>\n<td>BODEGAS BELLOD SL<\/td>\n<\/tr>\n<tr>\n<td><strong>NIF<\/strong><\/td>\n<td>B08716300<\/td>\n<\/tr>\n<tr>\n<td><strong>DOMINI<\/strong><\/td>\n<td>WWW.BODEGASBELLOD.COM<\/td>\n<\/tr>\n<tr>\n<td><strong>ADRE\u00c7A POSTAL<\/strong><\/td>\n<td>AV. MARE DE DEU DE MONTSERRAT,6,08970 SANT JOAN DESPI (BARCELONA)<\/td>\n<\/tr>\n<tr>\n<td><strong>DIRECCI\u00d3 ELECTR\u00d2NICA<\/strong><\/td>\n<td>BODEGASBELLOD@BODEGASBELLOD.COM<\/td>\n<\/tr>\n<tr>\n<td><strong>TEL\u00c8FONS<\/strong><\/td>\n<td>933731151<\/td>\n<\/tr>\n<\/tbody>\n<\/table>\n<p><strong>Usuari i r\u00e8gim de responsabilitats<\/strong><\/p>\n<p>La navegaci\u00f3, l\u2019acc\u00e9s i l\u2019\u00fas pel lloc web de BODEGAS BELLOD SL confereix la condici\u00f3 d\u2019usuari.<\/p>\n<p>El lloc web de BODEGAS BELLOD SL proporciona una gran diversitat d\u2019informaci\u00f3, serveis i dades. L\u2019usuari assumeix la responsabilitat en l\u2019\u00fas correcte del lloc web. Aquesta responsabilitat s\u2019estendr\u00e0 a:  <\/p>\n<ul>\n<li>La veracitat i licitud de les informacions aportades per l\u2019usuari als formularis estesos per BODEGAS BELLOD SL per a l\u2019acc\u00e9s a certs continguts o serveis oferts pel web.<\/li>\n<li>L\u2019\u00fas de la informaci\u00f3, serveis i dades ofertes per BODEGAS BELLOD SL contr\u00e0riament al que disposen aquestes condicions, la Llei, la moral, els bons costums o l\u2019ordre p\u00fablic, o que de qualsevol altra manera puguin suposar lesi\u00f3 dels drets de tercers o del mateix funcionament del lloc web.<\/li>\n<\/ul>\n<p><strong>Pol\u00edtica d\u2019enlla\u00e7os i exempcions de responsabilitat<\/strong><\/p>\n<p>BODEGAS BELLOD SL no es fa responsable del contingut dels llocs web als quals l\u2019usuari pugui accedir a trav\u00e9s dels enlla\u00e7os establerts al seu lloc web, sempre que no tingui coneixement efectiu que l\u2019activitat o la informaci\u00f3 a qu\u00e8 remet o recomana \u00e9s il\u00b7l\u00edcita o que lesiona b\u00e9ns o drets d\u2019un tercer susceptibles d\u2019indemnitzaci\u00f3, o, en cas de tenir-lo,<\/p>\n<p>S\u2019entendr\u00e0 que BODEGAS BELLOD SL t\u00e9 el coneixement efectiu a qu\u00e8 es refereix el par\u00e0graf anterior quan un \u00f2rgan competent hagi declarat la il\u00b7licitud de les dades, ordenat la seva retirada o que se n\u2019impossibiliti l\u2019acc\u00e9s, o s\u2019hagu\u00e9s declarat l\u2019exist\u00e8ncia de la lesi\u00f3, i BODEGAS BELLOD SL conegu\u00e9s la corresponent resoluci\u00f3, sense perjudici dels procediments de detecci\u00f3 i virtut d\u2019acords voluntaris i altres mitjans de coneixement efectiu que es puguin establir.<\/p>\n<p>BODEGAS BELLOD SL declara haver adoptat totes les mesures necess\u00e0ries per evitar qualsevol dany als usuaris del vostre lloc web, que poguessin derivar-se de la navegaci\u00f3 pel seu lloc web. En conseq\u00fc\u00e8ncia, BODEGAS BELLOD SL no es fa responsable, en cap cas, dels danys eventuals que per la navegaci\u00f3 per Internet pogu\u00e9s patir l\u2019usuari. Aix\u00ed mateix, tampoc garantir\u00e0 la disponibilitat t\u00e8cnica, exactitud, veracitat, validesa o legalitat de llocs aliens a la seva propietat a qu\u00e8 es pugui accedir per mitj\u00e0 dels enlla\u00e7os.  <\/p>\n<p><strong>Modificacions<\/strong><\/p>\n<p>BODEGAS BELLOD SL es reserva la facultat d\u2019efectuar, en qualsevol moment i sense necessitat de previ av\u00eds, modificacions i actualitzacions de la informaci\u00f3 continguda al vostre lloc web oa la configuraci\u00f3 i presentaci\u00f3 d\u2019aquesta. A fi de mantenir actualitzada la informaci\u00f3 publicada, els continguts del mateix podran ser modificats, corregits, eliminats o afegits en qualsevol moment, per qualsevol forma admissible en dret. <\/p>\n<p><strong>Indicaci\u00f3 de preus<\/strong><\/p>\n<p>En cas que es mostrin preus de productes i\/o serveis, els indicats a la pantalla seran els vigents en cada moment. Els preus seran indicats en euros i tindran incorporat l\u2019impost sobre el valor afegit (IVA). En cas que l\u2019IVA no s\u2019incorpori al preu, s\u2019indicar\u00e0 de manera expressa i es permetr\u00e0 a l\u2019usuari visualitzar el preu final complet.  <\/p>\n<p>Aix\u00ed mateix, si fos aplicable qualsevol altre impost, aix\u00ed s\u2019indicaria, incloent-hi, si escau, l\u2019import dels increments o descomptes que siguin aplicables a l\u2019oferta i les despeses addicionals que puguin repercutir al consumidor o usuari.<\/p>\n<p><strong>Propietat intel\u00b7lectual i industrial<\/strong><\/p>\n<p>BODEGAS BELLOD SL per si mateixa o com a cession\u00e0ria, \u00e9s titular de tots els drets de propietat intel\u00b7lectual i industrial de la seva p\u00e0gina web, aix\u00ed com dels elements continguts a la mateixa (a t\u00edtol enunciatiu, imatges, so, \u00e0udio, v\u00eddeo, programari o textos; marques o logotips, combinacions de colors, estructura i disseny, selecci\u00f3 de materials usats, programes d\u2019ordinador necessaris per a BODEGES). SL. Seran, per tant, obres protegides com a propietat intel\u00b7lectual per l\u2019ordenament jur\u00eddic espanyol, i els seran aplicables tant la normativa espanyola i comunit\u00e0ria en aquest camp, com els tractats internacionals relatius a la mat\u00e8ria i subscrits per Espanya. <\/p>\n<p>Todos los derechos reservados. En virtud de lo dispuesto en la Ley de Propiedad Intelectual, quedan expresamente prohibidas la reproducci\u00f3n, la distribuci\u00f3n y la comunicaci\u00f3n p\u00fablica, incluida su modalidad de puesta a disposici\u00f3n, de la totalidad o parte de los contenidos de esta p\u00e1gina web, con fines comerciales, en cualquier soporte y por cualquier medio t\u00e9cnico, sin la autorizaci\u00f3n de BODEGAS BELLOD SL. <\/p>\n<p>L\u2019usuari es compromet a respectar els drets de propietat intel\u00b7lectual i industrial titularitat de BODEGAS BELLOD SL. Podreu visualitzar els elements del portal i fins i tot imprimir-los, copiar-los i emmagatzemar-los al disc dur del vostre ordinador o en qualsevol altre suport f\u00edsic sempre que sigui, \u00fanica i exclusivament, per al seu \u00fas personal i privat. L\u2019usuari haur\u00e0 d\u2019abstenir-se de suprimir, alterar, eludir o manipular qualsevol dispositiu de protecci\u00f3 o sistema de seguretat que estigu\u00e9s instal\u00b7lat a les p\u00e0gines de BODEGAS BELLOD SL.  <\/p>\n<p><strong>Certificat SSL (secure sockets layer)<\/strong><\/p>\n<p>El CERTIFICAT SSL proporciona autenticaci\u00f3, privadesa i seguretat de la informaci\u00f3 entre BODEGAS BELLOD SL i l\u2019usuari.<\/p>\n<p>BODEGAS BELLOD SL dispone de un certificado de seguridad que se utiliza por CERTIFICADO SSL para realizar conexiones seguras.<\/p>\n<p>BODEGAS BELLOD SL dispone de un certificado de seguridad que se utiliza por CERTIFICADO SSL para realizar conexiones seguras.<\/p>\n<p><strong>Accions legals, legislaci\u00f3 aplicable i jurisdicci\u00f3<\/strong><\/p>\n<p>Si l\u2019usuari vol presentar una reclamaci\u00f3, haur\u00e0 de contactar amb el correu electr\u00f2nic BODEGASBELLOD@BODEGASBELLOD.COM. Aix\u00ed mateix, BODEGAS BELLOD SL disposa de fulls oficials de reclamaci\u00f3 a disposici\u00f3 dels consumidors i usuaris. <\/p>\n<p>BODEGAS BELLOD SL es reserva la facultat de presentar les accions civils o penals que consideri oportunes per la utilitzaci\u00f3 indeguda del vostre lloc web i continguts, o per l\u2019incompliment de les presents condicions.<\/p>\n<p>La relaci\u00f3 entre l\u2019usuari i el prestador es regir\u00e0 per la normativa vigent i aplicable al territori espanyol. Si sorgeix qualsevol controv\u00e8rsia, les parts poden sotmetre els seus conflictes a arbitratge o acudir a la jurisdicci\u00f3 ordin\u00e0ria complint amb les normes sobre jurisdicci\u00f3 i compet\u00e8ncia sobre aix\u00f2. <\/p>\n<p>Els contractes subscrits per via electr\u00f2nica en qu\u00e8 intervingui com a part un consumidor, es presumiran subscrits al lloc on aquest tingui la seva resid\u00e8ncia habitual.<\/p>\n<p>Els contractes electr\u00f2nics entre empresaris o professionals, en defecte de pacte entre les parts, es presumiran subscrits al lloc on estigui establert el prestador de serveis.<\/p>\n<p>D\u2019acord amb el Reglament (UE) 524\/2013: La Comissi\u00f3 Europea, us informem que vost\u00e8 t\u00e9 dret a sol\u00b7licitar una resoluci\u00f3 extrajudicial de controv\u00e8rsies en mat\u00e8ria de consum mitjan\u00e7ant una plataforma de resoluci\u00f3 de litigis en l\u00ednia, la qual es troba disponible a l\u2019enlla\u00e7 seg\u00fcent: https:\/\/ec.europa.eu\/consumers\/odr\/<\/p>\n<\/div><\/div>\n<\/div>\n<\/div>\n<\/div>","protected":false},"excerpt":{"rendered":"","protected":false},"author":1,"featured_media":0,"parent":0,"menu_order":0,"comment_status":"closed","ping_status":"closed","template":"","meta":{"_acf_changed":false,"footnotes":""},"class_list":["post-224747","page","type-page","status-publish","hentry"],"acf":[],"yoast_head":"<!-- This site is optimized with the Yoast SEO plugin v27.5 - https:\/\/yoast.com\/product\/yoast-seo-wordpress\/ -->\n<title>Av\u00eds legal - Bodegas Bellod - Celler<\/title>\n<meta name=\"robots\" content=\"noindex, nofollow\" \/>\n<meta property=\"og:locale\" content=\"ca_ES\" \/>\n<meta property=\"og:type\" content=\"article\" \/>\n<meta property=\"og:title\" content=\"Av\u00eds legal - Bodegas Bellod - Celler\" \/>\n<meta property=\"og:url\" content=\"https:\/\/www.bodegasbellod.com\/ca\/avis-legal\/\" \/>\n<meta property=\"og:site_name\" content=\"Bodegas Bellod - Celler\" \/>\n<meta property=\"article:modified_time\" content=\"2026-05-05T13:54:53+00:00\" \/>\n<meta name=\"twitter:card\" content=\"summary_large_image\" \/>\n<script type=\"application\/ld+json\" class=\"yoast-schema-graph\">{\"@context\":\"https:\\\/\\\/schema.org\",\"@graph\":[{\"@type\":\"WebPage\",\"@id\":\"https:\\\/\\\/www.bodegasbellod.com\\\/ca\\\/avis-legal\\\/\",\"url\":\"https:\\\/\\\/www.bodegasbellod.com\\\/ca\\\/avis-legal\\\/\",\"name\":\"Av\u00eds legal - Bodegas Bellod - Celler\",\"isPartOf\":{\"@id\":\"https:\\\/\\\/www.bodegasbellod.com\\\/ca\\\/#website\"},\"datePublished\":\"2026-02-03T12:31:49+00:00\",\"dateModified\":\"2026-05-05T13:54:53+00:00\",\"breadcrumb\":{\"@id\":\"https:\\\/\\\/www.bodegasbellod.com\\\/ca\\\/avis-legal\\\/#breadcrumb\"},\"inLanguage\":\"ca\",\"potentialAction\":[{\"@type\":\"ReadAction\",\"target\":[\"https:\\\/\\\/www.bodegasbellod.com\\\/ca\\\/avis-legal\\\/\"]}]},{\"@type\":\"BreadcrumbList\",\"@id\":\"https:\\\/\\\/www.bodegasbellod.com\\\/ca\\\/avis-legal\\\/#breadcrumb\",\"itemListElement\":[{\"@type\":\"ListItem\",\"position\":1,\"name\":\"Portada\",\"item\":\"https:\\\/\\\/www.bodegasbellod.com\\\/ca\\\/\"},{\"@type\":\"ListItem\",\"position\":2,\"name\":\"Av\u00eds legal\"}]},{\"@type\":\"WebSite\",\"@id\":\"https:\\\/\\\/www.bodegasbellod.com\\\/ca\\\/#website\",\"url\":\"https:\\\/\\\/www.bodegasbellod.com\\\/ca\\\/\",\"name\":\"Bodegas Bellod - Celler\",\"description\":\"Descubre Bodegas Bellod: vinos y vermuts elaborados con tradici\u00f3n y calidad. Compra online nuestros productos y conoce nuestra finca y bodega.\",\"potentialAction\":[{\"@type\":\"SearchAction\",\"target\":{\"@type\":\"EntryPoint\",\"urlTemplate\":\"https:\\\/\\\/www.bodegasbellod.com\\\/ca\\\/?s={search_term_string}\"},\"query-input\":{\"@type\":\"PropertyValueSpecification\",\"valueRequired\":true,\"valueName\":\"search_term_string\"}}],\"inLanguage\":\"ca\"}]}<\/script>\n<!-- \/ Yoast SEO plugin. -->","yoast_head_json":{"title":"Av\u00eds legal - Bodegas Bellod - Celler","robots":{"index":"noindex","follow":"nofollow"},"og_locale":"ca_ES","og_type":"article","og_title":"Av\u00eds legal - Bodegas Bellod - Celler","og_url":"https:\/\/www.bodegasbellod.com\/ca\/avis-legal\/","og_site_name":"Bodegas Bellod - Celler","article_modified_time":"2026-05-05T13:54:53+00:00","twitter_card":"summary_large_image","schema":{"@context":"https:\/\/schema.org","@graph":[{"@type":"WebPage","@id":"https:\/\/www.bodegasbellod.com\/ca\/avis-legal\/","url":"https:\/\/www.bodegasbellod.com\/ca\/avis-legal\/","name":"Av\u00eds legal - Bodegas Bellod - Celler","isPartOf":{"@id":"https:\/\/www.bodegasbellod.com\/ca\/#website"},"datePublished":"2026-02-03T12:31:49+00:00","dateModified":"2026-05-05T13:54:53+00:00","breadcrumb":{"@id":"https:\/\/www.bodegasbellod.com\/ca\/avis-legal\/#breadcrumb"},"inLanguage":"ca","potentialAction":[{"@type":"ReadAction","target":["https:\/\/www.bodegasbellod.com\/ca\/avis-legal\/"]}]},{"@type":"BreadcrumbList","@id":"https:\/\/www.bodegasbellod.com\/ca\/avis-legal\/#breadcrumb","itemListElement":[{"@type":"ListItem","position":1,"name":"Portada","item":"https:\/\/www.bodegasbellod.com\/ca\/"},{"@type":"ListItem","position":2,"name":"Av\u00eds legal"}]},{"@type":"WebSite","@id":"https:\/\/www.bodegasbellod.com\/ca\/#website","url":"https:\/\/www.bodegasbellod.com\/ca\/","name":"Bodegas Bellod - Celler","description":"Descubre Bodegas Bellod: vinos y vermuts elaborados con tradici\u00f3n y calidad. Compra online nuestros productos y conoce nuestra finca y bodega.","potentialAction":[{"@type":"SearchAction","target":{"@type":"EntryPoint","urlTemplate":"https:\/\/www.bodegasbellod.com\/ca\/?s={search_term_string}"},"query-input":{"@type":"PropertyValueSpecification","valueRequired":true,"valueName":"search_term_string"}}],"inLanguage":"ca"}]}},"_links":{"self":[{"href":"https:\/\/www.bodegasbellod.com\/ca\/wp-json\/wp\/v2\/pages\/224747","targetHints":{"allow":["GET"]}}],"collection":[{"href":"https:\/\/www.bodegasbellod.com\/ca\/wp-json\/wp\/v2\/pages"}],"about":[{"href":"https:\/\/www.bodegasbellod.com\/ca\/wp-json\/wp\/v2\/types\/page"}],"author":[{"embeddable":true,"href":"https:\/\/www.bodegasbellod.com\/ca\/wp-json\/wp\/v2\/users\/1"}],"replies":[{"embeddable":true,"href":"https:\/\/www.bodegasbellod.com\/ca\/wp-json\/wp\/v2\/comments?post=224747"}],"version-history":[{"count":3,"href":"https:\/\/www.bodegasbellod.com\/ca\/wp-json\/wp\/v2\/pages\/224747\/revisions"}],"predecessor-version":[{"id":225276,"href":"https:\/\/www.bodegasbellod.com\/ca\/wp-json\/wp\/v2\/pages\/224747\/revisions\/225276"}],"wp:attachment":[{"href":"https:\/\/www.bodegasbellod.com\/ca\/wp-json\/wp\/v2\/media?parent=224747"}],"curies":[{"name":"wp","href":"https:\/\/api.w.org\/{rel}","templated":true}]}}