{"id":224766,"date":"2026-02-03T13:33:00","date_gmt":"2026-02-03T12:33:00","guid":{"rendered":"https:\/\/bb.agenciatelo.com\/condicions-de-contractacio\/"},"modified":"2026-05-05T17:44:26","modified_gmt":"2026-05-05T15:44:26","slug":"condicions-de-contractacio","status":"publish","type":"page","link":"https:\/\/www.bodegasbellod.com\/ca\/condicions-de-contractacio\/","title":{"rendered":"Condicions de contractaci\u00f3"},"content":{"rendered":"<div class=\"et_pb_section_0 et_pb_section et_section_regular et_block_section preset--module--divi-section--1wdpdrg3fh\">\n<div class=\"et_pb_row_0 et_pb_row et_pb_gutters1 et_block_row preset--module--divi-row--9qlmxide1t\">\n<div class=\"et_pb_column_0 et_pb_column et_pb_column_4_4 et-last-child et_block_column et_pb_css_mix_blend_mode_passthrough\">\n<div class=\"et_pb_text_0 et_pb_text et_pb_bg_layout_light et_pb_module et_block_module preset--module--divi-text--default\"><div class=\"et_pb_text_inner\"><h1>Condicions de contractaci\u00f3<\/h1>\n<\/div><\/div>\n<\/div>\n<\/div>\n<\/div>\n\n<div class=\"et_pb_section_1 et_pb_section et_section_regular et_flex_section\">\n<div class=\"et_pb_row_1 et_pb_row et_flex_row\">\n<div class=\"et_pb_column_1 et_pb_column et-last-child et_flex_column et_pb_css_mix_blend_mode_passthrough et_flex_column_24_24 et_flex_column_24_24_tablet et_flex_column_24_24_phone\">\n<div class=\"et_pb_text_1 et_pb_text et_pb_bg_layout_light et_pb_module et_flex_module preset--module--divi-text--default\"><div class=\"et_pb_text_inner\"><p><strong>CONDICIONS GENERALS DE CONTRACTACI\u00d3 \u2013 PRODUCTES de WWW.BODEGASBELLOD.COM<\/strong><\/p>\n<p><strong>Informaci\u00f3 pr\u00e8via al proc\u00e9s contractual<\/strong><\/p>\n<p>La present p\u00e0gina web WWW.BODEGASBELLOD.COM \u00e9s propietat de BODEGAS BELLOD SL amb NIF B08716300 i adre\u00e7a fiscal a AV. MARE DE DEU DE MONTSERRAT,6,08970 SANT JOAN DESPI(BARCELONA).<\/p>\n<p>Les condicions Generals de Contractaci\u00f3 regulen la relaci\u00f3 de venda a dist\u00e0ncia entre BODEGAS BELLOD SL i l\u2019usuari o client, d\u2019acord amb les estipulacions legals, en especial, la Llei 7\/1998, de 13 d\u2019abril, sobre Condicions Generals de Contractaci\u00f3, la Llei 3\/2014, de 27 de mar\u00e7 per la qual es modifica el text ref\u00f3s de la Llei de 3\/2018, de 5 de desembre, de Protecci\u00f3 de Dades Personals i garantia dels drets digitals, Reglament General de Protecci\u00f3 de Dades (UE) 2016\/679, la Llei 7\/1996, de 15 de gener d\u2019Ordenaci\u00f3 del Comer\u00e7 Minorista, i la Llei 34\/2002 d\u201911 de juliol, de.<\/p>\n<p>BODEGAS BELLOD SL es reserva la facultat, a realitzar les modificacions que consideri oportunes, sense av\u00eds previ, a les Condicions Generals. Aquestes modificacions podran realitzar-se, a trav\u00e9s dels seus llocs web, per qualsevol forma admissible en dret i seran de compliment obligat durant el temps en qu\u00e8 es trobin publicades a la web i fins que no siguin modificades v\u00e0lidament per altres posteriors. Aix\u00f2 no obstant, BODEGAS BELLOD SL es reserva el dret d\u2019aplicar, en determinats casos, unes Condicions Particulars de Contractaci\u00f3 amb prefer\u00e8ncia a les presents Condicions Generals quan ho consideri oport\u00fa, anunciant-les en temps i forma oportuns. Els usuaris estaran subjectes a les Condicions vigents en el moment que efectu\u00ef cada contractaci\u00f3.   <\/p>\n<p>L\u2019objecte de la p\u00e0gina web \u00e9s la venda de vins i begudes alcoh\u00f2liques.<\/p>\n<p>La durada del contracte quedar\u00e0 vinculada al lliurament del producte sense perjudici del dret de desistiment.<\/p>\n<p>Com a usuari o client declara expressament con\u00e8ixer, entendre i acceptar les condicions d\u00fas i aquestes condicions generals de contractaci\u00f3. De la mateixa manera, declara ser major d\u2019edat, o menor emancipat, i tenir la capacitat jur\u00eddica i d\u2019obrar necess\u00e0ries per accedir als llocs web de BODEGAS BELLOD SL i la contractaci\u00f3 per mitj\u00e0 d\u2019aquests. <\/p>\n<p>La Comissi\u00f3 Europea facilita una plataforma de resoluci\u00f3 de litigis en l\u00ednia que es troba disponible al seg\u00fcent enlla\u00e7: http:\/\/ec.europa.eu\/consumers\/odr\/<\/p>\n<p>Per adquirir els nostres productes, podeu adre\u00e7ar-vos a l\u2019apartat corresponent de la nostra botiga online.<\/p>\n<p>Podr\u00e0 registrar-se com a usuari de la web per realitzar la compra en l\u00ednia a l\u2019apartat corresponent a la pr\u00f2pia web. De conformitat amb la normativa aplicable i vigent en mat\u00e8ria de protecci\u00f3 de dades, BODEGAS BELLOD SL informa als usuaris que les dades personals demanades durant el proc\u00e9s de registre i posterior compra, seran incorporades al sistema de tractament titularitat de BODEGAS BELLOD SL, amb la finalitat de tramitar aquestes accions per part de l\u2019usuari i gestionar actuacions posteriors derivades de les mateixes. <\/p>\n<p>D\u2019acord amb els drets que us confereix la normativa vigent en protecci\u00f3 de dades podreu exercir els drets d\u2019acc\u00e9s, rectificaci\u00f3, limitaci\u00f3 de tractament, supressi\u00f3, portabilitat i oposici\u00f3 al tractament de les vostres dades de car\u00e0cter personal aix\u00ed com del consentiment prestat per al seu tractament, dirigint la vostra petici\u00f3 a l\u2019adre\u00e7a esmentada m\u00e9s amunt o al correu electr\u00f2nic BODEGASBELLOD@BODEGASBELL Podeu adre\u00e7ar-vos a l\u2019Autoritat de Control competent per presentar la reclamaci\u00f3 que considereu oportuna (Per a m\u00e9s informaci\u00f3 adreceu-vos a la pol\u00edtica de privadesa de la p\u00e0gina web). <\/p>\n<p>Finalitzat el proc\u00e9s de compra el client rebr\u00e0 una confirmaci\u00f3 del mateix per correu electr\u00f2nic. \u00c9s imprescindible que durant el proc\u00e9s de compra lusuari indiqui un correu electr\u00f2nic v\u00e0lid. Si en 24 hores des de la finalitzaci\u00f3 de la comanda no rebeu la confirmaci\u00f3, poseu-vos en contacte amb BODEGAS BELLOD SL al tel\u00e8fon d\u2019atenci\u00f3 al client 933731151 o mitjan\u00e7ant el correu electr\u00f2nic BODEGASBELLOD@BODEGASBELLOD.COM.<\/p>\n<p>Tots els continguts de la web s\u00f3n en espanyol.<\/p>\n<p>El client, en rebre el producte a l\u2019adre\u00e7a de lliurament facilitada, rebr\u00e0 una factura o c\u00f2pia de la comanda. S\u2019oferir\u00e0 l\u2019opci\u00f3 a l\u2019usuari de disposar de factura electr\u00f2nica mitjan\u00e7ant el consentiment previ. L\u2019acceptaci\u00f3 d\u2019aquest mitj\u00e0 de facturaci\u00f3 implicar\u00e0 l\u2019enviament de la factura de manera electr\u00f2nica tenint els efectes legals oportuns. Les factures seg\u00fcents es facilitaran per aquest mitj\u00e0 si no s\u2019indiqu\u00e9s el contrari. Es podr\u00e0 en tot cas revocar el consentiment prestat a la recepci\u00f3 de factura electr\u00f2nica en qualsevol moment enviant un correu electr\u00f2nic a l\u2019adre\u00e7a de correu electr\u00f2nic indicada, a aquest efecte, m\u00e9s amunt.    <\/p>\n<p><strong>Oferta i Vig\u00e8ncia<\/strong><\/p>\n<p>En cas d\u2019un producte en oferta, sempre s\u2019indicar\u00e0 juntament amb les caracter\u00edstiques essencials, el preu d\u2019oferta i la validesa d\u2019aquesta.<\/p>\n<p>En compliment de la normativa vigent BODEGAS BELLOD SL ofereix informaci\u00f3 sobre tots els articles a la venda, les seves caracter\u00edstiques i preus. Tot i aix\u00f2, BODEGAS BELLOD SL es reserva el dret a retirar, reposar o canviar els productes que s\u2019ofereixen a trav\u00e9s de la seva p\u00e0gina web, mitjan\u00e7ant el simple canvi en el contingut de la mateixa. D\u2019aquesta manera, els productes oferts a cada moment a trav\u00e9s del web es regiran per les Condicions Generals de Contractaci\u00f3 vigents en cada cas. Aix\u00ed mateix, BODEGAS BELLOD SL tindr\u00e0 la facultat de deixar d\u2019oferir, sense av\u00eds previ i en qualsevol moment, l\u2019acc\u00e9s als productes esmentats.   <\/p>\n<p><strong>Caracter\u00edstiques essencials dels productes<\/strong><\/p>\n<p>Els productes oferts a la nostra botiga online incorporen una fotografia i les seves caracter\u00edstiques essencials, aquesta \u00e9s la informaci\u00f3 obtinguda del propi fabricant. En les caracter\u00edstiques del producte s\u2019identifiquen els colors en qu\u00e8 es troba disponible el producte. <\/p>\n<p><strong>Garanties<\/strong><\/p>\n<p>BODEGAS BELLOD SL respon de les faltes de conformitat de tots els productes oferts a la p\u00e0gina web durant el termini de tres anys des del lliurament.<\/p>\n<p>De conformitat amb la Llei General per a la Defensa dels Consumidors i Usuaris, els defectes que apareguin durant els 2 primers anys en productes nous s\u2019ent\u00e9n que s\u00f3n d\u2019origen, \u00e9s a dir, que ja existien al moment del lliurament, llevat que l\u2019empresa pugui demostrar que el defecte ha estat provocat per un mal \u00fas.<\/p>\n<p>BODEGAS BELLOD SL disposa d\u2019un servei de postvenda durant el termini indicat. El client podr\u00e0 adre\u00e7ar-se a l\u2019establiment de BODEGAS BELLOD SL, al servei de postvenda, per correu electr\u00f2nic a BODEGASBELLOD@BODEGASBELLOD.COM o als punts establerts pel propi prove\u00efdor. En cas de dubte podeu adre\u00e7ar-vos al tel\u00e8fon d\u2019atenci\u00f3 al client 933731151 o mitjan\u00e7ant el correu electr\u00f2nic BODEGASBELLOD@BODEGASBELLOD.COM.<\/p>\n<p>Quan es tracti de productes peribles i els rebi en mal estat o caducats poseu-vos en contacte a trav\u00e9s de BODEGASBELLOD@BODEGASBELLOD.COM. Ser\u00e0 essencial seguir les instruccions de conservaci\u00f3 determinades al propi env\u00e0s, a m\u00e9s d\u2019observar la data de caducitat, conservant en qualsevol cas el justificant de compra. <\/p>\n<p><strong>Preus<\/strong><\/p>\n<p>Tots els productes indiquen el preu de venda en euros i inclouen l\u2019impost sobre el valor afegit (IVA).<\/p>\n<p>Si fos aplicable qualsevol altre impost, aix\u00ed s\u2019indicaria (IGIC o IPSI).<\/p>\n<p><strong>Destinacions d\u2019enviament<\/strong><\/p>\n<p>CELLERS BELLOD SL realitza enviaments a:<br \/>-Pen\u00ednsula<\/p>\n<p><strong>Despeses de lliurament i transport<\/strong><\/p>\n<p>BODEGAS BELLOD SL cobrar\u00e0, en concepte de costos d\u2019enviament, el seg\u00fcent: a partir de 5,95, depenent del pes de la comanda.<br \/>El repartiment de productes es fa a trav\u00e9s de correus i correus express.<br \/>Els costos d\u2019enviament seran gratu\u00efts en compres d\u2019import superior a 98\u20ac<br \/>A les destinacions seg\u00fcents: Pen\u00ednsula . BODEGAS BELLOD SL no es fa c\u00e0rrec de possibles c\u00e0rrecs duaners. <\/p>\n<p><strong>Formes de pagament<\/strong><\/p>\n<p>El client podr\u00e0 abonar l\u2019import de la comanda optant per qualsevol de les formes seg\u00fcents. Durant el proc\u00e9s de compra haureu d\u2019indicar la vostra elecci\u00f3: <\/p>\n<ul>\n<li>Targeta de cr\u00e8dit VISA o MASTERCARD<\/li>\n<\/ul>\n<p>Totes les operacions que impliquen la transmissi\u00f3 de dades personals o banc\u00e0ries es fan utilitzant un entorn segur, un servidor basat en la tecnologia de seguretat est\u00e0ndard SSL (Secure Sockets Layer). Tota la informaci\u00f3 que ens transmeti viatja xifrada a trav\u00e9s de la xarxa. <\/p>\n<p>Aix\u00ed mateix les dades sobre la seva targeta de cr\u00e8dit s\u00f3n introdu\u00efdes directament a la p\u00e0gina del banc, al TPV (Terminal Punt de venda del Banc) i no s\u00f3n introdu\u00efdes ni registrades a cap servidor de BODEGAS BELLOD SL.<\/p>\n<p>En pagar amb targeta VISA o MASTERCARD se us sol\u00b7licitaran sempre les dades seg\u00fcents: el n\u00famero de targeta, la data de caducitat, i un Codi de Validaci\u00f3 que coincideix amb les tres \u00faltimes xifres del n\u00famero impr\u00e8s en cursiva al revers de la targeta VISA o MASTERCARD, oferint, aix\u00ed, m\u00e9s garanties sobre la seguretat de la transacci\u00f3.<\/p>\n<p>Aquesta forma de pagament \u00e9s v\u00e0lida \u00fanicament a la web.<\/p>\n<p>Quan l\u2019import d\u2019una compra hagi estat carregat fraudulentament o indegudament utilitzant el n\u00famero d\u2019una targeta de pagament, el titular pot exigir l\u2019anul\u00b7laci\u00f3 immediata del c\u00e0rrec. En aquest cas, les corresponents anotacions de c\u00e0rrec i reabonament en els comptes del prove\u00efdor i del titular s\u2019han de fer com m\u00e9s aviat millor. <\/p>\n<p>No obstant aix\u00f2, si la compra hagu\u00e9s estat efectivament realitzada pel titular de la targeta i l\u2019exig\u00e8ncia de devoluci\u00f3 no fos conseq\u00fc\u00e8ncia d\u2019haver exercit el dret de desistiment o de resoluci\u00f3 i, per tant, hagu\u00e9s exigit indegudament l\u2019anul\u00b7laci\u00f3 del c\u00e0rrec corresponent, aquell quedar\u00e0 obligat davant de BODEGAS BELLOD SL al rescabalament dels danys i perjudicis ocasionats.<\/p>\n<ul>\n<li>Transfer\u00e8ncia Banc\u00e0ria<\/li>\n<\/ul>\n<p>En seleccionar la transfer\u00e8ncia banc\u00e0ria rebr\u00e0, juntament amb la confirmaci\u00f3 de la comanda, un e-mail amb les dades banc\u00e0ries de BODEGAS BELLOD SL.<\/p>\n<p>\u00c9s molt important que en realitzar la transfer\u00e8ncia indiqui a l\u2019assumpte el n\u00famero de comanda, aix\u00ed com el seu nom i cognoms, i realitzi la transfer\u00e8ncia dins dels 3 dies posteriors a la data de confirmaci\u00f3 de la comanda per poder-la validar.<\/p>\n<p>Si ho desitgeu, podeu enviar-nos el justificant de la per e-mail BODEGASBELLOD@BODEGASBELLOD.COM. Per\u00f2 en qualsevol cas, la comanda no es considera efectiva fins que el nostre departament d\u2019administraci\u00f3 no tingui confirmaci\u00f3 banc\u00e0ria de la transfer\u00e8ncia. <\/p>\n<p>Recordeu-li que el pagament s\u2019ha de fer a EUROS i que totes les eventuals comissions de canvi i banc\u00e0ries corren pel seu compte.<\/p>\n<p>En el cas de transfer\u00e8ncies banc\u00e0ries realitzades des de fora d\u2019Espanya, \u00e9s molt important que en ordenar la transfer\u00e8ncia comuniqui sempre al banc fer-se c\u00e0rrec de les comissions en origen, aquelles comissions banc\u00e0ries i despeses corresponents a la seva entitat. Si no \u00e9s aix\u00ed, BODEGAS BELLOD SL podria paralitzar l\u2019enviament de la seva comanda en no rebre\u2019n la quantitat \u00edntegra. <\/p>\n<p>Les possibles comissions de canvi i banc\u00e0ries s\u00f3n a c\u00e0rrec del client.<\/p>\n<ul>\n<li>PayPal<\/li>\n<\/ul>\n<p>Permet enviar pagaments a Internet de manera segura i c\u00f2moda. La xarxa de PayPal es basa en la infraestructura financera existent de comptes bancaris i targetes de cr\u00e8dit per crear una soluci\u00f3 global de pagament en temps real. PayPal ofereix un servei especialment pensat per a aquells a qui no satisfan els mecanismes de pagament tradicionals.<br \/>M\u00e9s informaci\u00f3 a PayPal: http:\/\/www.paypal.com.  <\/p>\n<p><strong>Execuci\u00f3 de la comanda<\/strong><\/p>\n<p>BODEGAS BELLOD SL es compromet a lliurar la comanda en el seg\u00fcent termini: entre 24 i 48 hores, depenent de si est\u00e0 en estoc.<\/p>\n<p>La disponibilitat dels productes oferts per BODEGAS BELLOD SL pot variar en funci\u00f3 de la demanda dels clients. Tot i que BODEGAS BELLOD SL actualitza l\u2019estoc peri\u00f2dicament, el producte sol\u00b7licitat pel client podria estar esgotat en aquell moment. <\/p>\n<p>En cas de no execuci\u00f3 per indisponibilitat, BODEGAS BELLOD SL procedir\u00e0 de la manera seg\u00fcent: Es contactar\u00e0 amb el client, i se li donar\u00e0 l\u2019opci\u00f3 de canviar el producte, esperar que estigui disponible o reemborsar-li els diners.<\/p>\n<p><strong>Dret de desistiment<\/strong><\/p>\n<p>El comprador disposar\u00e0 d\u2019un termini de catorze dies naturals per desistir, a partir del dia que el client rebi el producte, sense cap penalitzaci\u00f3 i sense indicaci\u00f3 dels motius.<\/p>\n<p>El client haur\u00e0 de tornar els productes objecte de desistiment sense cap demora indeguda i en qualsevol cas com a molt tard en el termini de 14 dies naturals a partir de la data en qu\u00e8 es comuniqui la seva decisi\u00f3 de desistiment.<\/p>\n<p>La devoluci\u00f3 de l\u2019import corresponent al desistiment es realitzar\u00e0 en un termini de 14 dies naturals des de la data en qu\u00e8 hagi estat comunicada efectivament i inequ\u00edvocament la decisi\u00f3 de desistiment del contracte, i sempre que s\u2019hagin rebut pr\u00e8viament els b\u00e9ns o productes objecte de desistiment o fins que el consumidor i usuari hagi presentat una prova de la devoluci\u00f3 dels b\u00e9ns, segons quina condici\u00f3 es compleixi el primer. dels b\u00e9ns esmentats o fins que el Client acrediti la devoluci\u00f3 dels b\u00e9ns. <\/p>\n<p>S\u2019informa a l\u2019usuari que nom\u00e9s ser\u00e0 responsable de la disminuci\u00f3 de valor dels b\u00e9ns resultant d\u2019una manipulaci\u00f3 diferent a la necess\u00e0ria per establir-ne la naturalesa, les caracter\u00edstiques o el funcionament.<\/p>\n<p>L\u2019exercici del dret de desistiment haur\u00e0 de realitzar-se mitjan\u00e7ant notificaci\u00f3 a trav\u00e9s comunicaci\u00f3 telef\u00f2nica a 933 731 151, adre\u00e7ant-se al correu electr\u00f2nic BODEGASBELLOD@BODEGASBELLOD.COM, remetent el seu escrit a la nostra adre\u00e7a postal AV. MARE DE DEU DE MONTSERRAT,6,08970 SANT JOAN DESPI(BARCELONA), o b\u00e9 mitjan\u00e7ant el formulari de desistiment.<\/p>\n<p>Segons l\u2019establert l\u2019article 103 de la Llei 3\/2014, de 27 de mar\u00e7 per la qual es modifica el text ref\u00f3s de la Llei General per a la Defensa dels consumidors i Usuaris, els subministraments de serveis o b\u00e9ns confeccionat conforme a les especificacions del consumidor o clarament personalitzats, o que, per la seva naturalesa, no puguin ser retornats o poden deteriorar-se. una de les excepcions seg\u00fcents: <\/p>\n<p>En concret s\u2019empara en la seg\u00fcent excepci\u00f3:<\/p>\n<p>El subministrament de b\u00e9ns que es puguin deteriorar o caducar amb rapidesa.<\/p>\n<p><strong>La devoluci\u00f3<\/strong><\/p>\n<p>BODEGAS BELLOD SL s\u2019encarregar\u00e0 de recollir el producte.<br \/>BODEGAS BELLOD SL es far\u00e0 c\u00e0rrec dels costos de la devoluci\u00f3 del producte.<\/p>\n<p><strong>Reemborsament del pagament<\/strong><\/p>\n<p>El reemborsament de les quantitats abonades pel client s\u2019ha de fer utilitzant els mateixos mitjans de pagament emprats per aquest, sempre que no s\u2019hagi disposat el contrari.<\/p>\n<p>BODEGAS BELLOD SL abonar\u00e0 les quantitats satisfetes pel client abans de 14 dies naturals des de la data de recepci\u00f3 del dret de desistiment.<\/p>\n<p>Excepte en cas que l\u2019entitat s\u2019hagi ofert a recollir ell mateix els b\u00e9ns, als contractes de venda, l\u2019entitat podr\u00e0 retenir el reemborsament fins haver rebut els b\u00e9ns, o fins que el consumidor i usuari hagi presentat una prova de la devoluci\u00f3 dels b\u00e9ns, segons quina condici\u00f3 es compleixi primer.<\/p>\n<p><strong>Devoluci\u00f3 del producte defectu\u00f3s<\/strong><\/p>\n<p>En el cas que el producte no es trobi en bon estat i les causes imputables a aquest, no siguin conseq\u00fc\u00e8ncia del client, aquest tindr\u00e0 dret a la devoluci\u00f3 del producte, informant a BODEGAS BELLOD SL del motiu de devoluci\u00f3 a trav\u00e9s de qualsevol dels mitjans facilitats en les presents condicions de contractaci\u00f3, i sense cap cost per al client. Aquesta devoluci\u00f3 per motiu de defecte o mal estat del producte no es considera un dret de desistiment. <\/p>\n<p>BODEGAS BELLOD SL es compromet a assumir el cost de la devoluci\u00f3 ia restituir el producte per un de nou d\u2019acord amb condicions acceptades en el moment de la venda.<\/p>\n<p><strong>Reclamaci\u00f3<\/strong><\/p>\n<p>Si l\u2019usuari vol presentar una reclamaci\u00f3, haureu de contactar mitjan\u00e7ant el correu electr\u00f2nic BODEGASBELLOD@BODEGASBELLOD.COM o per escrit a l\u2019adre\u00e7a AV. MARE DE DEU DE MONTSERRAT,6,08970 SANT JOAN DESPI(BARCELONA). Aix\u00ed mateix, BODEGAS BELLOD SL disposa de fulls oficials de reclamaci\u00f3 a disposici\u00f3 dels consumidors i usuaris.  <\/p>\n<p>Resoluci\u00f3 de litigis en l\u00ednia d\u2019acord amb l\u2019art. 14.1 del Reglament (UE) 524\/2013: La Comissi\u00f3 Europea facilita una plataforma de resoluci\u00f3 de litigis en l\u00ednia, la qual es troba disponible a l\u2019enlla\u00e7 seg\u00fcent: https:\/\/ec.europa.eu\/consumers\/odr<\/p>\n<p><strong>Jurisdicci\u00f3<\/strong><\/p>\n<p>Aix\u00ed mateix, BODEGAS BELLOD SL es reserva la facultat de presentar les accions civils o penals que consideri oportunes per la utilitzaci\u00f3 indeguda del lloc web i continguts o per l\u2019incompliment de les presents condicions.<\/p>\n<p>La relaci\u00f3 entre l\u2019usuari i el prestador es regir\u00e0 per la normativa vigent i aplicable al territori espanyol. Si sorgeix qualsevol controv\u00e8rsia, les parts poden sotmetre els seus conflictes a arbitratge o acudir a la jurisdicci\u00f3 ordin\u00e0ria complint amb les normes sobre jurisdicci\u00f3 i compet\u00e8ncia sobre aix\u00f2. <\/p>\n<\/div><\/div>\n<\/div>\n<\/div>\n<\/div>","protected":false},"excerpt":{"rendered":"","protected":false},"author":1,"featured_media":0,"parent":0,"menu_order":0,"comment_status":"closed","ping_status":"closed","template":"","meta":{"_acf_changed":false,"footnotes":""},"class_list":["post-224766","page","type-page","status-publish","hentry"],"acf":[],"yoast_head":"<!-- This site is optimized with the Yoast SEO plugin v27.5 - https:\/\/yoast.com\/product\/yoast-seo-wordpress\/ -->\n<title>Condicions de contractaci\u00f3 - Bodegas Bellod - Celler<\/title>\n<meta name=\"robots\" content=\"noindex, nofollow\" \/>\n<meta property=\"og:locale\" content=\"ca_ES\" \/>\n<meta property=\"og:type\" content=\"article\" \/>\n<meta property=\"og:title\" content=\"Condicions de contractaci\u00f3 - Bodegas Bellod - Celler\" \/>\n<meta property=\"og:url\" content=\"https:\/\/www.bodegasbellod.com\/ca\/condicions-de-contractacio\/\" \/>\n<meta property=\"og:site_name\" content=\"Bodegas Bellod - Celler\" \/>\n<meta property=\"article:modified_time\" content=\"2026-05-05T15:44:26+00:00\" \/>\n<meta name=\"twitter:card\" content=\"summary_large_image\" \/>\n<script type=\"application\/ld+json\" class=\"yoast-schema-graph\">{\"@context\":\"https:\\\/\\\/schema.org\",\"@graph\":[{\"@type\":\"WebPage\",\"@id\":\"https:\\\/\\\/www.bodegasbellod.com\\\/ca\\\/condicions-de-contractacio\\\/\",\"url\":\"https:\\\/\\\/www.bodegasbellod.com\\\/ca\\\/condicions-de-contractacio\\\/\",\"name\":\"Condicions de contractaci\u00f3 - Bodegas Bellod - Celler\",\"isPartOf\":{\"@id\":\"https:\\\/\\\/www.bodegasbellod.com\\\/ca\\\/#website\"},\"datePublished\":\"2026-02-03T12:33:00+00:00\",\"dateModified\":\"2026-05-05T15:44:26+00:00\",\"breadcrumb\":{\"@id\":\"https:\\\/\\\/www.bodegasbellod.com\\\/ca\\\/condicions-de-contractacio\\\/#breadcrumb\"},\"inLanguage\":\"ca\",\"potentialAction\":[{\"@type\":\"ReadAction\",\"target\":[\"https:\\\/\\\/www.bodegasbellod.com\\\/ca\\\/condicions-de-contractacio\\\/\"]}]},{\"@type\":\"BreadcrumbList\",\"@id\":\"https:\\\/\\\/www.bodegasbellod.com\\\/ca\\\/condicions-de-contractacio\\\/#breadcrumb\",\"itemListElement\":[{\"@type\":\"ListItem\",\"position\":1,\"name\":\"Portada\",\"item\":\"https:\\\/\\\/www.bodegasbellod.com\\\/ca\\\/\"},{\"@type\":\"ListItem\",\"position\":2,\"name\":\"Condicions de contractaci\u00f3\"}]},{\"@type\":\"WebSite\",\"@id\":\"https:\\\/\\\/www.bodegasbellod.com\\\/ca\\\/#website\",\"url\":\"https:\\\/\\\/www.bodegasbellod.com\\\/ca\\\/\",\"name\":\"Bodegas Bellod - Celler\",\"description\":\"Descubre Bodegas Bellod: vinos y vermuts elaborados con tradici\u00f3n y calidad. Compra online nuestros productos y conoce nuestra finca y bodega.\",\"potentialAction\":[{\"@type\":\"SearchAction\",\"target\":{\"@type\":\"EntryPoint\",\"urlTemplate\":\"https:\\\/\\\/www.bodegasbellod.com\\\/ca\\\/?s={search_term_string}\"},\"query-input\":{\"@type\":\"PropertyValueSpecification\",\"valueRequired\":true,\"valueName\":\"search_term_string\"}}],\"inLanguage\":\"ca\"}]}<\/script>\n<!-- \/ Yoast SEO plugin. -->","yoast_head_json":{"title":"Condicions de contractaci\u00f3 - Bodegas Bellod - Celler","robots":{"index":"noindex","follow":"nofollow"},"og_locale":"ca_ES","og_type":"article","og_title":"Condicions de contractaci\u00f3 - Bodegas Bellod - Celler","og_url":"https:\/\/www.bodegasbellod.com\/ca\/condicions-de-contractacio\/","og_site_name":"Bodegas Bellod - Celler","article_modified_time":"2026-05-05T15:44:26+00:00","twitter_card":"summary_large_image","schema":{"@context":"https:\/\/schema.org","@graph":[{"@type":"WebPage","@id":"https:\/\/www.bodegasbellod.com\/ca\/condicions-de-contractacio\/","url":"https:\/\/www.bodegasbellod.com\/ca\/condicions-de-contractacio\/","name":"Condicions de contractaci\u00f3 - Bodegas Bellod - Celler","isPartOf":{"@id":"https:\/\/www.bodegasbellod.com\/ca\/#website"},"datePublished":"2026-02-03T12:33:00+00:00","dateModified":"2026-05-05T15:44:26+00:00","breadcrumb":{"@id":"https:\/\/www.bodegasbellod.com\/ca\/condicions-de-contractacio\/#breadcrumb"},"inLanguage":"ca","potentialAction":[{"@type":"ReadAction","target":["https:\/\/www.bodegasbellod.com\/ca\/condicions-de-contractacio\/"]}]},{"@type":"BreadcrumbList","@id":"https:\/\/www.bodegasbellod.com\/ca\/condicions-de-contractacio\/#breadcrumb","itemListElement":[{"@type":"ListItem","position":1,"name":"Portada","item":"https:\/\/www.bodegasbellod.com\/ca\/"},{"@type":"ListItem","position":2,"name":"Condicions de contractaci\u00f3"}]},{"@type":"WebSite","@id":"https:\/\/www.bodegasbellod.com\/ca\/#website","url":"https:\/\/www.bodegasbellod.com\/ca\/","name":"Bodegas Bellod - Celler","description":"Descubre Bodegas Bellod: vinos y vermuts elaborados con tradici\u00f3n y calidad. Compra online nuestros productos y conoce nuestra finca y bodega.","potentialAction":[{"@type":"SearchAction","target":{"@type":"EntryPoint","urlTemplate":"https:\/\/www.bodegasbellod.com\/ca\/?s={search_term_string}"},"query-input":{"@type":"PropertyValueSpecification","valueRequired":true,"valueName":"search_term_string"}}],"inLanguage":"ca"}]}},"_links":{"self":[{"href":"https:\/\/www.bodegasbellod.com\/ca\/wp-json\/wp\/v2\/pages\/224766","targetHints":{"allow":["GET"]}}],"collection":[{"href":"https:\/\/www.bodegasbellod.com\/ca\/wp-json\/wp\/v2\/pages"}],"about":[{"href":"https:\/\/www.bodegasbellod.com\/ca\/wp-json\/wp\/v2\/types\/page"}],"author":[{"embeddable":true,"href":"https:\/\/www.bodegasbellod.com\/ca\/wp-json\/wp\/v2\/users\/1"}],"replies":[{"embeddable":true,"href":"https:\/\/www.bodegasbellod.com\/ca\/wp-json\/wp\/v2\/comments?post=224766"}],"version-history":[{"count":3,"href":"https:\/\/www.bodegasbellod.com\/ca\/wp-json\/wp\/v2\/pages\/224766\/revisions"}],"predecessor-version":[{"id":225300,"href":"https:\/\/www.bodegasbellod.com\/ca\/wp-json\/wp\/v2\/pages\/224766\/revisions\/225300"}],"wp:attachment":[{"href":"https:\/\/www.bodegasbellod.com\/ca\/wp-json\/wp\/v2\/media?parent=224766"}],"curies":[{"name":"wp","href":"https:\/\/api.w.org\/{rel}","templated":true}]}}