{"id":224773,"date":"2026-01-30T12:22:23","date_gmt":"2026-01-30T11:22:23","guid":{"rendered":"https:\/\/bb.agenciatelo.com\/politica-de-privacitat\/"},"modified":"2026-05-05T15:50:41","modified_gmt":"2026-05-05T13:50:41","slug":"politica-de-privacitat","status":"publish","type":"page","link":"https:\/\/www.bodegasbellod.com\/ca\/politica-de-privacitat\/","title":{"rendered":"Pol\u00edtica de privacitat"},"content":{"rendered":"<div class=\"et_pb_section_0 et_pb_section et_section_regular et_block_section preset--module--divi-section--1wdpdrg3fh\">\n<div class=\"et_pb_row_0 et_pb_row et_pb_gutters1 et_block_row preset--module--divi-row--9qlmxide1t\">\n<div class=\"et_pb_column_0 et_pb_column et_pb_column_4_4 et-last-child et_block_column et_pb_css_mix_blend_mode_passthrough\">\n<div class=\"et_pb_text_0 et_pb_text et_pb_bg_layout_light et_pb_module et_block_module preset--module--divi-text--default\"><div class=\"et_pb_text_inner\"><h1>Pol\u00edtica de privacitat<\/h1>\n<\/div><\/div>\n<\/div>\n<\/div>\n<\/div>\n\n<div class=\"et_pb_section_1 et_pb_section et_section_regular et_flex_section\">\n<div class=\"et_pb_row_1 et_pb_row et_flex_row\">\n<div class=\"et_pb_column_1 et_pb_column et-last-child et_flex_column et_pb_css_mix_blend_mode_passthrough et_flex_column_24_24 et_flex_column_24_24_tablet et_flex_column_24_24_phone\">\n<div class=\"et_pb_text_1 et_pb_text et_pb_bg_layout_light et_pb_module et_flex_module preset--module--divi-text--default\"><div class=\"et_pb_text_inner\"><p><strong>POL\u00cdTICA DE PRIVACITAT DE WWW.BODEGASBELLOD.COM<\/strong><\/p>\n<p><strong>Dades del propietari de la web:<\/strong><\/p>\n<table border=\"1\">\n<tbody>\n<tr>\n<td><strong>RAZ\u00d3 SOCIAL<\/strong><\/td>\n<td>BODEGAS BELLOD SL<\/td>\n<\/tr>\n<tr>\n<td><strong>NIF<\/strong><\/td>\n<td>B08716300<\/td>\n<\/tr>\n<tr>\n<td><strong>DOMINI<\/strong><\/td>\n<td>WWW.BODEGASBELLOD.COM<\/td>\n<\/tr>\n<tr>\n<td><strong>ADRE\u00c7A POSTAL<\/strong><\/td>\n<td>AV. MARE DE DEU DE MONTSERRAT,6,08970 SANT JOAN DESPI (BARCELONA)<\/td>\n<\/tr>\n<tr>\n<td><strong>DIRECCI\u00d3 ELECTR\u00d2NICA<\/strong><\/td>\n<td>BODEGASBELLOD@BODEGASBELLOD.COM<\/td>\n<\/tr>\n<tr>\n<td><strong>TEL\u00c8FONS<\/strong><\/td>\n<td>933731151<\/td>\n<\/tr>\n<\/tbody>\n<\/table>\n<p><strong>Protecci\u00f3 de Dades<\/strong><br \/>De conformitat amb la normativa vigent i aplicable en protecci\u00f3 de dades de car\u00e0cter personal, us informem que les vostres dades seran incorporades al sistema de tractament titularitat de BODEGAS BELLOD SL amb NIF B08716300 i domicili social situat en AV. MARE DE DEU DE MONTSERRAT,6,08970 SANT JOAN DESPI(BARCELONA). A continuaci\u00f3, es facilita la informaci\u00f3 dels tractaments realitzats:<\/p>\n<table border=\"1\">\n<tbody>\n<tr>\n<th colspan=\"2\">TRACTAMENTS REALITZATS<\/th>\n<\/tr>\n<tr>\n<td><strong>Accions comercials formulari web<\/strong><\/td>\n<td><strong>Finalitat:<\/strong><span> <\/span>Captaci\u00f3, registre i tractament de dades amb finalitats d\u2019atendre les vostres consultes i\/o sol\u00b7licituds, aix\u00ed com de publicitat i prospecci\u00f3 comercial.<br \/><strong>Termini de conservaci\u00f3<\/strong>:<span> <\/span>Mentre es mantingui el consentiment prestat, excepte obligaci\u00f3 legal.<br \/><strong>Base leg\u00edtima:<\/strong><span> <\/span>El consentiment de l\u2019interessat.<br \/><strong>Tipologia de Dades:<\/strong><br \/><strong>Dades b\u00e0siques:<\/strong><span> <\/span>Nom i cognoms, Adre\u00e7a electr\u00f2nica.<\/td>\n<\/tr>\n<tr>\n<td><strong>Newsletter<\/strong><\/td>\n<td><strong>Finalitat<\/strong>:<span> <\/span>Gesti\u00f3 de la subscripci\u00f3 a la newsletter, per fer els enviaments corresponents. <br \/><strong>Termini de conservaci\u00f3<\/strong>:<span> <\/span>Mentre es mantingui el consentiment prestat.<br \/><strong>Base leg\u00edtima<\/strong>:<span> <\/span>El consentiment de linteressat.<br \/><strong>Tipologia de Dades:<\/strong><br \/><strong>Dades b\u00e0siques<\/strong>:<span> <\/span>Nom i cognoms, Adre\u00e7a electr\u00f2nica.<\/td>\n<\/tr>\n<tr>\n<td><strong>Gesti\u00f3 de compra de productes en l\u00ednia<\/strong><\/td>\n<td><strong>Finalitat:<\/strong><span> <\/span>Captaci\u00f3, registre i tractament de dades per poder gestionar el pagament i l\u2019enviament dels productes.<br \/><strong>Termini de conservaci\u00f3:<\/strong><span> <\/span>5 anys en compliment de la llei tribut\u00e0ria i 10 anys la documentaci\u00f3 fiscal en compliment de la L.O. 7\/2012.<br \/><strong>Base leg\u00edtima:<\/strong><span> <\/span>El compliment duna llei.<br \/><strong>Tipologia de Dades:<\/strong><br \/><strong>Dades b\u00e0siques:<\/strong><span> <\/span>Nom i cognoms, Adre\u00e7a postal, Adre\u00e7a electr\u00f2nica, Signatura, Dades econ\u00f2miques o dassegurances.<br \/><strong>Cessions:<\/strong><span> <\/span>Les dades seran comunicades en cas de ser necessari a Ag\u00e8ncia Tribut\u00e0ria, Bancs, Caixes i Organismes p\u00fablics amb compet\u00e8ncia en la mat\u00e8ria, per complir les obligacions tribut\u00e0ries i fiscals establertes a la normativa aplicable. A m\u00e9s, s\u2019informa que la base legitimadora de la cessi\u00f3 \u00e9s complir una llei. <\/td>\n<\/tr>\n<tr>\n<td><strong>Instal\u00b7laci\u00f3 de Cookies<\/strong><\/td>\n<td><strong>Finalitat<\/strong>:<span> <\/span>Gesti\u00f3 i instal\u00b7laci\u00f3 de les cookies.<br \/><strong>Termini de conservaci\u00f3<\/strong>:<span> <\/span>Mentre es mantingui el consentiment prestat.<br \/><strong>Base leg\u00edtima<\/strong>: El consentiment de linteressat.<br \/><strong>Tipologia de Dades<\/strong>:<br \/><strong>Dades b\u00e0siques<\/strong>:<span> <\/span>Adre\u00e7a electr\u00f2nica, Adre\u00e7a IP<\/td>\n<\/tr>\n<tr>\n<td><strong>Gesti\u00f3 Formulari web<\/strong><\/td>\n<td><strong>Finalitat<\/strong>: Atendre les vostres consultes i\/o sol\u00b7licituds.<br \/><strong>Termini de conservaci\u00f3:<\/strong> Mentre es mantingui el consentiment prestat.<br \/><strong>Base leg\u00edtima:<span> <\/span><\/strong>El consentiment de linteressat.<br \/><strong>Tipologia de Dades:<\/strong><br \/><strong>Dades b\u00e0siques:<\/strong><span> <\/span>Nom i cognoms, Adre\u00e7a electr\u00f2nica, Adre\u00e7a IP<\/td>\n<\/tr>\n<tr>\n<td><strong>Gesti\u00f3 usuaris web<\/strong><\/td>\n<td><strong>Finalitat<\/strong>:<span> <\/span>Captaci\u00f3, registre i tractament de dades de lusuari.<br \/><strong>Termini de conservaci\u00f3<\/strong>:<span> <\/span>Mentre es mantingui el consentiment prestat, excepte obligaci\u00f3 legal.<br \/><strong>Base leg\u00edtima:<\/strong><span> <\/span>El consentiment de l\u2019interessat.<br \/><strong>Tipologia de Dades:<\/strong><br \/><strong>Dades b\u00e0siques:<\/strong><span> <\/span>Nom i cognoms, Adre\u00e7a electr\u00f2nica<\/td>\n<\/tr>\n<\/tbody>\n<\/table>\n<p><strong>Drets dels interessats<\/strong><br \/>BODEGAS BELLOD SL informa als Usuaris que, podr\u00e0 exercir els drets d\u2019acc\u00e9s, rectificaci\u00f3, limitaci\u00f3, supressi\u00f3, portabilitat, oposici\u00f3 al tractament de les seves dades de car\u00e0cter personal i el dret a no ser objecte de decisions automatitzades, inclosa l\u2019elaboraci\u00f3 de perfils, davant del Responsable del Tractament, aix\u00ed com a la retirada del consentiment prestat.<\/p>\n<ul>\n<li><strong>Dret d\u2019acc\u00e9s:<\/strong><span> <\/span>\u00c9s el dret de l\u2019usuari a obtenir confirmaci\u00f3 sobre si se n\u2019estan tractant les dades i, en aquest cas, les dades personals tractades concretes i la informaci\u00f3 legal del tractament (finalitats, base legitimadora, terminis de conservaci\u00f3, cessions, origen de les dades, etc.).<\/li>\n<li><strong>Dret de Rectificaci\u00f3:<\/strong><span> <\/span>\u00c9s el dret de l\u2019afectat que es modifiquin les dades que resultin ser inexactes o incompletes. Pel que fa a la p\u00e0gina web, nom\u00e9s es podr\u00e0 satisfer en relaci\u00f3 amb aquella informaci\u00f3 que estigui sota el control del lloc web, per exemple, eliminar comentaris publicats a la pr\u00f2pia p\u00e0gina, imatges o continguts web on constin dades de car\u00e0cter personal de l\u2019usuari. <\/li>\n<li><strong>Dret a la Limitaci\u00f3 de tractament:<\/strong><span> <\/span>\u00c9s el dret que es limitin els fins del tractament previstos de manera original pel responsable del tractament en determinats sup\u00f2sits.<\/li>\n<li><strong>Dret de Supressi\u00f3:<\/strong><span> <\/span>\u00c9s el dret a suprimir les dades de car\u00e0cter personal de l\u2019usuari, a excepci\u00f3 del que preveu el mateix RGPD (llibertat d\u2019expressi\u00f3 i informaci\u00f3, obligacions de conservaci\u00f3, formulaci\u00f3, exercici o defensa de reclamacions, etc.).<\/li>\n<li><strong>Dret a la Portabilitat<\/strong>:<span> <\/span>El dret a rebre les dades personals que l\u2019usuari hagi facilitat, en un format estructurat, d\u2019\u00fas com\u00fa i de lectura mec\u00e0nica, ia transmetre\u2019ls a un altre responsable quan el tractament est\u00e0 basat en el consentiment o en l\u2019execuci\u00f3 d\u2019un contracte i s\u2019efectu\u00ef per mitjans automatitzats.<\/li>\n<li><strong>Dret d\u2019oposici\u00f3:<\/strong><span> <\/span>\u00c9s el dret de l\u2019usuari que no es dugui a terme el tractament de les seves dades de car\u00e0cter personal o se\u2019n cessi el tractament per part del lloc web quan el tractament estigui basat en l\u2019inter\u00e8s leg\u00edtim o l\u2019inter\u00e8s p\u00fablic o quan es tracti de tractaments de m\u00e0rqueting directe.<\/li>\n<li><strong>Dret a no ser objecte de decisions automatitzades, inclosa l\u2019elaboraci\u00f3 de perfils:<\/strong><span> <\/span>Quan el tractament no \u00e9s necessari per a la subscripci\u00f3 o l\u2019execuci\u00f3 d\u2019un contracte, ni est\u00e0 autoritzat pel dret de la Uni\u00f3 Europea o dels estats membres ni es basa en el consentiment, t\u00e9 dret a no ser objecte d\u2019una decisi\u00f3 basada \u00fanicament en el tractament automatitzat, inclosa l\u2019elaboraci\u00f3 de perfils, que produeixi efectes jur\u00eddics o l\u2019afecti significativament de manera similar.<\/li>\n<li><strong>Dret a retirar el consentiment:<\/strong><span> <\/span>Per a qualsevol tractament basat en el vostre consentiment, teniu dret a retirar-lo, en qualsevol moment i de manera gratu\u00efta.<\/li>\n<\/ul>\n<p>Per exercir qualsevol dels drets en mat\u00e8ria de protecci\u00f3 de dades descrites anteriorment haur\u00e0 de seguir les indicacions seg\u00fcents:<\/p>\n<ul>\n<li>Presentaci\u00f3 d\u2019un escrit a l\u2019adre\u00e7a AV. MARE DE DEU DE MONTSERRAT,6,08970 SANT JOAN DESPI(BARCELONA) (a latenci\u00f3 de BODEGAS BELLOD SL) o b\u00e9 a trav\u00e9s de correu electr\u00f2nic a per correu electr\u00f2nic a BODEGASBELLOD@BODEGASBELLOD.COM . <\/li>\n<li>L\u2019escrit rem\u00e8s pel titular de les dades personals (interessat\/ada) que sol\u00b7licite l\u2019exercici de drets haur\u00e0 de tenir en compte el seg\u00fcent:\n<ul>\n<li>S\u2019haur\u00e0 d\u2019identificar fefaentment i, en cas que concorrin dubtes sobre la identitat del sol\u00b7licitant, se us sol\u00b7licitar\u00e0 que solucioni la petici\u00f3 (p. ex. sol\u00b7licitant m\u00e9s informaci\u00f3, com el n\u00famero de DNI, el document del DNI, el correu electr\u00f2nic que va aportar, etc.)<\/li>\n<li>La sol\u00b7licitud la pot fer el representant, legal o voluntari, quan aquest estigui degudament identificat i autoritzat pel titular de les dades (mitjan\u00e7ant una autoritzaci\u00f3 expressa del titular per exercir els drets personal\u00edssims regulats a la normativa en mat\u00e8ria de protecci\u00f3 de dades personals).<\/li>\n<li>Petici\u00f3 en qu\u00e8 es concreta la sol\u00b7licitud (Dret\/es que es pretenen exercir). Si no feu refer\u00e8ncia a un tractament concret se us facilitar\u00e0 resposta en relaci\u00f3 a tots els tractaments que afecten les vostres dades de car\u00e0cter personal. Si sol\u00b7liciteu informaci\u00f3 d\u2019un tractament en concret, nom\u00e9s la informaci\u00f3 d\u2019aquest. Si ho demaneu per tel\u00e8fon se us indicar\u00e0 que ho feu per escrit i se us informar\u00e0 de com ho podeu fer i l\u2019adre\u00e7a a la qual heu d\u2019enviar-ho. Mai no se us donar\u00e0 informaci\u00f3 per tel\u00e8fon.    <\/li>\n<li>Adre\u00e7a postal o electr\u00f2nica a efectes de notificacions.<\/li>\n<li>Documents acreditatius de la petici\u00f3 que formula, en cas que siguin necessaris.<\/li>\n<li>La persona sol\u00b7licitant ha de fer servir qualsevol mitj\u00e0 que permeti acreditar l\u2019enviament i la recepci\u00f3 de la sol\u00b7licitud.<\/li>\n<\/ul>\n<\/li>\n<\/ul>\n<p>Finalment, us informem que teniu dret a presentar una reclamaci\u00f3 davant l\u2019Ag\u00e8ncia Espanyola de Protecci\u00f3 de Dades en cas que en tingueu coneixement o considereu que un fet pugui suposar un incompliment de la normativa aplicable en mat\u00e8ria de protecci\u00f3 de dades.<\/p>\n<p>BODEGAS BELLOD SL es compromet a adoptar les mesures t\u00e8cniques i organitzatives necess\u00e0ries, d\u2019acord amb el nivell de riscos que acompanyen els tractaments realitzats per aquestes i indicats en aquest mateix apartat, de manera que en garanteixin la integritat, confidencialitat i disponibilitat.<\/p>\n<p><strong>POL\u00cdTICA DE PRIVACITAT XARXES SOCIALS WWW.BODEGASBELLOD.COM<\/strong><\/p>\n<p>De conformitat amb el que estableix la normativa vigent i aplicable de protecci\u00f3 de dades de car\u00e0cter personal i la Llei 34\/2002, d\u201911 de juliol, de serveis de la societat de la informaci\u00f3 i de comer\u00e7 Electr\u00f2nic (LSSI-CE), BODEGAS BELLOD SL informa els usuaris, que ha creat un perfil a la\/es Xarxa\/ns Social\/ca Facebook, Twitter, Instagram, amb la finalitat principal de publicitar els seus productes i serveis.<\/p>\n<p><strong>Dades de CELLERS BELLOD SL:<\/strong><\/p>\n<ul>\n<li><strong>NIF<\/strong>:<span> <\/span>B08716300<\/li>\n<li><strong>DIRECCI\u00d3:<\/strong><span> <\/span>AV. MARE DE DEU DE MONTSERRAT,6,08970 SANT JOAN<br \/>DESPI(BARCELONA) <\/li>\n<li><strong>CORREU ELECTR\u00d2NIC<\/strong>:<span> <\/span>BODEGASBELLOD@BODEGASBELLOD.COM<\/li>\n<\/ul>\n<p>L\u2019usuari disposa d\u2019un perfil a la mateixa Xarxa Social i ha decidit unir-se a la p\u00e0gina creada per BODEGAS BELLOD SL, mostrant aix\u00ed inter\u00e8s en la informaci\u00f3 que es publiciti a la Xarxa. En unir-se a la nostra p\u00e0gina, ens facilita el vostre consentiment per al tractament d\u2019aquelles dades personals publicades al vostre perfil. <\/p>\n<p>L\u2019usuari pot accedir en tot moment a les pol\u00edtiques de privadesa de la pr\u00f2pia Xarxa Social, aix\u00ed com configurar el vostre perfil per garantir la vostra privadesa.<\/p>\n<p>BODEGAS BELLOD SL t\u00e9 acc\u00e9s i tracta aquella informaci\u00f3 p\u00fablica de l\u2019usuari, especialment la seva nom de contacte. Aquestes dades nom\u00e9s s\u00f3n utilitzades dins de la pr\u00f2pia Xarxa Social. No s\u00f3n incorporats a cap sistema de tractament.  <\/p>\n<p><strong>Drets dels interessats<\/strong><\/p>\n<p>Pel que fa als drets d\u2019acc\u00e9s, rectificaci\u00f3, limitaci\u00f3 de tractament, supressi\u00f3, portabilitat i oposici\u00f3 al tractament de les seves dades de car\u00e0cter personal, de qu\u00e8 disposa i que poden ser exercitats davant BODEGAS BELLOD SL, d\u2019acord amb la RGPD, ha de tenir en compte els seg\u00fcents matisos:<\/p>\n<ul>\n<li>Dret d\u2019acc\u00e9s: \u00c9s el dret de l\u2019usuari a obtenir informaci\u00f3 sobre les vostres dades concretes de car\u00e0cter personal i del tractament que s\u2019hagi realitzat o realitzi, aix\u00ed com de la informaci\u00f3 disponible sobre l\u2019origen de les dades esmentades i les comunicacions realitzades o previstes dels mateixos.<\/li>\n<li>Dret de Rectificaci\u00f3: \u00c9s el dret de l\u2019afectat que es modifiquin les dades que resultin ser inexactes o incomplets. Nom\u00e9s es podr\u00e0 satisfer en relaci\u00f3 amb aquella informaci\u00f3 que es trobi sota el control de BODEGAS BELLOD SL, per exemple, eliminar comentaris publicats a la pr\u00f2pia p\u00e0gina, imatges o continguts web on constin dades de car\u00e0cter personal de l\u2019usuari. <\/li>\n<li>Dret a la Limitaci\u00f3 de tractament: \u00c9s el dret que es limitin els fins del tractament previstos de manera original pel responsable del tractament.<\/li>\n<li>Dret de Supressi\u00f3: \u00c9s el dret a suprimir les dades de car\u00e0cter personal de l\u2019usuari, a excepci\u00f3 del previst al propi RGPD o en altres normatives aplicables que determinin la obligatorietat de la conservaci\u00f3 dels mateixos, en temps i forma.<\/li>\n<li>Dret de portabilitat: El dret a rebre les dades personals que l\u2019usuari hagi facilitat, en un format estructurat, d\u2019\u00fas com\u00fa i lectura mec\u00e0nica, ia transmetre\u2019ls a un altre responsable.<\/li>\n<li>Dret d\u2019oposici\u00f3: \u00c9s el dret de l\u2019usuari al fet que no es dugui a terme el tractament dels seus dades de car\u00e0cter personal o se\u2019n cessi el tractament per part de BODEGUES BELLOD SL.<\/li>\n<\/ul>\n<p>BODEGAS BELLOD SL realitzar\u00e0 les actuacions seg\u00fcents:<\/p>\n<ul>\n<li>Acc\u00e9s a la informaci\u00f3 p\u00fablica del perfil.<\/li>\n<li>Publicaci\u00f3 al perfil de l\u2019usuari de tota aquella informaci\u00f3 ja publicada a la p\u00e0gina de CELLERS BELLOD SL.<\/li>\n<li>Enviar missatges personals i individuals a trav\u00e9s dels canals de la Xarxa Social.<\/li>\n<li>Actualitzacions de l\u2019estat de la p\u00e0gina que es publicaran al perfil de l\u2019usuari.<\/li>\n<\/ul>\n<p>L\u2019usuari sempre pot controlar les connexions, eliminar els continguts que deixin d\u2019interessar-li i restringir amb qui comparteix les seves connexions, per aix\u00f2 haur\u00e0 d\u2019accedir a la seva configuraci\u00f3 de privadesa.<\/p>\n<p><strong>Publicacions<\/strong><\/p>\n<p>L\u2019usuari, un cop unit a la p\u00e0gina de BODEGAS BELLOD SL, podr\u00e0 publicar en aquesta darrera comentaris, enlla\u00e7os, imatges o fotografies o qualsevol altre tipus de contingut multim\u00e8dia suportat per la Xarxa Social. L\u2019usuari, en tots els casos, ha de ser-ne el titular, gaudir dels drets de autor i de propietat intel\u00b7lectual o comptar amb el consentiment dels tercers afectats. Es prohibeix expressament qualsevol publicaci\u00f3 a la p\u00e0gina, ja siguin textos, gr\u00e0fics, fotografies, v\u00eddeos, etc. que atemptin o siguin susceptibles d\u2019atemptar contra la moral, l\u2019\u00e8tica, el bon gust o el dec\u00f2rum, i\/o que infringeixin, violin o trenquen els drets de propietat intel\u00b7lectual o industrial, el dret a la imatge o la Llei. En aquests casos, BODEGAS BELLOD SL es reserva el dret a retirar immediatament el contingut, podent sol\u00b7licitar el bloqueig permanent de lusuari.   <\/p>\n<p>BODEGAS BELLOD SL no es far\u00e0 responsable dels continguts que lliurement ha publicat un usuari.<\/p>\n<p>L\u2019usuari ha de tenir present que les seves publicacions seran conegudes pels altres usuaris, per la qual cosa ell mateix \u00e9s el principal responsable de la seva privadesa.<\/p>\n<p>Les imatges que puguin publicar-se a la p\u00e0gina no seran emmagatzemades en cap sistema de tractament per part de BODEGAS BELLOD SL, per\u00f2 s\u00ed que romandran a la Xarxa Social.<\/p>\n<p><strong>Concursos i promocions<\/strong><\/p>\n<p>BODEGAS BELLOD SL es reserva el dret a realitzar concursos i promocions, en qu\u00e8 podr\u00e0 participar lusuari unit a la seva p\u00e0gina. Les bases de cadascun d\u2019ells, quan s\u2019utilitzi per fer-ho la plataforma de la Xarxa Social, seran publicades a la mateixa. Complint sempre amb la LSSI-CE i amb qualsevol altra norma que li sigui aplicable.  <\/p>\n<p>La Xarxa Social no patrocina, avala ni administra, de cap manera, cap de les nostres promocions, ni est\u00e0 associada a cap.<\/p>\n<p><strong>Publicitat<\/strong><\/p>\n<p>BODEGAS BELLOD SL utilitzar\u00e0 la Xarxa Social per publicitar els seus productes i serveis, en tot cas, si decideix tractar les seves dades de contacte per realitzar accions directes de prospecci\u00f3 comercial, ser\u00e0 sempre, complint amb les exig\u00e8ncies legals de la normativa en mat\u00e8ria de protecci\u00f3 de dades i de la LSSI-CE.<\/p>\n<p>No es considerar\u00e0 publicitat el fet de recomanar a altres usuaris la p\u00e0gina de CELLERS BELLOD SL perqu\u00e8 tamb\u00e9 puguin gaudir de les promocions o estar informats de la seva activitat.<\/p>\n<p>A continuaci\u00f3, detallem l\u2019enlla\u00e7 a la pol\u00edtica de privadesa de la Xarxa Social:<br \/>Facebook: https:\/\/es-es.facebook.com\/privacy\/explanation<br \/>Twitter: https:\/\/twitter.com\/es\/privacy<br \/>Instagram: http:\/\/instagram.com\/about\/legal\/privacy\/<\/p>\n<\/div><\/div>\n<\/div>\n<\/div>\n<\/div>","protected":false},"excerpt":{"rendered":"","protected":false},"author":1,"featured_media":0,"parent":0,"menu_order":0,"comment_status":"closed","ping_status":"closed","template":"","meta":{"_acf_changed":false,"footnotes":""},"class_list":["post-224773","page","type-page","status-publish","hentry"],"acf":[],"yoast_head":"<!-- This site is optimized with the Yoast SEO plugin v27.5 - https:\/\/yoast.com\/product\/yoast-seo-wordpress\/ -->\n<title>Pol\u00edtica de privacitat - Bodegas Bellod - Celler<\/title>\n<meta name=\"robots\" content=\"noindex, nofollow\" \/>\n<meta property=\"og:locale\" content=\"ca_ES\" \/>\n<meta property=\"og:type\" content=\"article\" \/>\n<meta property=\"og:title\" content=\"Pol\u00edtica de privacitat - Bodegas Bellod - Celler\" \/>\n<meta property=\"og:url\" content=\"https:\/\/www.bodegasbellod.com\/ca\/politica-de-privacitat\/\" \/>\n<meta property=\"og:site_name\" content=\"Bodegas Bellod - Celler\" \/>\n<meta property=\"article:modified_time\" content=\"2026-05-05T13:50:41+00:00\" \/>\n<meta name=\"twitter:card\" content=\"summary_large_image\" \/>\n<script type=\"application\/ld+json\" class=\"yoast-schema-graph\">{\"@context\":\"https:\\\/\\\/schema.org\",\"@graph\":[{\"@type\":\"WebPage\",\"@id\":\"https:\\\/\\\/www.bodegasbellod.com\\\/ca\\\/politica-de-privacitat\\\/\",\"url\":\"https:\\\/\\\/www.bodegasbellod.com\\\/ca\\\/politica-de-privacitat\\\/\",\"name\":\"Pol\u00edtica de privacitat - Bodegas Bellod - Celler\",\"isPartOf\":{\"@id\":\"https:\\\/\\\/www.bodegasbellod.com\\\/ca\\\/#website\"},\"datePublished\":\"2026-01-30T11:22:23+00:00\",\"dateModified\":\"2026-05-05T13:50:41+00:00\",\"breadcrumb\":{\"@id\":\"https:\\\/\\\/www.bodegasbellod.com\\\/ca\\\/politica-de-privacitat\\\/#breadcrumb\"},\"inLanguage\":\"ca\",\"potentialAction\":[{\"@type\":\"ReadAction\",\"target\":[\"https:\\\/\\\/www.bodegasbellod.com\\\/ca\\\/politica-de-privacitat\\\/\"]}]},{\"@type\":\"BreadcrumbList\",\"@id\":\"https:\\\/\\\/www.bodegasbellod.com\\\/ca\\\/politica-de-privacitat\\\/#breadcrumb\",\"itemListElement\":[{\"@type\":\"ListItem\",\"position\":1,\"name\":\"Portada\",\"item\":\"https:\\\/\\\/www.bodegasbellod.com\\\/ca\\\/\"},{\"@type\":\"ListItem\",\"position\":2,\"name\":\"Pol\u00edtica de privacitat\"}]},{\"@type\":\"WebSite\",\"@id\":\"https:\\\/\\\/www.bodegasbellod.com\\\/ca\\\/#website\",\"url\":\"https:\\\/\\\/www.bodegasbellod.com\\\/ca\\\/\",\"name\":\"Bodegas Bellod - Celler\",\"description\":\"Descubre Bodegas Bellod: vinos y vermuts elaborados con tradici\u00f3n y calidad. Compra online nuestros productos y conoce nuestra finca y bodega.\",\"potentialAction\":[{\"@type\":\"SearchAction\",\"target\":{\"@type\":\"EntryPoint\",\"urlTemplate\":\"https:\\\/\\\/www.bodegasbellod.com\\\/ca\\\/?s={search_term_string}\"},\"query-input\":{\"@type\":\"PropertyValueSpecification\",\"valueRequired\":true,\"valueName\":\"search_term_string\"}}],\"inLanguage\":\"ca\"}]}<\/script>\n<!-- \/ Yoast SEO plugin. -->","yoast_head_json":{"title":"Pol\u00edtica de privacitat - Bodegas Bellod - Celler","robots":{"index":"noindex","follow":"nofollow"},"og_locale":"ca_ES","og_type":"article","og_title":"Pol\u00edtica de privacitat - Bodegas Bellod - Celler","og_url":"https:\/\/www.bodegasbellod.com\/ca\/politica-de-privacitat\/","og_site_name":"Bodegas Bellod - Celler","article_modified_time":"2026-05-05T13:50:41+00:00","twitter_card":"summary_large_image","schema":{"@context":"https:\/\/schema.org","@graph":[{"@type":"WebPage","@id":"https:\/\/www.bodegasbellod.com\/ca\/politica-de-privacitat\/","url":"https:\/\/www.bodegasbellod.com\/ca\/politica-de-privacitat\/","name":"Pol\u00edtica de privacitat - Bodegas Bellod - Celler","isPartOf":{"@id":"https:\/\/www.bodegasbellod.com\/ca\/#website"},"datePublished":"2026-01-30T11:22:23+00:00","dateModified":"2026-05-05T13:50:41+00:00","breadcrumb":{"@id":"https:\/\/www.bodegasbellod.com\/ca\/politica-de-privacitat\/#breadcrumb"},"inLanguage":"ca","potentialAction":[{"@type":"ReadAction","target":["https:\/\/www.bodegasbellod.com\/ca\/politica-de-privacitat\/"]}]},{"@type":"BreadcrumbList","@id":"https:\/\/www.bodegasbellod.com\/ca\/politica-de-privacitat\/#breadcrumb","itemListElement":[{"@type":"ListItem","position":1,"name":"Portada","item":"https:\/\/www.bodegasbellod.com\/ca\/"},{"@type":"ListItem","position":2,"name":"Pol\u00edtica de privacitat"}]},{"@type":"WebSite","@id":"https:\/\/www.bodegasbellod.com\/ca\/#website","url":"https:\/\/www.bodegasbellod.com\/ca\/","name":"Bodegas Bellod - Celler","description":"Descubre Bodegas Bellod: vinos y vermuts elaborados con tradici\u00f3n y calidad. Compra online nuestros productos y conoce nuestra finca y bodega.","potentialAction":[{"@type":"SearchAction","target":{"@type":"EntryPoint","urlTemplate":"https:\/\/www.bodegasbellod.com\/ca\/?s={search_term_string}"},"query-input":{"@type":"PropertyValueSpecification","valueRequired":true,"valueName":"search_term_string"}}],"inLanguage":"ca"}]}},"_links":{"self":[{"href":"https:\/\/www.bodegasbellod.com\/ca\/wp-json\/wp\/v2\/pages\/224773","targetHints":{"allow":["GET"]}}],"collection":[{"href":"https:\/\/www.bodegasbellod.com\/ca\/wp-json\/wp\/v2\/pages"}],"about":[{"href":"https:\/\/www.bodegasbellod.com\/ca\/wp-json\/wp\/v2\/types\/page"}],"author":[{"embeddable":true,"href":"https:\/\/www.bodegasbellod.com\/ca\/wp-json\/wp\/v2\/users\/1"}],"replies":[{"embeddable":true,"href":"https:\/\/www.bodegasbellod.com\/ca\/wp-json\/wp\/v2\/comments?post=224773"}],"version-history":[{"count":3,"href":"https:\/\/www.bodegasbellod.com\/ca\/wp-json\/wp\/v2\/pages\/224773\/revisions"}],"predecessor-version":[{"id":225266,"href":"https:\/\/www.bodegasbellod.com\/ca\/wp-json\/wp\/v2\/pages\/224773\/revisions\/225266"}],"wp:attachment":[{"href":"https:\/\/www.bodegasbellod.com\/ca\/wp-json\/wp\/v2\/media?parent=224773"}],"curies":[{"name":"wp","href":"https:\/\/api.w.org\/{rel}","templated":true}]}}