{"id":225425,"date":"2026-05-08T09:28:13","date_gmt":"2026-05-08T07:28:13","guid":{"rendered":"https:\/\/www.bodegasbellod.com\/politica-de-privacitat-xarxes-socials\/"},"modified":"2026-05-08T09:31:34","modified_gmt":"2026-05-08T07:31:34","slug":"politica-de-privacitat-xarxes-socials","status":"publish","type":"page","link":"https:\/\/www.bodegasbellod.com\/ca\/politica-de-privacitat-xarxes-socials\/","title":{"rendered":"Pol\u00edtica de privacitat xarxes socials"},"content":{"rendered":"<div class=\"et_pb_section_0 et_pb_section et_section_regular et_block_section preset--module--divi-section--1wdpdrg3fh\">\n<div class=\"et_pb_row_0 et_pb_row et_pb_gutters1 et_block_row preset--module--divi-row--9qlmxide1t\">\n<div class=\"et_pb_column_0 et_pb_column et_pb_column_4_4 et-last-child et_block_column et_pb_css_mix_blend_mode_passthrough\">\n<div class=\"et_pb_text_0 et_pb_text et_pb_bg_layout_light et_pb_module et_block_module preset--module--divi-text--default\"><div class=\"et_pb_text_inner\"><h1>Pol\u00edtica de privacitat de xarxes socials<\/h1>\n<\/div><\/div>\n<\/div>\n<\/div>\n<\/div>\n\n<div class=\"et_pb_section_1 et_pb_section et_section_regular et_flex_section\">\n<div class=\"et_pb_row_1 et_pb_row et_flex_row\">\n<div class=\"et_pb_column_1 et_pb_column et-last-child et_flex_column et_pb_css_mix_blend_mode_passthrough et_flex_column_24_24 et_flex_column_24_24_tablet et_flex_column_24_24_phone\">\n<div class=\"et_pb_text_1 et_pb_text et_pb_bg_layout_light et_pb_module et_flex_module preset--module--divi-text--default\"><div class=\"et_pb_text_inner\"><p data-path-to-node=\"0\"><strong>POL\u00cdTICA DE PRIVACITAT XARXES SOCIALS<\/strong><\/p>\n<h3 data-path-to-node=\"1\">WWW.BODEGASBELLOD.COM<\/h3>\n<p data-path-to-node=\"2\">De conformitat amb el que estableix la normativa vigent de protecci\u00f3 de dades personals i la Llei 34\/2002 (LSSI-CE), <b data-path-to-node=\"2\" data-index-in-node=\"120\">BODEGAS BELLOD SL<\/b> informa que ha procedit a crear perfils a les xarxes socials <b data-path-to-node=\"2\" data-index-in-node=\"202\">Facebook, X i Instagram<\/b>, amb la finalitat principal de publicitar els seus productes i serveis.<\/p>\n<p data-path-to-node=\"3\"><b data-path-to-node=\"3\" data-index-in-node=\"0\">Dades de CELLERS BELLOD SL:<\/b><\/p>\n<ul data-path-to-node=\"4\">\n<li>\n<p data-path-to-node=\"4,0,0\">NIF: B08716300<\/p>\n<\/li>\n<li>\n<p data-path-to-node=\"4,1,0\"><b data-path-to-node=\"4,1,0\" data-index-in-node=\"0\">ADRE\u00c7A:<\/b> AV. MARE DE DEU DE MONTSERRAT, 6, 08970 SANT JOAN DESPI (BARCELONA) <\/p>\n<\/li>\n<li>\n<p data-path-to-node=\"4,2,0\"><b data-path-to-node=\"4,2,0\" data-index-in-node=\"0\">CORREU ELECTR\u00d2NIC:<\/b> contabilidad@bodegasbellod.com<\/p>\n<\/li>\n<\/ul>\n<p data-path-to-node=\"5\">En unir-se a la nostra p\u00e0gina, l'usuari facilita el seu consentiment per al tractament d'aquelles dades personals publicades en el seu perfil. L'usuari pot accedir en tot moment a les pol\u00edtiques de privacitat de la pr\u00f2pia Xarxa Social i configurar el seu perfil per garantir la seva privacitat. <\/p>\n<p data-path-to-node=\"6\">BODEGAS BELLOD SL t\u00e9 acc\u00e9s i tracta la informaci\u00f3 p\u00fablica de l'usuari (especialment el seu nom de contacte) dins de la pr\u00f2pia Xarxa Social, sense incorporar-los a cap sistema de tractament extern.<\/p>\n<hr data-path-to-node=\"7\">\n<h3 data-path-to-node=\"8\">Drets dels interessats<\/h3>\n<p data-path-to-node=\"9\">D' acord amb el RGPD, vost\u00e8 pot exercir els seus drets davant BODEGAS BELLOD SL tenint en compte els seg\u00fcents matisos:<\/p>\n<ul data-path-to-node=\"10\">\n<li>\n<p data-path-to-node=\"10,0,0\"><b data-path-to-node=\"10,0,0\" data-index-in-node=\"0\">Dret d' Acc\u00e9s:<\/b> Obtenir informaci\u00f3 sobre les seves dades concretes i el tractament realitzat.<\/p>\n<\/li>\n<li>\n<p data-path-to-node=\"10,1,0\"><b data-path-to-node=\"10,1,0\" data-index-in-node=\"0\">Dret de Rectificaci\u00f3:<\/b> Modificar dades inexactes o incompletes (nom\u00e9s aplicable a informaci\u00f3 sota control de BODEGAS BELLOD SL, com a comentaris a la seva p\u00e0gina).<\/p>\n<\/li>\n<li>\n<p data-path-to-node=\"10,2,0\"><b data-path-to-node=\"10,2,0\" data-index-in-node=\"0\">Dret a la Limitaci\u00f3 de tractament:<\/b> Limitar els fins del tractament previstos originalment.<\/p>\n<\/li>\n<li>\n<p data-path-to-node=\"10,3,0\"><b data-path-to-node=\"10,3,0\" data-index-in-node=\"0\">Dret de Supressi\u00f3:<\/b> Eliminar les seves dades, a excepci\u00f3 del que preveu el RGPD o altres normatives de conservaci\u00f3 obligat\u00f2ria.<\/p>\n<\/li>\n<li>\n<p data-path-to-node=\"10,4,0\"><b data-path-to-node=\"10,4,0\" data-index-in-node=\"0\">Dret de Portabilitat:<\/b> Rebre les seves dades en un format estructurat i transmetre' ls a un altre responsable.<\/p>\n<\/li>\n<li>\n<p data-path-to-node=\"10,5,0\"><b data-path-to-node=\"10,5,0\" data-index-in-node=\"0\">Dret d' Oposici\u00f3:<\/b> Demanar que no es dugui a terme o cessi el tractament de les seves dades per part de BODEGAS BELLOD SL.<\/p>\n<\/li>\n<\/ul>\n<hr data-path-to-node=\"11\">\n<h3 data-path-to-node=\"12\">Actuacions i \u00fas de la informaci\u00f3<\/h3>\n<p data-path-to-node=\"13\">BODEGAS BELLOD SL realitzar\u00e0 les seg\u00fcents accions:<\/p>\n<ul data-path-to-node=\"14\">\n<li>\n<p data-path-to-node=\"14,0,0\">Acc\u00e9s a la informaci\u00f3 p\u00fablica del perfil.<\/p>\n<\/li>\n<li>\n<p data-path-to-node=\"14,1,0\">Publicaci\u00f3 al perfil de l' usuari d' informaci\u00f3 ja publicada a la p\u00e0gina de BODEGAS BELLOD SL.<\/p>\n<\/li>\n<li>\n<p data-path-to-node=\"14,2,0\">Tramesa de missatges personals i individuals a trav\u00e9s dels canals de la Xarxa Social.<\/p>\n<\/li>\n<li>\n<p data-path-to-node=\"14,3,0\">Actualitzacions de l\u2019estat de la p\u00e0gina que es publicaran al perfil de l\u2019usuari.<\/p>\n<\/li>\n<\/ul>\n<h4 data-path-to-node=\"15\">Publicacions<\/h4>\n<p data-path-to-node=\"16\">L'usuari \u00e9s titular i responsable dels continguts (comentaris, enlla\u00e7os, imatges) que publiqui. Es prohibeix expressament qualsevol publicaci\u00f3 que atempti contra la moral, l'\u00e8tica o els drets de propietat intel\u00b7lectual. En aquests casos, BODEGAS BELLOD SL es reserva el dret a retirar el contingut i bloquejar l'usuari.  <\/p>\n<h4 data-path-to-node=\"17\">Concursos i promocions<\/h4>\n<p data-path-to-node=\"18\">BODEGAS BELLOD SL es reserva el dret a realitzar concursos les bases dels quals es publicaran a la pr\u00f2pia plataforma, complint amb la LSSI-CE. La Xarxa Social no patrocina ni administra aquestes promocions de cap manera. <\/p>\n<h4 data-path-to-node=\"19\">Publicitat<\/h4>\n<p data-path-to-node=\"20\">La Xarxa Social s' utilitzar\u00e0 per publicitar productes i serveis. Les accions de prospecci\u00f3 comercial directa es realitzaran sempre complint amb la normativa de protecci\u00f3 de dades. <\/p>\n<hr data-path-to-node=\"21\">\n<h3 data-path-to-node=\"22\">Enlla\u00e7os a Pol\u00edtiques de Privacitat<\/h3>\n<ul data-path-to-node=\"23\">\n<li>\n<p data-path-to-node=\"23,0,0\"><b data-path-to-node=\"23,0,0\" data-index-in-node=\"0\">Facebook:<\/b> <response-element class=\"\" ng-version=\"0.0.0-PLACEHOLDER\"><link-block _nghost-ng-c3516055842=\"\" class=\"ng-star-inserted\"><a _ngcontent-ng-c3516055842=\"\" target=\"_blank\" rel=\"noopener\" externallink=\"\" _nghost-ng-c2604612301=\"\" jslog=\"197247;track:generic_click,impression,attention;BardVeMetadataKey:[[\"r_0ea41024bd6b0bfe\",\"c_657961767eac3a46\",null,\"rc_c312454fc9d65a54\",null,null,\"es\",null,1,null,null,1,0]]\" href=\"https:\/\/es-es.facebook.com\/privacy\/explanation\" class=\"ng-star-inserted\" data-hveid=\"0\" decode-data-ved=\"1\" data-ved=\"0CAAQ_4QMahgKEwj8h_Owh6mUAxUAAAAAHQAAAAAQ4AE\">https:\/\/es-es.facebook.com\/privacy\/explanation<\/a><\/link-block><\/response-element><\/p>\n<\/li>\n<li>\n<p data-path-to-node=\"23,1,0\"><b data-path-to-node=\"23,1,0\" data-index-in-node=\"0\">X:<\/b> <response-element class=\"\" ng-version=\"0.0.0-PLACEHOLDER\"><link-block _nghost-ng-c3516055842=\"\" class=\"ng-star-inserted\"><a _ngcontent-ng-c3516055842=\"\" target=\"_blank\" rel=\"noopener\" externallink=\"\" _nghost-ng-c2604612301=\"\" jslog=\"197247;track:generic_click,impression,attention;BardVeMetadataKey:[[\"r_0ea41024bd6b0bfe\",\"c_657961767eac3a46\",null,\"rc_c312454fc9d65a54\",null,null,\"es\",null,1,null,null,1,0]]\" href=\"https:\/\/x.com\/es\/privacy\" class=\"ng-star-inserted\" data-hveid=\"0\" decode-data-ved=\"1\" data-ved=\"0CAAQ_4QMahgKEwj8h_Owh6mUAxUAAAAAHQAAAAAQ4QE\">https:\/\/x.com\/es\/privacy<\/a><\/link-block><\/response-element><\/p>\n<\/li>\n<li>\n<p data-path-to-node=\"23,2,0\"><b data-path-to-node=\"23,2,0\" data-index-in-node=\"0\">Instagram:<\/b> <response-element class=\"\" ng-version=\"0.0.0-PLACEHOLDER\"><link-block _nghost-ng-c3516055842=\"\" class=\"ng-star-inserted\"><a _ngcontent-ng-c3516055842=\"\" target=\"_blank\" rel=\"noopener\" externallink=\"\" _nghost-ng-c2604612301=\"\" jslog=\"197247;track:generic_click,impression,attention;BardVeMetadataKey:[[\"r_0ea41024bd6b0bfe\",\"c_657961767eac3a46\",null,\"rc_c312454fc9d65a54\",null,null,\"es\",null,1,null,null,1,0]]\" href=\"http:\/\/instagram.com\/about\/legal\/privacy\/\" class=\"ng-star-inserted\" data-hveid=\"0\" decode-data-ved=\"1\" data-ved=\"0CAAQ_4QMahgKEwj8h_Owh6mUAxUAAAAAHQAAAAAQ4gE\">http:\/\/instagram.com\/about\/legal\/privacy\/<\/a><\/link-block><\/response-element><\/p>\n<\/li>\n<\/ul>\n<p data-path-to-node=\"24\"><b data-path-to-node=\"24\" data-index-in-node=\"0\">Darrera actualitzaci\u00f3:<\/b> 1 de maig de 2026<\/p>\n<\/div><\/div>\n<\/div>\n<\/div>\n<\/div>","protected":false},"excerpt":{"rendered":"","protected":false},"author":1,"featured_media":0,"parent":0,"menu_order":0,"comment_status":"closed","ping_status":"closed","template":"","meta":{"_acf_changed":false,"footnotes":""},"class_list":["post-225425","page","type-page","status-publish","hentry"],"acf":[],"yoast_head":"<!-- This site is optimized with the Yoast SEO plugin v27.5 - https:\/\/yoast.com\/product\/yoast-seo-wordpress\/ -->\n<title>Pol\u00edtica de privacitat xarxes socials - Bodegas Bellod - Celler<\/title>\n<meta name=\"robots\" content=\"noindex, nofollow\" \/>\n<meta property=\"og:locale\" content=\"ca_ES\" \/>\n<meta property=\"og:type\" content=\"article\" \/>\n<meta property=\"og:title\" content=\"Pol\u00edtica de privacitat xarxes socials - Bodegas Bellod - Celler\" \/>\n<meta property=\"og:url\" content=\"https:\/\/www.bodegasbellod.com\/ca\/politica-de-privacitat-xarxes-socials\/\" \/>\n<meta property=\"og:site_name\" content=\"Bodegas Bellod - Celler\" \/>\n<meta property=\"article:modified_time\" content=\"2026-05-08T07:31:34+00:00\" \/>\n<meta name=\"twitter:card\" content=\"summary_large_image\" \/>\n<script type=\"application\/ld+json\" class=\"yoast-schema-graph\">{\"@context\":\"https:\\\/\\\/schema.org\",\"@graph\":[{\"@type\":\"WebPage\",\"@id\":\"https:\\\/\\\/www.bodegasbellod.com\\\/ca\\\/politica-de-privacitat-xarxes-socials\\\/\",\"url\":\"https:\\\/\\\/www.bodegasbellod.com\\\/ca\\\/politica-de-privacitat-xarxes-socials\\\/\",\"name\":\"Pol\u00edtica de privacitat xarxes socials - Bodegas Bellod - Celler\",\"isPartOf\":{\"@id\":\"https:\\\/\\\/www.bodegasbellod.com\\\/ca\\\/#website\"},\"datePublished\":\"2026-05-08T07:28:13+00:00\",\"dateModified\":\"2026-05-08T07:31:34+00:00\",\"breadcrumb\":{\"@id\":\"https:\\\/\\\/www.bodegasbellod.com\\\/ca\\\/politica-de-privacitat-xarxes-socials\\\/#breadcrumb\"},\"inLanguage\":\"ca\",\"potentialAction\":[{\"@type\":\"ReadAction\",\"target\":[\"https:\\\/\\\/www.bodegasbellod.com\\\/ca\\\/politica-de-privacitat-xarxes-socials\\\/\"]}]},{\"@type\":\"BreadcrumbList\",\"@id\":\"https:\\\/\\\/www.bodegasbellod.com\\\/ca\\\/politica-de-privacitat-xarxes-socials\\\/#breadcrumb\",\"itemListElement\":[{\"@type\":\"ListItem\",\"position\":1,\"name\":\"Portada\",\"item\":\"https:\\\/\\\/www.bodegasbellod.com\\\/ca\\\/\"},{\"@type\":\"ListItem\",\"position\":2,\"name\":\"Pol\u00edtica de privacitat xarxes socials\"}]},{\"@type\":\"WebSite\",\"@id\":\"https:\\\/\\\/www.bodegasbellod.com\\\/ca\\\/#website\",\"url\":\"https:\\\/\\\/www.bodegasbellod.com\\\/ca\\\/\",\"name\":\"Bodegas Bellod - Celler\",\"description\":\"Descubre Bodegas Bellod: vinos y vermuts elaborados con tradici\u00f3n y calidad. Compra online nuestros productos y conoce nuestra finca y bodega.\",\"potentialAction\":[{\"@type\":\"SearchAction\",\"target\":{\"@type\":\"EntryPoint\",\"urlTemplate\":\"https:\\\/\\\/www.bodegasbellod.com\\\/ca\\\/?s={search_term_string}\"},\"query-input\":{\"@type\":\"PropertyValueSpecification\",\"valueRequired\":true,\"valueName\":\"search_term_string\"}}],\"inLanguage\":\"ca\"}]}<\/script>\n<!-- \/ Yoast SEO plugin. -->","yoast_head_json":{"title":"Pol\u00edtica de privacitat xarxes socials - Bodegas Bellod - Celler","robots":{"index":"noindex","follow":"nofollow"},"og_locale":"ca_ES","og_type":"article","og_title":"Pol\u00edtica de privacitat xarxes socials - Bodegas Bellod - Celler","og_url":"https:\/\/www.bodegasbellod.com\/ca\/politica-de-privacitat-xarxes-socials\/","og_site_name":"Bodegas Bellod - Celler","article_modified_time":"2026-05-08T07:31:34+00:00","twitter_card":"summary_large_image","schema":{"@context":"https:\/\/schema.org","@graph":[{"@type":"WebPage","@id":"https:\/\/www.bodegasbellod.com\/ca\/politica-de-privacitat-xarxes-socials\/","url":"https:\/\/www.bodegasbellod.com\/ca\/politica-de-privacitat-xarxes-socials\/","name":"Pol\u00edtica de privacitat xarxes socials - Bodegas Bellod - Celler","isPartOf":{"@id":"https:\/\/www.bodegasbellod.com\/ca\/#website"},"datePublished":"2026-05-08T07:28:13+00:00","dateModified":"2026-05-08T07:31:34+00:00","breadcrumb":{"@id":"https:\/\/www.bodegasbellod.com\/ca\/politica-de-privacitat-xarxes-socials\/#breadcrumb"},"inLanguage":"ca","potentialAction":[{"@type":"ReadAction","target":["https:\/\/www.bodegasbellod.com\/ca\/politica-de-privacitat-xarxes-socials\/"]}]},{"@type":"BreadcrumbList","@id":"https:\/\/www.bodegasbellod.com\/ca\/politica-de-privacitat-xarxes-socials\/#breadcrumb","itemListElement":[{"@type":"ListItem","position":1,"name":"Portada","item":"https:\/\/www.bodegasbellod.com\/ca\/"},{"@type":"ListItem","position":2,"name":"Pol\u00edtica de privacitat xarxes socials"}]},{"@type":"WebSite","@id":"https:\/\/www.bodegasbellod.com\/ca\/#website","url":"https:\/\/www.bodegasbellod.com\/ca\/","name":"Bodegas Bellod - Celler","description":"Descubre Bodegas Bellod: vinos y vermuts elaborados con tradici\u00f3n y calidad. Compra online nuestros productos y conoce nuestra finca y bodega.","potentialAction":[{"@type":"SearchAction","target":{"@type":"EntryPoint","urlTemplate":"https:\/\/www.bodegasbellod.com\/ca\/?s={search_term_string}"},"query-input":{"@type":"PropertyValueSpecification","valueRequired":true,"valueName":"search_term_string"}}],"inLanguage":"ca"}]}},"_links":{"self":[{"href":"https:\/\/www.bodegasbellod.com\/ca\/wp-json\/wp\/v2\/pages\/225425","targetHints":{"allow":["GET"]}}],"collection":[{"href":"https:\/\/www.bodegasbellod.com\/ca\/wp-json\/wp\/v2\/pages"}],"about":[{"href":"https:\/\/www.bodegasbellod.com\/ca\/wp-json\/wp\/v2\/types\/page"}],"author":[{"embeddable":true,"href":"https:\/\/www.bodegasbellod.com\/ca\/wp-json\/wp\/v2\/users\/1"}],"replies":[{"embeddable":true,"href":"https:\/\/www.bodegasbellod.com\/ca\/wp-json\/wp\/v2\/comments?post=225425"}],"version-history":[{"count":2,"href":"https:\/\/www.bodegasbellod.com\/ca\/wp-json\/wp\/v2\/pages\/225425\/revisions"}],"predecessor-version":[{"id":225427,"href":"https:\/\/www.bodegasbellod.com\/ca\/wp-json\/wp\/v2\/pages\/225425\/revisions\/225427"}],"wp:attachment":[{"href":"https:\/\/www.bodegasbellod.com\/ca\/wp-json\/wp\/v2\/media?parent=225425"}],"curies":[{"name":"wp","href":"https:\/\/api.w.org\/{rel}","templated":true}]}}