{"id":225018,"date":"2026-02-19T13:58:32","date_gmt":"2026-02-19T12:58:32","guid":{"rendered":"https:\/\/bb.agenciatelo.com\/producto\/moscatell-pina-5-l\/"},"modified":"2026-04-28T13:10:52","modified_gmt":"2026-04-28T11:10:52","slug":"moscatell-pina-5-l","status":"publish","type":"product","link":"https:\/\/www.bodegasbellod.com\/ca\/producto\/moscatell-pina-5-l\/","title":{"rendered":"Moscatell Pina 5 l."},"content":{"rendered":"<p><b data-path-to-node=\"1\" data-index-in-node=\"18\">Moscatell Pina<\/b> \u00e9s un vi de licor elaborat amb la varietat <b data-path-to-node=\"1\" data-index-in-node=\"79\">Moscatell d&#8217;Alexandria<\/b>, seleccionada pel seu perfil intensivament arom\u00e0tic i dol\u00e7or natural. Mitjan\u00e7ant l&#8217;aturada de la fermentaci\u00f3 amb alcohol v\u00ednic, s&#8217;aconsegueix un vi ric, seductor i equilibrat que destaca per les seves <b data-path-to-node=\"1\" data-index-in-node=\"295\">notes de mel i flor de taronger<\/b>. Presentat en format <b data-path-to-node=\"1\" data-index-in-node=\"349\">Bag in Box<\/b> de 5 litres, \u00e9s l&#8217;opci\u00f3 ideal i pr\u00e0ctica per a celebracions i sobretaules, mantenint tota la seva calidesa i profunditat arom\u00e0tica.  <\/p>\n","protected":false},"excerpt":{"rendered":"<p><b data-path-to-node=\"1\" data-index-in-node=\"18\">Moscatell Pina<\/b> \u00e9s un vi de licor elaborat amb la varietat <b data-path-to-node=\"1\" data-index-in-node=\"79\">Moscatell d&#8217;Alexandria<\/b>, seleccionada pel seu perfil intensivament arom\u00e0tic i dol\u00e7or natural. Mitjan\u00e7ant l&#8217;aturada de la fermentaci\u00f3 amb alcohol v\u00ednic, s&#8217;aconsegueix un vi ric, seductor i equilibrat que destaca per les seves <b data-path-to-node=\"1\" data-index-in-node=\"295\">notes de mel i flor de taronger<\/b>. Presentat en format <b data-path-to-node=\"1\" data-index-in-node=\"349\">Bag in Box<\/b> de 5 litres, \u00e9s l&#8217;opci\u00f3 ideal i pr\u00e0ctica per a celebracions i sobretaules, mantenint tota la seva calidesa i profunditat arom\u00e0tica.  <\/p>\n","protected":false},"featured_media":225019,"template":"","meta":{"_acf_changed":false},"product_brand":[],"product_cat":[50,61],"product_tag":[],"class_list":{"0":"post-225018","1":"product","2":"type-product","3":"status-publish","4":"has-post-thumbnail","6":"product_cat-bag-in-box","7":"product_cat-moscatell","9":"first","10":"instock","11":"taxable","12":"shipping-taxable","13":"purchasable","14":"product-type-simple"},"acf":[],"yoast_head":"<!-- This site is optimized with the Yoast SEO plugin v27.5 - https:\/\/yoast.com\/product\/yoast-seo-wordpress\/ -->\n<title>Moscatell Pina 5 l. - Bodegas Bellod - Celler<\/title>\n<meta name=\"robots\" content=\"index, follow, max-snippet:-1, max-image-preview:large, max-video-preview:-1\" \/>\n<link rel=\"canonical\" href=\"https:\/\/www.bodegasbellod.com\/ca\/producto\/moscatell-pina-5-l\/\" \/>\n<meta property=\"og:locale\" content=\"ca_ES\" \/>\n<meta property=\"og:type\" content=\"article\" \/>\n<meta property=\"og:title\" content=\"Moscatell Pina 5 l. - Bodegas Bellod - Celler\" \/>\n<meta property=\"og:description\" content=\"Moscatell Pina \u00e9s un vi de licor elaborat amb la varietat Moscatell d&#039;Alexandria, seleccionada pel seu perfil intensivament arom\u00e0tic i dol\u00e7or natural. Mitjan\u00e7ant l&#039;aturada de la fermentaci\u00f3 amb alcohol v\u00ednic, s&#039;aconsegueix un vi ric, seductor i equilibrat que destaca per les seves notes de mel i flor de taronger. Presentat en format Bag in Box de 5 litres, \u00e9s l&#039;opci\u00f3 ideal i pr\u00e0ctica per a celebracions i sobretaules, mantenint tota la seva calidesa i profunditat arom\u00e0tica.\" \/>\n<meta property=\"og:url\" content=\"https:\/\/www.bodegasbellod.com\/ca\/producto\/moscatell-pina-5-l\/\" \/>\n<meta property=\"og:site_name\" content=\"Bodegas Bellod - Celler\" \/>\n<meta property=\"article:modified_time\" content=\"2026-04-28T11:10:52+00:00\" \/>\n<meta property=\"og:image\" content=\"https:\/\/www.bodegasbellod.com\/wp-content\/uploads\/2026\/02\/Fotos-Tienda-Redimensionadas-_24_.webp\" \/>\n\t<meta property=\"og:image:width\" content=\"1080\" \/>\n\t<meta property=\"og:image:height\" content=\"1440\" \/>\n\t<meta property=\"og:image:type\" content=\"image\/webp\" \/>\n<meta name=\"twitter:card\" content=\"summary_large_image\" \/>\n<script type=\"application\/ld+json\" class=\"yoast-schema-graph\">{\"@context\":\"https:\\\/\\\/schema.org\",\"@graph\":[{\"@type\":\"WebPage\",\"@id\":\"https:\\\/\\\/www.bodegasbellod.com\\\/ca\\\/producto\\\/moscatell-pina-5-l\\\/\",\"url\":\"https:\\\/\\\/www.bodegasbellod.com\\\/ca\\\/producto\\\/moscatell-pina-5-l\\\/\",\"name\":\"Moscatell Pina 5 l. - Bodegas Bellod - Celler\",\"isPartOf\":{\"@id\":\"https:\\\/\\\/www.bodegasbellod.com\\\/ca\\\/#website\"},\"primaryImageOfPage\":{\"@id\":\"https:\\\/\\\/www.bodegasbellod.com\\\/ca\\\/producto\\\/moscatell-pina-5-l\\\/#primaryimage\"},\"image\":{\"@id\":\"https:\\\/\\\/www.bodegasbellod.com\\\/ca\\\/producto\\\/moscatell-pina-5-l\\\/#primaryimage\"},\"thumbnailUrl\":\"https:\\\/\\\/www.bodegasbellod.com\\\/wp-content\\\/uploads\\\/2026\\\/02\\\/Fotos-Tienda-Redimensionadas-_24_.webp\",\"datePublished\":\"2026-02-19T12:58:32+00:00\",\"dateModified\":\"2026-04-28T11:10:52+00:00\",\"breadcrumb\":{\"@id\":\"https:\\\/\\\/www.bodegasbellod.com\\\/ca\\\/producto\\\/moscatell-pina-5-l\\\/#breadcrumb\"},\"inLanguage\":\"ca\",\"potentialAction\":[{\"@type\":\"ReadAction\",\"target\":[\"https:\\\/\\\/www.bodegasbellod.com\\\/ca\\\/producto\\\/moscatell-pina-5-l\\\/\"]}]},{\"@type\":\"ImageObject\",\"inLanguage\":\"ca\",\"@id\":\"https:\\\/\\\/www.bodegasbellod.com\\\/ca\\\/producto\\\/moscatell-pina-5-l\\\/#primaryimage\",\"url\":\"https:\\\/\\\/www.bodegasbellod.com\\\/wp-content\\\/uploads\\\/2026\\\/02\\\/Fotos-Tienda-Redimensionadas-_24_.webp\",\"contentUrl\":\"https:\\\/\\\/www.bodegasbellod.com\\\/wp-content\\\/uploads\\\/2026\\\/02\\\/Fotos-Tienda-Redimensionadas-_24_.webp\",\"width\":1080,\"height\":1440,\"caption\":\"Fotos Tienda Redimensionadas 24\"},{\"@type\":\"BreadcrumbList\",\"@id\":\"https:\\\/\\\/www.bodegasbellod.com\\\/ca\\\/producto\\\/moscatell-pina-5-l\\\/#breadcrumb\",\"itemListElement\":[{\"@type\":\"ListItem\",\"position\":1,\"name\":\"Portada\",\"item\":\"https:\\\/\\\/www.bodegasbellod.com\\\/ca\\\/\"},{\"@type\":\"ListItem\",\"position\":2,\"name\":\"Botiga\",\"item\":\"https:\\\/\\\/www.bodegasbellod.com\\\/ca\\\/botiga\\\/\"},{\"@type\":\"ListItem\",\"position\":3,\"name\":\"Moscatell Pina 5 l.\"}]},{\"@type\":\"WebSite\",\"@id\":\"https:\\\/\\\/www.bodegasbellod.com\\\/ca\\\/#website\",\"url\":\"https:\\\/\\\/www.bodegasbellod.com\\\/ca\\\/\",\"name\":\"Bodegas Bellod - Celler\",\"description\":\"Descubre Bodegas Bellod: vinos y vermuts elaborados con tradici\u00f3n y calidad. Compra online nuestros productos y conoce nuestra finca y bodega.\",\"potentialAction\":[{\"@type\":\"SearchAction\",\"target\":{\"@type\":\"EntryPoint\",\"urlTemplate\":\"https:\\\/\\\/www.bodegasbellod.com\\\/ca\\\/?s={search_term_string}\"},\"query-input\":{\"@type\":\"PropertyValueSpecification\",\"valueRequired\":true,\"valueName\":\"search_term_string\"}}],\"inLanguage\":\"ca\"}]}<\/script>\n<!-- \/ Yoast SEO plugin. -->","yoast_head_json":{"title":"Moscatell Pina 5 l. - Bodegas Bellod - Celler","robots":{"index":"index","follow":"follow","max-snippet":"max-snippet:-1","max-image-preview":"max-image-preview:large","max-video-preview":"max-video-preview:-1"},"canonical":"https:\/\/www.bodegasbellod.com\/ca\/producto\/moscatell-pina-5-l\/","og_locale":"ca_ES","og_type":"article","og_title":"Moscatell Pina 5 l. - Bodegas Bellod - Celler","og_description":"Moscatell Pina \u00e9s un vi de licor elaborat amb la varietat Moscatell d'Alexandria, seleccionada pel seu perfil intensivament arom\u00e0tic i dol\u00e7or natural. Mitjan\u00e7ant l'aturada de la fermentaci\u00f3 amb alcohol v\u00ednic, s'aconsegueix un vi ric, seductor i equilibrat que destaca per les seves notes de mel i flor de taronger. Presentat en format Bag in Box de 5 litres, \u00e9s l'opci\u00f3 ideal i pr\u00e0ctica per a celebracions i sobretaules, mantenint tota la seva calidesa i profunditat arom\u00e0tica.","og_url":"https:\/\/www.bodegasbellod.com\/ca\/producto\/moscatell-pina-5-l\/","og_site_name":"Bodegas Bellod - Celler","article_modified_time":"2026-04-28T11:10:52+00:00","og_image":[{"width":1080,"height":1440,"url":"https:\/\/www.bodegasbellod.com\/wp-content\/uploads\/2026\/02\/Fotos-Tienda-Redimensionadas-_24_.webp","type":"image\/webp"}],"twitter_card":"summary_large_image","schema":{"@context":"https:\/\/schema.org","@graph":[{"@type":"WebPage","@id":"https:\/\/www.bodegasbellod.com\/ca\/producto\/moscatell-pina-5-l\/","url":"https:\/\/www.bodegasbellod.com\/ca\/producto\/moscatell-pina-5-l\/","name":"Moscatell Pina 5 l. - Bodegas Bellod - Celler","isPartOf":{"@id":"https:\/\/www.bodegasbellod.com\/ca\/#website"},"primaryImageOfPage":{"@id":"https:\/\/www.bodegasbellod.com\/ca\/producto\/moscatell-pina-5-l\/#primaryimage"},"image":{"@id":"https:\/\/www.bodegasbellod.com\/ca\/producto\/moscatell-pina-5-l\/#primaryimage"},"thumbnailUrl":"https:\/\/www.bodegasbellod.com\/wp-content\/uploads\/2026\/02\/Fotos-Tienda-Redimensionadas-_24_.webp","datePublished":"2026-02-19T12:58:32+00:00","dateModified":"2026-04-28T11:10:52+00:00","breadcrumb":{"@id":"https:\/\/www.bodegasbellod.com\/ca\/producto\/moscatell-pina-5-l\/#breadcrumb"},"inLanguage":"ca","potentialAction":[{"@type":"ReadAction","target":["https:\/\/www.bodegasbellod.com\/ca\/producto\/moscatell-pina-5-l\/"]}]},{"@type":"ImageObject","inLanguage":"ca","@id":"https:\/\/www.bodegasbellod.com\/ca\/producto\/moscatell-pina-5-l\/#primaryimage","url":"https:\/\/www.bodegasbellod.com\/wp-content\/uploads\/2026\/02\/Fotos-Tienda-Redimensionadas-_24_.webp","contentUrl":"https:\/\/www.bodegasbellod.com\/wp-content\/uploads\/2026\/02\/Fotos-Tienda-Redimensionadas-_24_.webp","width":1080,"height":1440,"caption":"Fotos Tienda Redimensionadas 24"},{"@type":"BreadcrumbList","@id":"https:\/\/www.bodegasbellod.com\/ca\/producto\/moscatell-pina-5-l\/#breadcrumb","itemListElement":[{"@type":"ListItem","position":1,"name":"Portada","item":"https:\/\/www.bodegasbellod.com\/ca\/"},{"@type":"ListItem","position":2,"name":"Botiga","item":"https:\/\/www.bodegasbellod.com\/ca\/botiga\/"},{"@type":"ListItem","position":3,"name":"Moscatell Pina 5 l."}]},{"@type":"WebSite","@id":"https:\/\/www.bodegasbellod.com\/ca\/#website","url":"https:\/\/www.bodegasbellod.com\/ca\/","name":"Bodegas Bellod - Celler","description":"Descubre Bodegas Bellod: vinos y vermuts elaborados con tradici\u00f3n y calidad. Compra online nuestros productos y conoce nuestra finca y bodega.","potentialAction":[{"@type":"SearchAction","target":{"@type":"EntryPoint","urlTemplate":"https:\/\/www.bodegasbellod.com\/ca\/?s={search_term_string}"},"query-input":{"@type":"PropertyValueSpecification","valueRequired":true,"valueName":"search_term_string"}}],"inLanguage":"ca"}]}},"_links":{"self":[{"href":"https:\/\/www.bodegasbellod.com\/ca\/wp-json\/wp\/v2\/product\/225018","targetHints":{"allow":["GET"]}}],"collection":[{"href":"https:\/\/www.bodegasbellod.com\/ca\/wp-json\/wp\/v2\/product"}],"about":[{"href":"https:\/\/www.bodegasbellod.com\/ca\/wp-json\/wp\/v2\/types\/product"}],"wp:featuredmedia":[{"embeddable":true,"href":"https:\/\/www.bodegasbellod.com\/ca\/wp-json\/wp\/v2\/media\/225019"}],"wp:attachment":[{"href":"https:\/\/www.bodegasbellod.com\/ca\/wp-json\/wp\/v2\/media?parent=225018"}],"wp:term":[{"taxonomy":"product_brand","embeddable":true,"href":"https:\/\/www.bodegasbellod.com\/ca\/wp-json\/wp\/v2\/product_brand?post=225018"},{"taxonomy":"product_cat","embeddable":true,"href":"https:\/\/www.bodegasbellod.com\/ca\/wp-json\/wp\/v2\/product_cat?post=225018"},{"taxonomy":"product_tag","embeddable":true,"href":"https:\/\/www.bodegasbellod.com\/ca\/wp-json\/wp\/v2\/product_tag?post=225018"}],"curies":[{"name":"wp","href":"https:\/\/api.w.org\/{rel}","templated":true}]}}