{"id":225042,"date":"2026-02-19T14:03:48","date_gmt":"2026-02-19T13:03:48","guid":{"rendered":"https:\/\/bb.agenciatelo.com\/producto\/mas-del-nen-edicio-limitada-syrah\/"},"modified":"2026-04-28T13:03:24","modified_gmt":"2026-04-28T11:03:24","slug":"mas-del-nen-edicio-limitada-syrah","status":"publish","type":"product","link":"https:\/\/www.bodegasbellod.com\/ca\/producto\/mas-del-nen-edicio-limitada-syrah\/","title":{"rendered":"Mas Del Nen Edici\u00f3 Limitada \u2013 Syrah"},"content":{"rendered":"<p><b data-path-to-node=\"1\" data-index-in-node=\"18\">Mas Del Nen Edici\u00f3 Limitada \u2013 Syrah<\/b> \u00e9s un negre 100% monovarietal que encarna la intensitat i la sofisticaci\u00f3. Amb una acurada <b data-path-to-node=\"1\" data-index-in-node=\"147\">crian\u00e7a de 12 mesos en barrica i altres 12 mesos en ampolla<\/b>, aquest vi ofereix un perfil profund on la fruita negra madura s&#8217;entrella\u00e7a amb notes de cacau i pebre negre. Els seus tanins sedosos i la seva estructura elegant el converteixen en l&#8217;elecci\u00f3 perfecta per a <b data-path-to-node=\"1\" data-index-in-node=\"409\">ocasions especials i maridatges gastron\u00f2mics contundents<\/b> com carns de ca\u00e7a o formatges curats.  <\/p>\n","protected":false},"excerpt":{"rendered":"<p><b data-path-to-node=\"1\" data-index-in-node=\"18\">Mas Del Nen Edici\u00f3 Limitada \u2013 Syrah<\/b> \u00e9s un negre 100% monovarietal que encarna la intensitat i la sofisticaci\u00f3. Amb una acurada <b data-path-to-node=\"1\" data-index-in-node=\"147\">crian\u00e7a de 12 mesos en barrica i altres 12 mesos en ampolla<\/b>, aquest vi ofereix un perfil profund on la fruita negra madura s&#8217;entrella\u00e7a amb notes de cacau i pebre negre. Els seus tanins sedosos i la seva estructura elegant el converteixen en l&#8217;elecci\u00f3 perfecta per a <b data-path-to-node=\"1\" data-index-in-node=\"409\">ocasions especials i maridatges gastron\u00f2mics contundents<\/b> com carns de ca\u00e7a o formatges curats.  <\/p>\n","protected":false},"featured_media":224965,"template":"","meta":{"_acf_changed":false},"product_brand":[],"product_cat":[52],"product_tag":[],"class_list":{"0":"post-225042","1":"product","2":"type-product","3":"status-publish","4":"has-post-thumbnail","6":"product_cat-vi-negre","8":"first","9":"instock","10":"taxable","11":"shipping-taxable","12":"purchasable","13":"product-type-simple"},"acf":[],"yoast_head":"<!-- This site is optimized with the Yoast SEO plugin v27.5 - https:\/\/yoast.com\/product\/yoast-seo-wordpress\/ -->\n<title>Mas Del Nen Edici\u00f3 Limitada \u2013 Syrah - Bodegas Bellod - Celler<\/title>\n<meta name=\"robots\" content=\"index, follow, max-snippet:-1, max-image-preview:large, max-video-preview:-1\" \/>\n<link rel=\"canonical\" href=\"https:\/\/www.bodegasbellod.com\/ca\/producto\/mas-del-nen-edicio-limitada-syrah\/\" \/>\n<meta property=\"og:locale\" content=\"ca_ES\" \/>\n<meta property=\"og:type\" content=\"article\" \/>\n<meta property=\"og:title\" content=\"Mas Del Nen Edici\u00f3 Limitada \u2013 Syrah - Bodegas Bellod - Celler\" \/>\n<meta property=\"og:description\" content=\"Mas Del Nen Edici\u00f3 Limitada \u2013 Syrah \u00e9s un negre 100% monovarietal que encarna la intensitat i la sofisticaci\u00f3. Amb una acurada crian\u00e7a de 12 mesos en barrica i altres 12 mesos en ampolla, aquest vi ofereix un perfil profund on la fruita negra madura s&#039;entrella\u00e7a amb notes de cacau i pebre negre. Els seus tanins sedosos i la seva estructura elegant el converteixen en l&#039;elecci\u00f3 perfecta per a ocasions especials i maridatges gastron\u00f2mics contundents com carns de ca\u00e7a o formatges curats.\" \/>\n<meta property=\"og:url\" content=\"https:\/\/www.bodegasbellod.com\/ca\/producto\/mas-del-nen-edicio-limitada-syrah\/\" \/>\n<meta property=\"og:site_name\" content=\"Bodegas Bellod - Celler\" \/>\n<meta property=\"article:modified_time\" content=\"2026-04-28T11:03:24+00:00\" \/>\n<meta property=\"og:image\" content=\"https:\/\/www.bodegasbellod.com\/wp-content\/uploads\/2026\/02\/Fotos-Tienda-Redimensionadas-_3_.webp\" \/>\n\t<meta property=\"og:image:width\" content=\"1080\" \/>\n\t<meta property=\"og:image:height\" content=\"1440\" \/>\n\t<meta property=\"og:image:type\" content=\"image\/webp\" \/>\n<meta name=\"twitter:card\" content=\"summary_large_image\" \/>\n<script type=\"application\/ld+json\" class=\"yoast-schema-graph\">{\"@context\":\"https:\\\/\\\/schema.org\",\"@graph\":[{\"@type\":\"WebPage\",\"@id\":\"https:\\\/\\\/www.bodegasbellod.com\\\/ca\\\/producto\\\/mas-del-nen-edicio-limitada-syrah\\\/\",\"url\":\"https:\\\/\\\/www.bodegasbellod.com\\\/ca\\\/producto\\\/mas-del-nen-edicio-limitada-syrah\\\/\",\"name\":\"Mas Del Nen Edici\u00f3 Limitada \u2013 Syrah - Bodegas Bellod - Celler\",\"isPartOf\":{\"@id\":\"https:\\\/\\\/www.bodegasbellod.com\\\/ca\\\/#website\"},\"primaryImageOfPage\":{\"@id\":\"https:\\\/\\\/www.bodegasbellod.com\\\/ca\\\/producto\\\/mas-del-nen-edicio-limitada-syrah\\\/#primaryimage\"},\"image\":{\"@id\":\"https:\\\/\\\/www.bodegasbellod.com\\\/ca\\\/producto\\\/mas-del-nen-edicio-limitada-syrah\\\/#primaryimage\"},\"thumbnailUrl\":\"https:\\\/\\\/www.bodegasbellod.com\\\/wp-content\\\/uploads\\\/2026\\\/02\\\/Fotos-Tienda-Redimensionadas-_3_.webp\",\"datePublished\":\"2026-02-19T13:03:48+00:00\",\"dateModified\":\"2026-04-28T11:03:24+00:00\",\"breadcrumb\":{\"@id\":\"https:\\\/\\\/www.bodegasbellod.com\\\/ca\\\/producto\\\/mas-del-nen-edicio-limitada-syrah\\\/#breadcrumb\"},\"inLanguage\":\"ca\",\"potentialAction\":[{\"@type\":\"ReadAction\",\"target\":[\"https:\\\/\\\/www.bodegasbellod.com\\\/ca\\\/producto\\\/mas-del-nen-edicio-limitada-syrah\\\/\"]}]},{\"@type\":\"ImageObject\",\"inLanguage\":\"ca\",\"@id\":\"https:\\\/\\\/www.bodegasbellod.com\\\/ca\\\/producto\\\/mas-del-nen-edicio-limitada-syrah\\\/#primaryimage\",\"url\":\"https:\\\/\\\/www.bodegasbellod.com\\\/wp-content\\\/uploads\\\/2026\\\/02\\\/Fotos-Tienda-Redimensionadas-_3_.webp\",\"contentUrl\":\"https:\\\/\\\/www.bodegasbellod.com\\\/wp-content\\\/uploads\\\/2026\\\/02\\\/Fotos-Tienda-Redimensionadas-_3_.webp\",\"width\":1080,\"height\":1440,\"caption\":\"Fotos Tienda Redimensionadas 3\"},{\"@type\":\"BreadcrumbList\",\"@id\":\"https:\\\/\\\/www.bodegasbellod.com\\\/ca\\\/producto\\\/mas-del-nen-edicio-limitada-syrah\\\/#breadcrumb\",\"itemListElement\":[{\"@type\":\"ListItem\",\"position\":1,\"name\":\"Portada\",\"item\":\"https:\\\/\\\/www.bodegasbellod.com\\\/ca\\\/\"},{\"@type\":\"ListItem\",\"position\":2,\"name\":\"Botiga\",\"item\":\"https:\\\/\\\/www.bodegasbellod.com\\\/ca\\\/botiga\\\/\"},{\"@type\":\"ListItem\",\"position\":3,\"name\":\"Mas Del Nen Edici\u00f3 Limitada \u2013 Syrah\"}]},{\"@type\":\"WebSite\",\"@id\":\"https:\\\/\\\/www.bodegasbellod.com\\\/ca\\\/#website\",\"url\":\"https:\\\/\\\/www.bodegasbellod.com\\\/ca\\\/\",\"name\":\"Bodegas Bellod - Celler\",\"description\":\"Descubre Bodegas Bellod: vinos y vermuts elaborados con tradici\u00f3n y calidad. Compra online nuestros productos y conoce nuestra finca y bodega.\",\"potentialAction\":[{\"@type\":\"SearchAction\",\"target\":{\"@type\":\"EntryPoint\",\"urlTemplate\":\"https:\\\/\\\/www.bodegasbellod.com\\\/ca\\\/?s={search_term_string}\"},\"query-input\":{\"@type\":\"PropertyValueSpecification\",\"valueRequired\":true,\"valueName\":\"search_term_string\"}}],\"inLanguage\":\"ca\"}]}<\/script>\n<!-- \/ Yoast SEO plugin. -->","yoast_head_json":{"title":"Mas Del Nen Edici\u00f3 Limitada \u2013 Syrah - Bodegas Bellod - Celler","robots":{"index":"index","follow":"follow","max-snippet":"max-snippet:-1","max-image-preview":"max-image-preview:large","max-video-preview":"max-video-preview:-1"},"canonical":"https:\/\/www.bodegasbellod.com\/ca\/producto\/mas-del-nen-edicio-limitada-syrah\/","og_locale":"ca_ES","og_type":"article","og_title":"Mas Del Nen Edici\u00f3 Limitada \u2013 Syrah - Bodegas Bellod - Celler","og_description":"Mas Del Nen Edici\u00f3 Limitada \u2013 Syrah \u00e9s un negre 100% monovarietal que encarna la intensitat i la sofisticaci\u00f3. Amb una acurada crian\u00e7a de 12 mesos en barrica i altres 12 mesos en ampolla, aquest vi ofereix un perfil profund on la fruita negra madura s'entrella\u00e7a amb notes de cacau i pebre negre. Els seus tanins sedosos i la seva estructura elegant el converteixen en l'elecci\u00f3 perfecta per a ocasions especials i maridatges gastron\u00f2mics contundents com carns de ca\u00e7a o formatges curats.","og_url":"https:\/\/www.bodegasbellod.com\/ca\/producto\/mas-del-nen-edicio-limitada-syrah\/","og_site_name":"Bodegas Bellod - Celler","article_modified_time":"2026-04-28T11:03:24+00:00","og_image":[{"width":1080,"height":1440,"url":"https:\/\/www.bodegasbellod.com\/wp-content\/uploads\/2026\/02\/Fotos-Tienda-Redimensionadas-_3_.webp","type":"image\/webp"}],"twitter_card":"summary_large_image","schema":{"@context":"https:\/\/schema.org","@graph":[{"@type":"WebPage","@id":"https:\/\/www.bodegasbellod.com\/ca\/producto\/mas-del-nen-edicio-limitada-syrah\/","url":"https:\/\/www.bodegasbellod.com\/ca\/producto\/mas-del-nen-edicio-limitada-syrah\/","name":"Mas Del Nen Edici\u00f3 Limitada \u2013 Syrah - Bodegas Bellod - Celler","isPartOf":{"@id":"https:\/\/www.bodegasbellod.com\/ca\/#website"},"primaryImageOfPage":{"@id":"https:\/\/www.bodegasbellod.com\/ca\/producto\/mas-del-nen-edicio-limitada-syrah\/#primaryimage"},"image":{"@id":"https:\/\/www.bodegasbellod.com\/ca\/producto\/mas-del-nen-edicio-limitada-syrah\/#primaryimage"},"thumbnailUrl":"https:\/\/www.bodegasbellod.com\/wp-content\/uploads\/2026\/02\/Fotos-Tienda-Redimensionadas-_3_.webp","datePublished":"2026-02-19T13:03:48+00:00","dateModified":"2026-04-28T11:03:24+00:00","breadcrumb":{"@id":"https:\/\/www.bodegasbellod.com\/ca\/producto\/mas-del-nen-edicio-limitada-syrah\/#breadcrumb"},"inLanguage":"ca","potentialAction":[{"@type":"ReadAction","target":["https:\/\/www.bodegasbellod.com\/ca\/producto\/mas-del-nen-edicio-limitada-syrah\/"]}]},{"@type":"ImageObject","inLanguage":"ca","@id":"https:\/\/www.bodegasbellod.com\/ca\/producto\/mas-del-nen-edicio-limitada-syrah\/#primaryimage","url":"https:\/\/www.bodegasbellod.com\/wp-content\/uploads\/2026\/02\/Fotos-Tienda-Redimensionadas-_3_.webp","contentUrl":"https:\/\/www.bodegasbellod.com\/wp-content\/uploads\/2026\/02\/Fotos-Tienda-Redimensionadas-_3_.webp","width":1080,"height":1440,"caption":"Fotos Tienda Redimensionadas 3"},{"@type":"BreadcrumbList","@id":"https:\/\/www.bodegasbellod.com\/ca\/producto\/mas-del-nen-edicio-limitada-syrah\/#breadcrumb","itemListElement":[{"@type":"ListItem","position":1,"name":"Portada","item":"https:\/\/www.bodegasbellod.com\/ca\/"},{"@type":"ListItem","position":2,"name":"Botiga","item":"https:\/\/www.bodegasbellod.com\/ca\/botiga\/"},{"@type":"ListItem","position":3,"name":"Mas Del Nen Edici\u00f3 Limitada \u2013 Syrah"}]},{"@type":"WebSite","@id":"https:\/\/www.bodegasbellod.com\/ca\/#website","url":"https:\/\/www.bodegasbellod.com\/ca\/","name":"Bodegas Bellod - Celler","description":"Descubre Bodegas Bellod: vinos y vermuts elaborados con tradici\u00f3n y calidad. Compra online nuestros productos y conoce nuestra finca y bodega.","potentialAction":[{"@type":"SearchAction","target":{"@type":"EntryPoint","urlTemplate":"https:\/\/www.bodegasbellod.com\/ca\/?s={search_term_string}"},"query-input":{"@type":"PropertyValueSpecification","valueRequired":true,"valueName":"search_term_string"}}],"inLanguage":"ca"}]}},"_links":{"self":[{"href":"https:\/\/www.bodegasbellod.com\/ca\/wp-json\/wp\/v2\/product\/225042","targetHints":{"allow":["GET"]}}],"collection":[{"href":"https:\/\/www.bodegasbellod.com\/ca\/wp-json\/wp\/v2\/product"}],"about":[{"href":"https:\/\/www.bodegasbellod.com\/ca\/wp-json\/wp\/v2\/types\/product"}],"wp:featuredmedia":[{"embeddable":true,"href":"https:\/\/www.bodegasbellod.com\/ca\/wp-json\/wp\/v2\/media\/224965"}],"wp:attachment":[{"href":"https:\/\/www.bodegasbellod.com\/ca\/wp-json\/wp\/v2\/media?parent=225042"}],"wp:term":[{"taxonomy":"product_brand","embeddable":true,"href":"https:\/\/www.bodegasbellod.com\/ca\/wp-json\/wp\/v2\/product_brand?post=225042"},{"taxonomy":"product_cat","embeddable":true,"href":"https:\/\/www.bodegasbellod.com\/ca\/wp-json\/wp\/v2\/product_cat?post=225042"},{"taxonomy":"product_tag","embeddable":true,"href":"https:\/\/www.bodegasbellod.com\/ca\/wp-json\/wp\/v2\/product_tag?post=225042"}],"curies":[{"name":"wp","href":"https:\/\/api.w.org\/{rel}","templated":true}]}}