{"id":225054,"date":"2026-02-02T17:03:14","date_gmt":"2026-02-02T16:03:14","guid":{"rendered":"https:\/\/bb.agenciatelo.com\/producto\/mas-del-nen-vailet\/"},"modified":"2026-04-28T13:10:41","modified_gmt":"2026-04-28T11:10:41","slug":"mas-del-nen-vailet","status":"publish","type":"product","link":"https:\/\/www.bodegasbellod.com\/ca\/producto\/mas-del-nen-vailet\/","title":{"rendered":"Mas del Nen Vailet"},"content":{"rendered":"<p><b data-path-to-node=\"15\" data-index-in-node=\"0\">Mas del Nen Vailet<\/b> \u00e9s un monovarietal de <b data-path-to-node=\"15\" data-index-in-node=\"41\">Moscatell d&#8217;Alexandria<\/b> que destaca per la seva eleg\u00e0ncia i alta intensitat arom\u00e0tica. Amb un bouquet seductor de <b data-path-to-node=\"15\" data-index-in-node=\"149\">pera, pr\u00e9ssec i subtils notes florals<\/b>, ofereix una experi\u00e8ncia fresca, equilibrada i molt harmoniosa en boca. \u00c9s el blanc ideal per a aquells que busquen sofisticaci\u00f3 en la senzillesa, perfecte per acompanyar <b data-path-to-node=\"15\" data-index-in-node=\"353\">sushi, cuina asi\u00e0tica suau o arrossos mariners<\/b> en els dies m\u00e9s c\u00e0lids.  <\/p>\n","protected":false},"excerpt":{"rendered":"<p><b data-path-to-node=\"15\" data-index-in-node=\"0\">Mas del Nen Vailet<\/b> \u00e9s un monovarietal de <b data-path-to-node=\"15\" data-index-in-node=\"41\">Moscatell d&#8217;Alexandria<\/b> que destaca per la seva eleg\u00e0ncia i alta intensitat arom\u00e0tica. Amb un bouquet seductor de <b data-path-to-node=\"15\" data-index-in-node=\"149\">pera, pr\u00e9ssec i subtils notes florals<\/b>, ofereix una experi\u00e8ncia fresca, equilibrada i molt harmoniosa en boca. \u00c9s el blanc ideal per a aquells que busquen sofisticaci\u00f3 en la senzillesa, perfecte per acompanyar <b data-path-to-node=\"15\" data-index-in-node=\"353\">sushi, cuina asi\u00e0tica suau o arrossos mariners<\/b> en els dies m\u00e9s c\u00e0lids.  <\/p>\n","protected":false},"featured_media":224949,"template":"","meta":{"_acf_changed":false},"product_brand":[],"product_cat":[55],"product_tag":[],"class_list":{"0":"post-225054","1":"product","2":"type-product","3":"status-publish","4":"has-post-thumbnail","6":"product_cat-vi-blanc","8":"first","9":"instock","10":"featured","11":"taxable","12":"shipping-taxable","13":"purchasable","14":"product-type-simple"},"acf":[],"yoast_head":"<!-- This site is optimized with the Yoast SEO plugin v27.5 - https:\/\/yoast.com\/product\/yoast-seo-wordpress\/ -->\n<title>Mas del Nen Vailet - Bodegas Bellod - Celler<\/title>\n<meta name=\"robots\" content=\"index, follow, max-snippet:-1, max-image-preview:large, max-video-preview:-1\" \/>\n<link rel=\"canonical\" href=\"https:\/\/www.bodegasbellod.com\/ca\/producto\/mas-del-nen-vailet\/\" \/>\n<meta property=\"og:locale\" content=\"ca_ES\" \/>\n<meta property=\"og:type\" content=\"article\" \/>\n<meta property=\"og:title\" content=\"Mas del Nen Vailet - Bodegas Bellod - Celler\" \/>\n<meta property=\"og:description\" content=\"Mas del Nen Vailet \u00e9s un monovarietal de Moscatell d&#039;Alexandria que destaca per la seva eleg\u00e0ncia i alta intensitat arom\u00e0tica. Amb un bouquet seductor de pera, pr\u00e9ssec i subtils notes florals, ofereix una experi\u00e8ncia fresca, equilibrada i molt harmoniosa en boca. \u00c9s el blanc ideal per a aquells que busquen sofisticaci\u00f3 en la senzillesa, perfecte per acompanyar sushi, cuina asi\u00e0tica suau o arrossos mariners en els dies m\u00e9s c\u00e0lids.\" \/>\n<meta property=\"og:url\" content=\"https:\/\/www.bodegasbellod.com\/ca\/producto\/mas-del-nen-vailet\/\" \/>\n<meta property=\"og:site_name\" content=\"Bodegas Bellod - Celler\" \/>\n<meta property=\"article:modified_time\" content=\"2026-04-28T11:10:41+00:00\" \/>\n<meta property=\"og:image\" content=\"https:\/\/www.bodegasbellod.com\/wp-content\/uploads\/2026\/02\/mas-de-nen-vailet.webp\" \/>\n\t<meta property=\"og:image:width\" content=\"1080\" \/>\n\t<meta property=\"og:image:height\" content=\"1440\" \/>\n\t<meta property=\"og:image:type\" content=\"image\/webp\" \/>\n<meta name=\"twitter:card\" content=\"summary_large_image\" \/>\n<script type=\"application\/ld+json\" class=\"yoast-schema-graph\">{\"@context\":\"https:\\\/\\\/schema.org\",\"@graph\":[{\"@type\":\"WebPage\",\"@id\":\"https:\\\/\\\/www.bodegasbellod.com\\\/ca\\\/producto\\\/mas-del-nen-vailet\\\/\",\"url\":\"https:\\\/\\\/www.bodegasbellod.com\\\/ca\\\/producto\\\/mas-del-nen-vailet\\\/\",\"name\":\"Mas del Nen Vailet - Bodegas Bellod - Celler\",\"isPartOf\":{\"@id\":\"https:\\\/\\\/www.bodegasbellod.com\\\/ca\\\/#website\"},\"primaryImageOfPage\":{\"@id\":\"https:\\\/\\\/www.bodegasbellod.com\\\/ca\\\/producto\\\/mas-del-nen-vailet\\\/#primaryimage\"},\"image\":{\"@id\":\"https:\\\/\\\/www.bodegasbellod.com\\\/ca\\\/producto\\\/mas-del-nen-vailet\\\/#primaryimage\"},\"thumbnailUrl\":\"https:\\\/\\\/www.bodegasbellod.com\\\/wp-content\\\/uploads\\\/2026\\\/02\\\/mas-de-nen-vailet.webp\",\"datePublished\":\"2026-02-02T16:03:14+00:00\",\"dateModified\":\"2026-04-28T11:10:41+00:00\",\"breadcrumb\":{\"@id\":\"https:\\\/\\\/www.bodegasbellod.com\\\/ca\\\/producto\\\/mas-del-nen-vailet\\\/#breadcrumb\"},\"inLanguage\":\"ca\",\"potentialAction\":[{\"@type\":\"ReadAction\",\"target\":[\"https:\\\/\\\/www.bodegasbellod.com\\\/ca\\\/producto\\\/mas-del-nen-vailet\\\/\"]}]},{\"@type\":\"ImageObject\",\"inLanguage\":\"ca\",\"@id\":\"https:\\\/\\\/www.bodegasbellod.com\\\/ca\\\/producto\\\/mas-del-nen-vailet\\\/#primaryimage\",\"url\":\"https:\\\/\\\/www.bodegasbellod.com\\\/wp-content\\\/uploads\\\/2026\\\/02\\\/mas-de-nen-vailet.webp\",\"contentUrl\":\"https:\\\/\\\/www.bodegasbellod.com\\\/wp-content\\\/uploads\\\/2026\\\/02\\\/mas-de-nen-vailet.webp\",\"width\":1080,\"height\":1440,\"caption\":\"mas de nen vailet\"},{\"@type\":\"BreadcrumbList\",\"@id\":\"https:\\\/\\\/www.bodegasbellod.com\\\/ca\\\/producto\\\/mas-del-nen-vailet\\\/#breadcrumb\",\"itemListElement\":[{\"@type\":\"ListItem\",\"position\":1,\"name\":\"Portada\",\"item\":\"https:\\\/\\\/www.bodegasbellod.com\\\/ca\\\/\"},{\"@type\":\"ListItem\",\"position\":2,\"name\":\"Botiga\",\"item\":\"https:\\\/\\\/www.bodegasbellod.com\\\/ca\\\/botiga\\\/\"},{\"@type\":\"ListItem\",\"position\":3,\"name\":\"Mas del Nen Vailet\"}]},{\"@type\":\"WebSite\",\"@id\":\"https:\\\/\\\/www.bodegasbellod.com\\\/ca\\\/#website\",\"url\":\"https:\\\/\\\/www.bodegasbellod.com\\\/ca\\\/\",\"name\":\"Bodegas Bellod - Celler\",\"description\":\"Descubre Bodegas Bellod: vinos y vermuts elaborados con tradici\u00f3n y calidad. Compra online nuestros productos y conoce nuestra finca y bodega.\",\"potentialAction\":[{\"@type\":\"SearchAction\",\"target\":{\"@type\":\"EntryPoint\",\"urlTemplate\":\"https:\\\/\\\/www.bodegasbellod.com\\\/ca\\\/?s={search_term_string}\"},\"query-input\":{\"@type\":\"PropertyValueSpecification\",\"valueRequired\":true,\"valueName\":\"search_term_string\"}}],\"inLanguage\":\"ca\"}]}<\/script>\n<!-- \/ Yoast SEO plugin. -->","yoast_head_json":{"title":"Mas del Nen Vailet - Bodegas Bellod - Celler","robots":{"index":"index","follow":"follow","max-snippet":"max-snippet:-1","max-image-preview":"max-image-preview:large","max-video-preview":"max-video-preview:-1"},"canonical":"https:\/\/www.bodegasbellod.com\/ca\/producto\/mas-del-nen-vailet\/","og_locale":"ca_ES","og_type":"article","og_title":"Mas del Nen Vailet - Bodegas Bellod - Celler","og_description":"Mas del Nen Vailet \u00e9s un monovarietal de Moscatell d'Alexandria que destaca per la seva eleg\u00e0ncia i alta intensitat arom\u00e0tica. Amb un bouquet seductor de pera, pr\u00e9ssec i subtils notes florals, ofereix una experi\u00e8ncia fresca, equilibrada i molt harmoniosa en boca. \u00c9s el blanc ideal per a aquells que busquen sofisticaci\u00f3 en la senzillesa, perfecte per acompanyar sushi, cuina asi\u00e0tica suau o arrossos mariners en els dies m\u00e9s c\u00e0lids.","og_url":"https:\/\/www.bodegasbellod.com\/ca\/producto\/mas-del-nen-vailet\/","og_site_name":"Bodegas Bellod - Celler","article_modified_time":"2026-04-28T11:10:41+00:00","og_image":[{"width":1080,"height":1440,"url":"https:\/\/www.bodegasbellod.com\/wp-content\/uploads\/2026\/02\/mas-de-nen-vailet.webp","type":"image\/webp"}],"twitter_card":"summary_large_image","schema":{"@context":"https:\/\/schema.org","@graph":[{"@type":"WebPage","@id":"https:\/\/www.bodegasbellod.com\/ca\/producto\/mas-del-nen-vailet\/","url":"https:\/\/www.bodegasbellod.com\/ca\/producto\/mas-del-nen-vailet\/","name":"Mas del Nen Vailet - Bodegas Bellod - Celler","isPartOf":{"@id":"https:\/\/www.bodegasbellod.com\/ca\/#website"},"primaryImageOfPage":{"@id":"https:\/\/www.bodegasbellod.com\/ca\/producto\/mas-del-nen-vailet\/#primaryimage"},"image":{"@id":"https:\/\/www.bodegasbellod.com\/ca\/producto\/mas-del-nen-vailet\/#primaryimage"},"thumbnailUrl":"https:\/\/www.bodegasbellod.com\/wp-content\/uploads\/2026\/02\/mas-de-nen-vailet.webp","datePublished":"2026-02-02T16:03:14+00:00","dateModified":"2026-04-28T11:10:41+00:00","breadcrumb":{"@id":"https:\/\/www.bodegasbellod.com\/ca\/producto\/mas-del-nen-vailet\/#breadcrumb"},"inLanguage":"ca","potentialAction":[{"@type":"ReadAction","target":["https:\/\/www.bodegasbellod.com\/ca\/producto\/mas-del-nen-vailet\/"]}]},{"@type":"ImageObject","inLanguage":"ca","@id":"https:\/\/www.bodegasbellod.com\/ca\/producto\/mas-del-nen-vailet\/#primaryimage","url":"https:\/\/www.bodegasbellod.com\/wp-content\/uploads\/2026\/02\/mas-de-nen-vailet.webp","contentUrl":"https:\/\/www.bodegasbellod.com\/wp-content\/uploads\/2026\/02\/mas-de-nen-vailet.webp","width":1080,"height":1440,"caption":"mas de nen vailet"},{"@type":"BreadcrumbList","@id":"https:\/\/www.bodegasbellod.com\/ca\/producto\/mas-del-nen-vailet\/#breadcrumb","itemListElement":[{"@type":"ListItem","position":1,"name":"Portada","item":"https:\/\/www.bodegasbellod.com\/ca\/"},{"@type":"ListItem","position":2,"name":"Botiga","item":"https:\/\/www.bodegasbellod.com\/ca\/botiga\/"},{"@type":"ListItem","position":3,"name":"Mas del Nen Vailet"}]},{"@type":"WebSite","@id":"https:\/\/www.bodegasbellod.com\/ca\/#website","url":"https:\/\/www.bodegasbellod.com\/ca\/","name":"Bodegas Bellod - Celler","description":"Descubre Bodegas Bellod: vinos y vermuts elaborados con tradici\u00f3n y calidad. Compra online nuestros productos y conoce nuestra finca y bodega.","potentialAction":[{"@type":"SearchAction","target":{"@type":"EntryPoint","urlTemplate":"https:\/\/www.bodegasbellod.com\/ca\/?s={search_term_string}"},"query-input":{"@type":"PropertyValueSpecification","valueRequired":true,"valueName":"search_term_string"}}],"inLanguage":"ca"}]}},"_links":{"self":[{"href":"https:\/\/www.bodegasbellod.com\/ca\/wp-json\/wp\/v2\/product\/225054","targetHints":{"allow":["GET"]}}],"collection":[{"href":"https:\/\/www.bodegasbellod.com\/ca\/wp-json\/wp\/v2\/product"}],"about":[{"href":"https:\/\/www.bodegasbellod.com\/ca\/wp-json\/wp\/v2\/types\/product"}],"wp:featuredmedia":[{"embeddable":true,"href":"https:\/\/www.bodegasbellod.com\/ca\/wp-json\/wp\/v2\/media\/224949"}],"wp:attachment":[{"href":"https:\/\/www.bodegasbellod.com\/ca\/wp-json\/wp\/v2\/media?parent=225054"}],"wp:term":[{"taxonomy":"product_brand","embeddable":true,"href":"https:\/\/www.bodegasbellod.com\/ca\/wp-json\/wp\/v2\/product_brand?post=225054"},{"taxonomy":"product_cat","embeddable":true,"href":"https:\/\/www.bodegasbellod.com\/ca\/wp-json\/wp\/v2\/product_cat?post=225054"},{"taxonomy":"product_tag","embeddable":true,"href":"https:\/\/www.bodegasbellod.com\/ca\/wp-json\/wp\/v2\/product_tag?post=225054"}],"curies":[{"name":"wp","href":"https:\/\/api.w.org\/{rel}","templated":true}]}}