{"id":225086,"date":"2026-02-02T17:02:35","date_gmt":"2026-02-02T16:02:35","guid":{"rendered":"https:\/\/bb.agenciatelo.com\/producto\/tous-baro-lincoln\/"},"modified":"2026-04-28T13:10:39","modified_gmt":"2026-04-28T11:10:39","slug":"tous-baro-lincoln","status":"publish","type":"product","link":"https:\/\/www.bodegasbellod.com\/ca\/producto\/tous-baro-lincoln\/","title":{"rendered":"Tous Baro Lincoln"},"content":{"rendered":"<p><b data-path-to-node=\"15\" data-index-in-node=\"0\">Tous Baro Lincoln<\/b> \u00e9s un cupatge equilibrat d&#8217;<b data-path-to-node=\"15\" data-index-in-node=\"45\">Ull de Llebre i Syrah<\/b> que combina la intensitat de la fruita vermella madura amb l&#8217;eleg\u00e0ncia de <b data-path-to-node=\"15\" data-index-in-node=\"137\">3 mesos de crian\u00e7a en roure franc\u00e8s<\/b>. Un negre de capa mitjana-alta, untu\u00f3s i amb subtils notes de vainilla i cacau. El seu pas per boca \u00e9s amable i harm\u00f2nic, convertint-lo en l&#8217;acompanyant ideal per a <b data-path-to-node=\"15\" data-index-in-node=\"335\">carns a la brasa, formatges curats o sopars informals<\/b> on es busca un vi amb estructura per\u00f2 f\u00e0cil de gaudir.  <\/p>\n","protected":false},"excerpt":{"rendered":"<p><b data-path-to-node=\"15\" data-index-in-node=\"0\">Tous Baro Lincoln<\/b> \u00e9s un cupatge equilibrat d&#8217;<b data-path-to-node=\"15\" data-index-in-node=\"45\">Ull de Llebre i Syrah<\/b> que combina la intensitat de la fruita vermella madura amb l&#8217;eleg\u00e0ncia de <b data-path-to-node=\"15\" data-index-in-node=\"137\">3 mesos de crian\u00e7a en roure franc\u00e8s<\/b>. Un negre de capa mitjana-alta, untu\u00f3s i amb subtils notes de vainilla i cacau. El seu pas per boca \u00e9s amable i harm\u00f2nic, convertint-lo en l&#8217;acompanyant ideal per a <b data-path-to-node=\"15\" data-index-in-node=\"335\">carns a la brasa, formatges curats o sopars informals<\/b> on es busca un vi amb estructura per\u00f2 f\u00e0cil de gaudir.  <\/p>\n","protected":false},"featured_media":224969,"template":"","meta":{"_acf_changed":false},"product_brand":[],"product_cat":[52],"product_tag":[],"class_list":{"0":"post-225086","1":"product","2":"type-product","3":"status-publish","4":"has-post-thumbnail","6":"product_cat-vi-negre","8":"first","9":"instock","10":"featured","11":"taxable","12":"shipping-taxable","13":"purchasable","14":"product-type-simple"},"acf":[],"yoast_head":"<!-- This site is optimized with the Yoast SEO plugin v27.5 - https:\/\/yoast.com\/product\/yoast-seo-wordpress\/ -->\n<title>Tous Baro Lincoln - Bodegas Bellod - Celler<\/title>\n<meta name=\"robots\" content=\"index, follow, max-snippet:-1, max-image-preview:large, max-video-preview:-1\" \/>\n<link rel=\"canonical\" href=\"https:\/\/www.bodegasbellod.com\/ca\/producto\/tous-baro-lincoln\/\" \/>\n<meta property=\"og:locale\" content=\"ca_ES\" \/>\n<meta property=\"og:type\" content=\"article\" \/>\n<meta property=\"og:title\" content=\"Tous Baro Lincoln - Bodegas Bellod - Celler\" \/>\n<meta property=\"og:description\" content=\"Tous Baro Lincoln \u00e9s un cupatge equilibrat d&#039;Ull de Llebre i Syrah que combina la intensitat de la fruita vermella madura amb l&#039;eleg\u00e0ncia de 3 mesos de crian\u00e7a en roure franc\u00e8s. Un negre de capa mitjana-alta, untu\u00f3s i amb subtils notes de vainilla i cacau. El seu pas per boca \u00e9s amable i harm\u00f2nic, convertint-lo en l&#039;acompanyant ideal per a carns a la brasa, formatges curats o sopars informals on es busca un vi amb estructura per\u00f2 f\u00e0cil de gaudir.\" \/>\n<meta property=\"og:url\" content=\"https:\/\/www.bodegasbellod.com\/ca\/producto\/tous-baro-lincoln\/\" \/>\n<meta property=\"og:site_name\" content=\"Bodegas Bellod - Celler\" \/>\n<meta property=\"article:modified_time\" content=\"2026-04-28T11:10:39+00:00\" \/>\n<meta property=\"og:image\" content=\"https:\/\/www.bodegasbellod.com\/wp-content\/uploads\/2026\/04\/Fotos-Tienda-Redimensionadas.webp\" \/>\n\t<meta property=\"og:image:width\" content=\"1080\" \/>\n\t<meta property=\"og:image:height\" content=\"1440\" \/>\n\t<meta property=\"og:image:type\" content=\"image\/webp\" \/>\n<meta name=\"twitter:card\" content=\"summary_large_image\" \/>\n<script type=\"application\/ld+json\" class=\"yoast-schema-graph\">{\"@context\":\"https:\\\/\\\/schema.org\",\"@graph\":[{\"@type\":\"WebPage\",\"@id\":\"https:\\\/\\\/www.bodegasbellod.com\\\/ca\\\/producto\\\/tous-baro-lincoln\\\/\",\"url\":\"https:\\\/\\\/www.bodegasbellod.com\\\/ca\\\/producto\\\/tous-baro-lincoln\\\/\",\"name\":\"Tous Baro Lincoln - Bodegas Bellod - Celler\",\"isPartOf\":{\"@id\":\"https:\\\/\\\/www.bodegasbellod.com\\\/ca\\\/#website\"},\"primaryImageOfPage\":{\"@id\":\"https:\\\/\\\/www.bodegasbellod.com\\\/ca\\\/producto\\\/tous-baro-lincoln\\\/#primaryimage\"},\"image\":{\"@id\":\"https:\\\/\\\/www.bodegasbellod.com\\\/ca\\\/producto\\\/tous-baro-lincoln\\\/#primaryimage\"},\"thumbnailUrl\":\"https:\\\/\\\/www.bodegasbellod.com\\\/wp-content\\\/uploads\\\/2026\\\/04\\\/Fotos-Tienda-Redimensionadas.webp\",\"datePublished\":\"2026-02-02T16:02:35+00:00\",\"dateModified\":\"2026-04-28T11:10:39+00:00\",\"breadcrumb\":{\"@id\":\"https:\\\/\\\/www.bodegasbellod.com\\\/ca\\\/producto\\\/tous-baro-lincoln\\\/#breadcrumb\"},\"inLanguage\":\"ca\",\"potentialAction\":[{\"@type\":\"ReadAction\",\"target\":[\"https:\\\/\\\/www.bodegasbellod.com\\\/ca\\\/producto\\\/tous-baro-lincoln\\\/\"]}]},{\"@type\":\"ImageObject\",\"inLanguage\":\"ca\",\"@id\":\"https:\\\/\\\/www.bodegasbellod.com\\\/ca\\\/producto\\\/tous-baro-lincoln\\\/#primaryimage\",\"url\":\"https:\\\/\\\/www.bodegasbellod.com\\\/wp-content\\\/uploads\\\/2026\\\/04\\\/Fotos-Tienda-Redimensionadas.webp\",\"contentUrl\":\"https:\\\/\\\/www.bodegasbellod.com\\\/wp-content\\\/uploads\\\/2026\\\/04\\\/Fotos-Tienda-Redimensionadas.webp\",\"width\":1080,\"height\":1440,\"caption\":\"Fotos Tienda Redimensionadas\"},{\"@type\":\"BreadcrumbList\",\"@id\":\"https:\\\/\\\/www.bodegasbellod.com\\\/ca\\\/producto\\\/tous-baro-lincoln\\\/#breadcrumb\",\"itemListElement\":[{\"@type\":\"ListItem\",\"position\":1,\"name\":\"Portada\",\"item\":\"https:\\\/\\\/www.bodegasbellod.com\\\/ca\\\/\"},{\"@type\":\"ListItem\",\"position\":2,\"name\":\"Botiga\",\"item\":\"https:\\\/\\\/www.bodegasbellod.com\\\/ca\\\/botiga\\\/\"},{\"@type\":\"ListItem\",\"position\":3,\"name\":\"Tous Baro Lincoln\"}]},{\"@type\":\"WebSite\",\"@id\":\"https:\\\/\\\/www.bodegasbellod.com\\\/ca\\\/#website\",\"url\":\"https:\\\/\\\/www.bodegasbellod.com\\\/ca\\\/\",\"name\":\"Bodegas Bellod - Celler\",\"description\":\"Descubre Bodegas Bellod: vinos y vermuts elaborados con tradici\u00f3n y calidad. Compra online nuestros productos y conoce nuestra finca y bodega.\",\"potentialAction\":[{\"@type\":\"SearchAction\",\"target\":{\"@type\":\"EntryPoint\",\"urlTemplate\":\"https:\\\/\\\/www.bodegasbellod.com\\\/ca\\\/?s={search_term_string}\"},\"query-input\":{\"@type\":\"PropertyValueSpecification\",\"valueRequired\":true,\"valueName\":\"search_term_string\"}}],\"inLanguage\":\"ca\"}]}<\/script>\n<!-- \/ Yoast SEO plugin. -->","yoast_head_json":{"title":"Tous Baro Lincoln - Bodegas Bellod - Celler","robots":{"index":"index","follow":"follow","max-snippet":"max-snippet:-1","max-image-preview":"max-image-preview:large","max-video-preview":"max-video-preview:-1"},"canonical":"https:\/\/www.bodegasbellod.com\/ca\/producto\/tous-baro-lincoln\/","og_locale":"ca_ES","og_type":"article","og_title":"Tous Baro Lincoln - Bodegas Bellod - Celler","og_description":"Tous Baro Lincoln \u00e9s un cupatge equilibrat d'Ull de Llebre i Syrah que combina la intensitat de la fruita vermella madura amb l'eleg\u00e0ncia de 3 mesos de crian\u00e7a en roure franc\u00e8s. Un negre de capa mitjana-alta, untu\u00f3s i amb subtils notes de vainilla i cacau. El seu pas per boca \u00e9s amable i harm\u00f2nic, convertint-lo en l'acompanyant ideal per a carns a la brasa, formatges curats o sopars informals on es busca un vi amb estructura per\u00f2 f\u00e0cil de gaudir.","og_url":"https:\/\/www.bodegasbellod.com\/ca\/producto\/tous-baro-lincoln\/","og_site_name":"Bodegas Bellod - Celler","article_modified_time":"2026-04-28T11:10:39+00:00","og_image":[{"width":1080,"height":1440,"url":"https:\/\/www.bodegasbellod.com\/wp-content\/uploads\/2026\/04\/Fotos-Tienda-Redimensionadas.webp","type":"image\/webp"}],"twitter_card":"summary_large_image","schema":{"@context":"https:\/\/schema.org","@graph":[{"@type":"WebPage","@id":"https:\/\/www.bodegasbellod.com\/ca\/producto\/tous-baro-lincoln\/","url":"https:\/\/www.bodegasbellod.com\/ca\/producto\/tous-baro-lincoln\/","name":"Tous Baro Lincoln - Bodegas Bellod - Celler","isPartOf":{"@id":"https:\/\/www.bodegasbellod.com\/ca\/#website"},"primaryImageOfPage":{"@id":"https:\/\/www.bodegasbellod.com\/ca\/producto\/tous-baro-lincoln\/#primaryimage"},"image":{"@id":"https:\/\/www.bodegasbellod.com\/ca\/producto\/tous-baro-lincoln\/#primaryimage"},"thumbnailUrl":"https:\/\/www.bodegasbellod.com\/wp-content\/uploads\/2026\/04\/Fotos-Tienda-Redimensionadas.webp","datePublished":"2026-02-02T16:02:35+00:00","dateModified":"2026-04-28T11:10:39+00:00","breadcrumb":{"@id":"https:\/\/www.bodegasbellod.com\/ca\/producto\/tous-baro-lincoln\/#breadcrumb"},"inLanguage":"ca","potentialAction":[{"@type":"ReadAction","target":["https:\/\/www.bodegasbellod.com\/ca\/producto\/tous-baro-lincoln\/"]}]},{"@type":"ImageObject","inLanguage":"ca","@id":"https:\/\/www.bodegasbellod.com\/ca\/producto\/tous-baro-lincoln\/#primaryimage","url":"https:\/\/www.bodegasbellod.com\/wp-content\/uploads\/2026\/04\/Fotos-Tienda-Redimensionadas.webp","contentUrl":"https:\/\/www.bodegasbellod.com\/wp-content\/uploads\/2026\/04\/Fotos-Tienda-Redimensionadas.webp","width":1080,"height":1440,"caption":"Fotos Tienda Redimensionadas"},{"@type":"BreadcrumbList","@id":"https:\/\/www.bodegasbellod.com\/ca\/producto\/tous-baro-lincoln\/#breadcrumb","itemListElement":[{"@type":"ListItem","position":1,"name":"Portada","item":"https:\/\/www.bodegasbellod.com\/ca\/"},{"@type":"ListItem","position":2,"name":"Botiga","item":"https:\/\/www.bodegasbellod.com\/ca\/botiga\/"},{"@type":"ListItem","position":3,"name":"Tous Baro Lincoln"}]},{"@type":"WebSite","@id":"https:\/\/www.bodegasbellod.com\/ca\/#website","url":"https:\/\/www.bodegasbellod.com\/ca\/","name":"Bodegas Bellod - Celler","description":"Descubre Bodegas Bellod: vinos y vermuts elaborados con tradici\u00f3n y calidad. Compra online nuestros productos y conoce nuestra finca y bodega.","potentialAction":[{"@type":"SearchAction","target":{"@type":"EntryPoint","urlTemplate":"https:\/\/www.bodegasbellod.com\/ca\/?s={search_term_string}"},"query-input":{"@type":"PropertyValueSpecification","valueRequired":true,"valueName":"search_term_string"}}],"inLanguage":"ca"}]}},"_links":{"self":[{"href":"https:\/\/www.bodegasbellod.com\/ca\/wp-json\/wp\/v2\/product\/225086","targetHints":{"allow":["GET"]}}],"collection":[{"href":"https:\/\/www.bodegasbellod.com\/ca\/wp-json\/wp\/v2\/product"}],"about":[{"href":"https:\/\/www.bodegasbellod.com\/ca\/wp-json\/wp\/v2\/types\/product"}],"wp:featuredmedia":[{"embeddable":true,"href":"https:\/\/www.bodegasbellod.com\/ca\/wp-json\/wp\/v2\/media\/224969"}],"wp:attachment":[{"href":"https:\/\/www.bodegasbellod.com\/ca\/wp-json\/wp\/v2\/media?parent=225086"}],"wp:term":[{"taxonomy":"product_brand","embeddable":true,"href":"https:\/\/www.bodegasbellod.com\/ca\/wp-json\/wp\/v2\/product_brand?post=225086"},{"taxonomy":"product_cat","embeddable":true,"href":"https:\/\/www.bodegasbellod.com\/ca\/wp-json\/wp\/v2\/product_cat?post=225086"},{"taxonomy":"product_tag","embeddable":true,"href":"https:\/\/www.bodegasbellod.com\/ca\/wp-json\/wp\/v2\/product_tag?post=225086"}],"curies":[{"name":"wp","href":"https:\/\/api.w.org\/{rel}","templated":true}]}}