{"id":225096,"date":"2026-02-19T13:18:38","date_gmt":"2026-02-19T12:18:38","guid":{"rendered":"https:\/\/bb.agenciatelo.com\/producto\/the-wine-univers-negre\/"},"modified":"2026-04-28T13:10:45","modified_gmt":"2026-04-28T11:10:45","slug":"the-wine-univers-negre","status":"publish","type":"product","link":"https:\/\/www.bodegasbellod.com\/ca\/producto\/the-wine-univers-negre\/","title":{"rendered":"The Wine Univers Negre"},"content":{"rendered":"<p><b data-path-to-node=\"2\" data-index-in-node=\"18\">The Wine Univers Negre<\/b> \u00e9s un negre jove i vibrant nascut de la combinaci\u00f3 de <b data-path-to-node=\"2\" data-index-in-node=\"98\">Garnatxa i Ull de Llebre<\/b>. Destaca per la seva explosi\u00f3 de fruita vermella fresca i notes de regal\u00e8ssia, amb un pas per boca llaminer, suau i molt equilibrat. Disponible en format <b data-path-to-node=\"2\" data-index-in-node=\"264\">Bag in Box<\/b>, \u00e9s el vi ideal per gaudir de forma pr\u00e0ctica en <b data-path-to-node=\"2\" data-index-in-node=\"329\">barbacoes, p\u00edcnics o sopars informals<\/b>, maridant a la perfecci\u00f3 amb pastes, carns blanques i tapes mediterr\u00e0nies.  <\/p>\n","protected":false},"excerpt":{"rendered":"<p><b data-path-to-node=\"2\" data-index-in-node=\"18\">The Wine Univers Negre<\/b> \u00e9s un negre jove i vibrant nascut de la combinaci\u00f3 de <b data-path-to-node=\"2\" data-index-in-node=\"98\">Garnatxa i Ull de Llebre<\/b>. Destaca per la seva explosi\u00f3 de fruita vermella fresca i notes de regal\u00e8ssia, amb un pas per boca llaminer, suau i molt equilibrat. Disponible en format <b data-path-to-node=\"2\" data-index-in-node=\"264\">Bag in Box<\/b>, \u00e9s el vi ideal per gaudir de forma pr\u00e0ctica en <b data-path-to-node=\"2\" data-index-in-node=\"329\">barbacoes, p\u00edcnics o sopars informals<\/b>, maridant a la perfecci\u00f3 amb pastes, carns blanques i tapes mediterr\u00e0nies.  <\/p>\n","protected":false},"featured_media":224983,"template":"","meta":{"_acf_changed":false},"product_brand":[],"product_cat":[50,52],"product_tag":[],"class_list":{"0":"post-225096","1":"product","2":"type-product","3":"status-publish","4":"has-post-thumbnail","6":"product_cat-bag-in-box","7":"product_cat-vi-negre","9":"first","10":"instock","11":"taxable","12":"shipping-taxable","13":"purchasable","14":"product-type-simple"},"acf":[],"yoast_head":"<!-- This site is optimized with the Yoast SEO plugin v27.5 - https:\/\/yoast.com\/product\/yoast-seo-wordpress\/ -->\n<title>The Wine Univers Negre - Bodegas Bellod - Celler<\/title>\n<meta name=\"robots\" content=\"index, follow, max-snippet:-1, max-image-preview:large, max-video-preview:-1\" \/>\n<link rel=\"canonical\" href=\"https:\/\/www.bodegasbellod.com\/ca\/producto\/the-wine-univers-negre\/\" \/>\n<meta property=\"og:locale\" content=\"ca_ES\" \/>\n<meta property=\"og:type\" content=\"article\" \/>\n<meta property=\"og:title\" content=\"The Wine Univers Negre - Bodegas Bellod - Celler\" \/>\n<meta property=\"og:description\" content=\"The Wine Univers Negre \u00e9s un negre jove i vibrant nascut de la combinaci\u00f3 de Garnatxa i Ull de Llebre. Destaca per la seva explosi\u00f3 de fruita vermella fresca i notes de regal\u00e8ssia, amb un pas per boca llaminer, suau i molt equilibrat. Disponible en format Bag in Box, \u00e9s el vi ideal per gaudir de forma pr\u00e0ctica en barbacoes, p\u00edcnics o sopars informals, maridant a la perfecci\u00f3 amb pastes, carns blanques i tapes mediterr\u00e0nies.\" \/>\n<meta property=\"og:url\" content=\"https:\/\/www.bodegasbellod.com\/ca\/producto\/the-wine-univers-negre\/\" \/>\n<meta property=\"og:site_name\" content=\"Bodegas Bellod - Celler\" \/>\n<meta property=\"article:modified_time\" content=\"2026-04-28T11:10:45+00:00\" \/>\n<meta property=\"og:image\" content=\"https:\/\/www.bodegasbellod.com\/wp-content\/uploads\/2026\/04\/Fotos-Tienda-Redimensionadas-_17_.webp\" \/>\n\t<meta property=\"og:image:width\" content=\"1080\" \/>\n\t<meta property=\"og:image:height\" content=\"1440\" \/>\n\t<meta property=\"og:image:type\" content=\"image\/webp\" \/>\n<meta name=\"twitter:card\" content=\"summary_large_image\" \/>\n<script type=\"application\/ld+json\" class=\"yoast-schema-graph\">{\"@context\":\"https:\\\/\\\/schema.org\",\"@graph\":[{\"@type\":\"WebPage\",\"@id\":\"https:\\\/\\\/www.bodegasbellod.com\\\/ca\\\/producto\\\/the-wine-univers-negre\\\/\",\"url\":\"https:\\\/\\\/www.bodegasbellod.com\\\/ca\\\/producto\\\/the-wine-univers-negre\\\/\",\"name\":\"The Wine Univers Negre - Bodegas Bellod - Celler\",\"isPartOf\":{\"@id\":\"https:\\\/\\\/www.bodegasbellod.com\\\/ca\\\/#website\"},\"primaryImageOfPage\":{\"@id\":\"https:\\\/\\\/www.bodegasbellod.com\\\/ca\\\/producto\\\/the-wine-univers-negre\\\/#primaryimage\"},\"image\":{\"@id\":\"https:\\\/\\\/www.bodegasbellod.com\\\/ca\\\/producto\\\/the-wine-univers-negre\\\/#primaryimage\"},\"thumbnailUrl\":\"https:\\\/\\\/www.bodegasbellod.com\\\/wp-content\\\/uploads\\\/2026\\\/04\\\/Fotos-Tienda-Redimensionadas-_17_.webp\",\"datePublished\":\"2026-02-19T12:18:38+00:00\",\"dateModified\":\"2026-04-28T11:10:45+00:00\",\"breadcrumb\":{\"@id\":\"https:\\\/\\\/www.bodegasbellod.com\\\/ca\\\/producto\\\/the-wine-univers-negre\\\/#breadcrumb\"},\"inLanguage\":\"ca\",\"potentialAction\":[{\"@type\":\"ReadAction\",\"target\":[\"https:\\\/\\\/www.bodegasbellod.com\\\/ca\\\/producto\\\/the-wine-univers-negre\\\/\"]}]},{\"@type\":\"ImageObject\",\"inLanguage\":\"ca\",\"@id\":\"https:\\\/\\\/www.bodegasbellod.com\\\/ca\\\/producto\\\/the-wine-univers-negre\\\/#primaryimage\",\"url\":\"https:\\\/\\\/www.bodegasbellod.com\\\/wp-content\\\/uploads\\\/2026\\\/04\\\/Fotos-Tienda-Redimensionadas-_17_.webp\",\"contentUrl\":\"https:\\\/\\\/www.bodegasbellod.com\\\/wp-content\\\/uploads\\\/2026\\\/04\\\/Fotos-Tienda-Redimensionadas-_17_.webp\",\"width\":1080,\"height\":1440,\"caption\":\"Fotos Tienda Redimensionadas 17\"},{\"@type\":\"BreadcrumbList\",\"@id\":\"https:\\\/\\\/www.bodegasbellod.com\\\/ca\\\/producto\\\/the-wine-univers-negre\\\/#breadcrumb\",\"itemListElement\":[{\"@type\":\"ListItem\",\"position\":1,\"name\":\"Portada\",\"item\":\"https:\\\/\\\/www.bodegasbellod.com\\\/ca\\\/\"},{\"@type\":\"ListItem\",\"position\":2,\"name\":\"Botiga\",\"item\":\"https:\\\/\\\/www.bodegasbellod.com\\\/ca\\\/botiga\\\/\"},{\"@type\":\"ListItem\",\"position\":3,\"name\":\"The Wine Univers Negre\"}]},{\"@type\":\"WebSite\",\"@id\":\"https:\\\/\\\/www.bodegasbellod.com\\\/ca\\\/#website\",\"url\":\"https:\\\/\\\/www.bodegasbellod.com\\\/ca\\\/\",\"name\":\"Bodegas Bellod - Celler\",\"description\":\"Descubre Bodegas Bellod: vinos y vermuts elaborados con tradici\u00f3n y calidad. Compra online nuestros productos y conoce nuestra finca y bodega.\",\"potentialAction\":[{\"@type\":\"SearchAction\",\"target\":{\"@type\":\"EntryPoint\",\"urlTemplate\":\"https:\\\/\\\/www.bodegasbellod.com\\\/ca\\\/?s={search_term_string}\"},\"query-input\":{\"@type\":\"PropertyValueSpecification\",\"valueRequired\":true,\"valueName\":\"search_term_string\"}}],\"inLanguage\":\"ca\"}]}<\/script>\n<!-- \/ Yoast SEO plugin. -->","yoast_head_json":{"title":"The Wine Univers Negre - Bodegas Bellod - Celler","robots":{"index":"index","follow":"follow","max-snippet":"max-snippet:-1","max-image-preview":"max-image-preview:large","max-video-preview":"max-video-preview:-1"},"canonical":"https:\/\/www.bodegasbellod.com\/ca\/producto\/the-wine-univers-negre\/","og_locale":"ca_ES","og_type":"article","og_title":"The Wine Univers Negre - Bodegas Bellod - Celler","og_description":"The Wine Univers Negre \u00e9s un negre jove i vibrant nascut de la combinaci\u00f3 de Garnatxa i Ull de Llebre. Destaca per la seva explosi\u00f3 de fruita vermella fresca i notes de regal\u00e8ssia, amb un pas per boca llaminer, suau i molt equilibrat. Disponible en format Bag in Box, \u00e9s el vi ideal per gaudir de forma pr\u00e0ctica en barbacoes, p\u00edcnics o sopars informals, maridant a la perfecci\u00f3 amb pastes, carns blanques i tapes mediterr\u00e0nies.","og_url":"https:\/\/www.bodegasbellod.com\/ca\/producto\/the-wine-univers-negre\/","og_site_name":"Bodegas Bellod - Celler","article_modified_time":"2026-04-28T11:10:45+00:00","og_image":[{"width":1080,"height":1440,"url":"https:\/\/www.bodegasbellod.com\/wp-content\/uploads\/2026\/04\/Fotos-Tienda-Redimensionadas-_17_.webp","type":"image\/webp"}],"twitter_card":"summary_large_image","schema":{"@context":"https:\/\/schema.org","@graph":[{"@type":"WebPage","@id":"https:\/\/www.bodegasbellod.com\/ca\/producto\/the-wine-univers-negre\/","url":"https:\/\/www.bodegasbellod.com\/ca\/producto\/the-wine-univers-negre\/","name":"The Wine Univers Negre - Bodegas Bellod - Celler","isPartOf":{"@id":"https:\/\/www.bodegasbellod.com\/ca\/#website"},"primaryImageOfPage":{"@id":"https:\/\/www.bodegasbellod.com\/ca\/producto\/the-wine-univers-negre\/#primaryimage"},"image":{"@id":"https:\/\/www.bodegasbellod.com\/ca\/producto\/the-wine-univers-negre\/#primaryimage"},"thumbnailUrl":"https:\/\/www.bodegasbellod.com\/wp-content\/uploads\/2026\/04\/Fotos-Tienda-Redimensionadas-_17_.webp","datePublished":"2026-02-19T12:18:38+00:00","dateModified":"2026-04-28T11:10:45+00:00","breadcrumb":{"@id":"https:\/\/www.bodegasbellod.com\/ca\/producto\/the-wine-univers-negre\/#breadcrumb"},"inLanguage":"ca","potentialAction":[{"@type":"ReadAction","target":["https:\/\/www.bodegasbellod.com\/ca\/producto\/the-wine-univers-negre\/"]}]},{"@type":"ImageObject","inLanguage":"ca","@id":"https:\/\/www.bodegasbellod.com\/ca\/producto\/the-wine-univers-negre\/#primaryimage","url":"https:\/\/www.bodegasbellod.com\/wp-content\/uploads\/2026\/04\/Fotos-Tienda-Redimensionadas-_17_.webp","contentUrl":"https:\/\/www.bodegasbellod.com\/wp-content\/uploads\/2026\/04\/Fotos-Tienda-Redimensionadas-_17_.webp","width":1080,"height":1440,"caption":"Fotos Tienda Redimensionadas 17"},{"@type":"BreadcrumbList","@id":"https:\/\/www.bodegasbellod.com\/ca\/producto\/the-wine-univers-negre\/#breadcrumb","itemListElement":[{"@type":"ListItem","position":1,"name":"Portada","item":"https:\/\/www.bodegasbellod.com\/ca\/"},{"@type":"ListItem","position":2,"name":"Botiga","item":"https:\/\/www.bodegasbellod.com\/ca\/botiga\/"},{"@type":"ListItem","position":3,"name":"The Wine Univers Negre"}]},{"@type":"WebSite","@id":"https:\/\/www.bodegasbellod.com\/ca\/#website","url":"https:\/\/www.bodegasbellod.com\/ca\/","name":"Bodegas Bellod - Celler","description":"Descubre Bodegas Bellod: vinos y vermuts elaborados con tradici\u00f3n y calidad. Compra online nuestros productos y conoce nuestra finca y bodega.","potentialAction":[{"@type":"SearchAction","target":{"@type":"EntryPoint","urlTemplate":"https:\/\/www.bodegasbellod.com\/ca\/?s={search_term_string}"},"query-input":{"@type":"PropertyValueSpecification","valueRequired":true,"valueName":"search_term_string"}}],"inLanguage":"ca"}]}},"_links":{"self":[{"href":"https:\/\/www.bodegasbellod.com\/ca\/wp-json\/wp\/v2\/product\/225096","targetHints":{"allow":["GET"]}}],"collection":[{"href":"https:\/\/www.bodegasbellod.com\/ca\/wp-json\/wp\/v2\/product"}],"about":[{"href":"https:\/\/www.bodegasbellod.com\/ca\/wp-json\/wp\/v2\/types\/product"}],"wp:featuredmedia":[{"embeddable":true,"href":"https:\/\/www.bodegasbellod.com\/ca\/wp-json\/wp\/v2\/media\/224983"}],"wp:attachment":[{"href":"https:\/\/www.bodegasbellod.com\/ca\/wp-json\/wp\/v2\/media?parent=225096"}],"wp:term":[{"taxonomy":"product_brand","embeddable":true,"href":"https:\/\/www.bodegasbellod.com\/ca\/wp-json\/wp\/v2\/product_brand?post=225096"},{"taxonomy":"product_cat","embeddable":true,"href":"https:\/\/www.bodegasbellod.com\/ca\/wp-json\/wp\/v2\/product_cat?post=225096"},{"taxonomy":"product_tag","embeddable":true,"href":"https:\/\/www.bodegasbellod.com\/ca\/wp-json\/wp\/v2\/product_tag?post=225096"}],"curies":[{"name":"wp","href":"https:\/\/api.w.org\/{rel}","templated":true}]}}