{"id":225104,"date":"2026-02-19T13:10:16","date_gmt":"2026-02-19T12:10:16","guid":{"rendered":"https:\/\/bb.agenciatelo.com\/producto\/the-wine-univers-blanco\/"},"modified":"2026-04-28T13:10:41","modified_gmt":"2026-04-28T11:10:41","slug":"the-wine-univers-blanco","status":"publish","type":"product","link":"https:\/\/www.bodegasbellod.com\/ca\/producto\/the-wine-univers-blanco\/","title":{"rendered":"The Wine Univers Blanco"},"content":{"rendered":"<p><b data-path-to-node=\"16\" data-index-in-node=\"0\">The Wine Univers Blanco<\/b> \u00e9s un monovarietal de <b data-path-to-node=\"16\" data-index-in-node=\"45\">Macabeu<\/b> que personifica la frescor i l\u2019eleg\u00e0ncia mediterr\u00e0nia. Amb un nas franc on destaquen la <b data-path-to-node=\"16\" data-index-in-node=\"149\">fruita blanca i el gessam\u00ed<\/b>, ofereix un pas per boca suau, lleugerament untu\u00f3s i molt vibrant gr\u00e0cies a les seves notes de c\u00edtrics. Disponible en format <b data-path-to-node=\"16\" data-index-in-node=\"296\">Bag in Box<\/b>, \u00e9s l\u2019opci\u00f3 ideal i pr\u00e0ctica per gaudir a <b data-path-to-node=\"16\" data-index-in-node=\"356\">terrasses, p\u00edcnics <\/b>   <\/p>\n","protected":false},"excerpt":{"rendered":"<p><b data-path-to-node=\"16\" data-index-in-node=\"0\">The Wine Univers Blanco<\/b> \u00e9s un monovarietal de <b data-path-to-node=\"16\" data-index-in-node=\"45\">Macabeu<\/b> que personifica la frescor i l\u2019eleg\u00e0ncia mediterr\u00e0nia. Amb un nas franc on destaquen la <b data-path-to-node=\"16\" data-index-in-node=\"149\">fruita blanca i el gessam\u00ed<\/b>, ofereix un pas per boca suau, lleugerament untu\u00f3s i molt vibrant gr\u00e0cies a les seves notes de c\u00edtrics. Disponible en format <b data-path-to-node=\"16\" data-index-in-node=\"296\">Bag in Box<\/b>, \u00e9s l\u2019opci\u00f3 ideal i pr\u00e0ctica per gaudir a <b data-path-to-node=\"16\" data-index-in-node=\"356\">terrasses, p\u00edcnics <\/b>   <\/p>\n","protected":false},"featured_media":224995,"template":"","meta":{"_acf_changed":false},"product_brand":[],"product_cat":[50,55],"product_tag":[],"class_list":{"0":"post-225104","1":"product","2":"type-product","3":"status-publish","4":"has-post-thumbnail","6":"product_cat-bag-in-box","7":"product_cat-vi-blanc","9":"first","10":"instock","11":"taxable","12":"shipping-taxable","13":"purchasable","14":"product-type-simple"},"acf":[],"yoast_head":"<!-- This site is optimized with the Yoast SEO plugin v27.5 - https:\/\/yoast.com\/product\/yoast-seo-wordpress\/ -->\n<title>The Wine Univers Blanco - Bodegas Bellod - Celler<\/title>\n<meta name=\"robots\" content=\"index, follow, max-snippet:-1, max-image-preview:large, max-video-preview:-1\" \/>\n<link rel=\"canonical\" href=\"https:\/\/www.bodegasbellod.com\/ca\/producto\/the-wine-univers-blanco\/\" \/>\n<meta property=\"og:locale\" content=\"ca_ES\" \/>\n<meta property=\"og:type\" content=\"article\" \/>\n<meta property=\"og:title\" content=\"The Wine Univers Blanco - Bodegas Bellod - Celler\" \/>\n<meta property=\"og:description\" content=\"The Wine Univers Blanco \u00e9s un monovarietal de Macabeu que personifica la frescor i l\u2019eleg\u00e0ncia mediterr\u00e0nia. Amb un nas franc on destaquen la fruita blanca i el gessam\u00ed, ofereix un pas per boca suau, lleugerament untu\u00f3s i molt vibrant gr\u00e0cies a les seves notes de c\u00edtrics. Disponible en format Bag in Box, \u00e9s l\u2019opci\u00f3 ideal i pr\u00e0ctica per gaudir a terrasses, p\u00edcnics\" \/>\n<meta property=\"og:url\" content=\"https:\/\/www.bodegasbellod.com\/ca\/producto\/the-wine-univers-blanco\/\" \/>\n<meta property=\"og:site_name\" content=\"Bodegas Bellod - Celler\" \/>\n<meta property=\"article:modified_time\" content=\"2026-04-28T11:10:41+00:00\" \/>\n<meta property=\"og:image\" content=\"https:\/\/www.bodegasbellod.com\/wp-content\/uploads\/2026\/04\/Fotos-Tienda-Redimensionadas-_25_.webp\" \/>\n\t<meta property=\"og:image:width\" content=\"1080\" \/>\n\t<meta property=\"og:image:height\" content=\"1440\" \/>\n\t<meta property=\"og:image:type\" content=\"image\/webp\" \/>\n<meta name=\"twitter:card\" content=\"summary_large_image\" \/>\n<script type=\"application\/ld+json\" class=\"yoast-schema-graph\">{\"@context\":\"https:\\\/\\\/schema.org\",\"@graph\":[{\"@type\":\"WebPage\",\"@id\":\"https:\\\/\\\/www.bodegasbellod.com\\\/ca\\\/producto\\\/the-wine-univers-blanco\\\/\",\"url\":\"https:\\\/\\\/www.bodegasbellod.com\\\/ca\\\/producto\\\/the-wine-univers-blanco\\\/\",\"name\":\"The Wine Univers Blanco - Bodegas Bellod - Celler\",\"isPartOf\":{\"@id\":\"https:\\\/\\\/www.bodegasbellod.com\\\/ca\\\/#website\"},\"primaryImageOfPage\":{\"@id\":\"https:\\\/\\\/www.bodegasbellod.com\\\/ca\\\/producto\\\/the-wine-univers-blanco\\\/#primaryimage\"},\"image\":{\"@id\":\"https:\\\/\\\/www.bodegasbellod.com\\\/ca\\\/producto\\\/the-wine-univers-blanco\\\/#primaryimage\"},\"thumbnailUrl\":\"https:\\\/\\\/www.bodegasbellod.com\\\/wp-content\\\/uploads\\\/2026\\\/04\\\/Fotos-Tienda-Redimensionadas-_25_.webp\",\"datePublished\":\"2026-02-19T12:10:16+00:00\",\"dateModified\":\"2026-04-28T11:10:41+00:00\",\"breadcrumb\":{\"@id\":\"https:\\\/\\\/www.bodegasbellod.com\\\/ca\\\/producto\\\/the-wine-univers-blanco\\\/#breadcrumb\"},\"inLanguage\":\"ca\",\"potentialAction\":[{\"@type\":\"ReadAction\",\"target\":[\"https:\\\/\\\/www.bodegasbellod.com\\\/ca\\\/producto\\\/the-wine-univers-blanco\\\/\"]}]},{\"@type\":\"ImageObject\",\"inLanguage\":\"ca\",\"@id\":\"https:\\\/\\\/www.bodegasbellod.com\\\/ca\\\/producto\\\/the-wine-univers-blanco\\\/#primaryimage\",\"url\":\"https:\\\/\\\/www.bodegasbellod.com\\\/wp-content\\\/uploads\\\/2026\\\/04\\\/Fotos-Tienda-Redimensionadas-_25_.webp\",\"contentUrl\":\"https:\\\/\\\/www.bodegasbellod.com\\\/wp-content\\\/uploads\\\/2026\\\/04\\\/Fotos-Tienda-Redimensionadas-_25_.webp\",\"width\":1080,\"height\":1440,\"caption\":\"Fotos Tienda Redimensionadas 25\"},{\"@type\":\"BreadcrumbList\",\"@id\":\"https:\\\/\\\/www.bodegasbellod.com\\\/ca\\\/producto\\\/the-wine-univers-blanco\\\/#breadcrumb\",\"itemListElement\":[{\"@type\":\"ListItem\",\"position\":1,\"name\":\"Portada\",\"item\":\"https:\\\/\\\/www.bodegasbellod.com\\\/ca\\\/\"},{\"@type\":\"ListItem\",\"position\":2,\"name\":\"Botiga\",\"item\":\"https:\\\/\\\/www.bodegasbellod.com\\\/ca\\\/botiga\\\/\"},{\"@type\":\"ListItem\",\"position\":3,\"name\":\"The Wine Univers Blanco\"}]},{\"@type\":\"WebSite\",\"@id\":\"https:\\\/\\\/www.bodegasbellod.com\\\/ca\\\/#website\",\"url\":\"https:\\\/\\\/www.bodegasbellod.com\\\/ca\\\/\",\"name\":\"Bodegas Bellod - Celler\",\"description\":\"Descubre Bodegas Bellod: vinos y vermuts elaborados con tradici\u00f3n y calidad. Compra online nuestros productos y conoce nuestra finca y bodega.\",\"potentialAction\":[{\"@type\":\"SearchAction\",\"target\":{\"@type\":\"EntryPoint\",\"urlTemplate\":\"https:\\\/\\\/www.bodegasbellod.com\\\/ca\\\/?s={search_term_string}\"},\"query-input\":{\"@type\":\"PropertyValueSpecification\",\"valueRequired\":true,\"valueName\":\"search_term_string\"}}],\"inLanguage\":\"ca\"}]}<\/script>\n<!-- \/ Yoast SEO plugin. -->","yoast_head_json":{"title":"The Wine Univers Blanco - Bodegas Bellod - Celler","robots":{"index":"index","follow":"follow","max-snippet":"max-snippet:-1","max-image-preview":"max-image-preview:large","max-video-preview":"max-video-preview:-1"},"canonical":"https:\/\/www.bodegasbellod.com\/ca\/producto\/the-wine-univers-blanco\/","og_locale":"ca_ES","og_type":"article","og_title":"The Wine Univers Blanco - Bodegas Bellod - Celler","og_description":"The Wine Univers Blanco \u00e9s un monovarietal de Macabeu que personifica la frescor i l\u2019eleg\u00e0ncia mediterr\u00e0nia. Amb un nas franc on destaquen la fruita blanca i el gessam\u00ed, ofereix un pas per boca suau, lleugerament untu\u00f3s i molt vibrant gr\u00e0cies a les seves notes de c\u00edtrics. Disponible en format Bag in Box, \u00e9s l\u2019opci\u00f3 ideal i pr\u00e0ctica per gaudir a terrasses, p\u00edcnics","og_url":"https:\/\/www.bodegasbellod.com\/ca\/producto\/the-wine-univers-blanco\/","og_site_name":"Bodegas Bellod - Celler","article_modified_time":"2026-04-28T11:10:41+00:00","og_image":[{"width":1080,"height":1440,"url":"https:\/\/www.bodegasbellod.com\/wp-content\/uploads\/2026\/04\/Fotos-Tienda-Redimensionadas-_25_.webp","type":"image\/webp"}],"twitter_card":"summary_large_image","schema":{"@context":"https:\/\/schema.org","@graph":[{"@type":"WebPage","@id":"https:\/\/www.bodegasbellod.com\/ca\/producto\/the-wine-univers-blanco\/","url":"https:\/\/www.bodegasbellod.com\/ca\/producto\/the-wine-univers-blanco\/","name":"The Wine Univers Blanco - Bodegas Bellod - Celler","isPartOf":{"@id":"https:\/\/www.bodegasbellod.com\/ca\/#website"},"primaryImageOfPage":{"@id":"https:\/\/www.bodegasbellod.com\/ca\/producto\/the-wine-univers-blanco\/#primaryimage"},"image":{"@id":"https:\/\/www.bodegasbellod.com\/ca\/producto\/the-wine-univers-blanco\/#primaryimage"},"thumbnailUrl":"https:\/\/www.bodegasbellod.com\/wp-content\/uploads\/2026\/04\/Fotos-Tienda-Redimensionadas-_25_.webp","datePublished":"2026-02-19T12:10:16+00:00","dateModified":"2026-04-28T11:10:41+00:00","breadcrumb":{"@id":"https:\/\/www.bodegasbellod.com\/ca\/producto\/the-wine-univers-blanco\/#breadcrumb"},"inLanguage":"ca","potentialAction":[{"@type":"ReadAction","target":["https:\/\/www.bodegasbellod.com\/ca\/producto\/the-wine-univers-blanco\/"]}]},{"@type":"ImageObject","inLanguage":"ca","@id":"https:\/\/www.bodegasbellod.com\/ca\/producto\/the-wine-univers-blanco\/#primaryimage","url":"https:\/\/www.bodegasbellod.com\/wp-content\/uploads\/2026\/04\/Fotos-Tienda-Redimensionadas-_25_.webp","contentUrl":"https:\/\/www.bodegasbellod.com\/wp-content\/uploads\/2026\/04\/Fotos-Tienda-Redimensionadas-_25_.webp","width":1080,"height":1440,"caption":"Fotos Tienda Redimensionadas 25"},{"@type":"BreadcrumbList","@id":"https:\/\/www.bodegasbellod.com\/ca\/producto\/the-wine-univers-blanco\/#breadcrumb","itemListElement":[{"@type":"ListItem","position":1,"name":"Portada","item":"https:\/\/www.bodegasbellod.com\/ca\/"},{"@type":"ListItem","position":2,"name":"Botiga","item":"https:\/\/www.bodegasbellod.com\/ca\/botiga\/"},{"@type":"ListItem","position":3,"name":"The Wine Univers Blanco"}]},{"@type":"WebSite","@id":"https:\/\/www.bodegasbellod.com\/ca\/#website","url":"https:\/\/www.bodegasbellod.com\/ca\/","name":"Bodegas Bellod - Celler","description":"Descubre Bodegas Bellod: vinos y vermuts elaborados con tradici\u00f3n y calidad. Compra online nuestros productos y conoce nuestra finca y bodega.","potentialAction":[{"@type":"SearchAction","target":{"@type":"EntryPoint","urlTemplate":"https:\/\/www.bodegasbellod.com\/ca\/?s={search_term_string}"},"query-input":{"@type":"PropertyValueSpecification","valueRequired":true,"valueName":"search_term_string"}}],"inLanguage":"ca"}]}},"_links":{"self":[{"href":"https:\/\/www.bodegasbellod.com\/ca\/wp-json\/wp\/v2\/product\/225104","targetHints":{"allow":["GET"]}}],"collection":[{"href":"https:\/\/www.bodegasbellod.com\/ca\/wp-json\/wp\/v2\/product"}],"about":[{"href":"https:\/\/www.bodegasbellod.com\/ca\/wp-json\/wp\/v2\/types\/product"}],"wp:featuredmedia":[{"embeddable":true,"href":"https:\/\/www.bodegasbellod.com\/ca\/wp-json\/wp\/v2\/media\/224995"}],"wp:attachment":[{"href":"https:\/\/www.bodegasbellod.com\/ca\/wp-json\/wp\/v2\/media?parent=225104"}],"wp:term":[{"taxonomy":"product_brand","embeddable":true,"href":"https:\/\/www.bodegasbellod.com\/ca\/wp-json\/wp\/v2\/product_brand?post=225104"},{"taxonomy":"product_cat","embeddable":true,"href":"https:\/\/www.bodegasbellod.com\/ca\/wp-json\/wp\/v2\/product_cat?post=225104"},{"taxonomy":"product_tag","embeddable":true,"href":"https:\/\/www.bodegasbellod.com\/ca\/wp-json\/wp\/v2\/product_tag?post=225104"}],"curies":[{"name":"wp","href":"https:\/\/api.w.org\/{rel}","templated":true}]}}