{"id":225111,"date":"2026-02-19T13:36:28","date_gmt":"2026-02-19T12:36:28","guid":{"rendered":"https:\/\/bb.agenciatelo.com\/producto\/vermut-de-luna-reserva-5-l\/"},"modified":"2026-04-28T13:10:49","modified_gmt":"2026-04-28T11:10:49","slug":"vermut-de-luna-reserva-5-l","status":"publish","type":"product","link":"https:\/\/www.bodegasbellod.com\/ca\/producto\/vermut-de-luna-reserva-5-l\/","title":{"rendered":"Vermut De Luna Reserva 5 L."},"content":{"rendered":"<p><b data-path-to-node=\"1\" data-index-in-node=\"18\">Vermut De Luna Reserva<\/b> \u00e9s una pe\u00e7a d\u2019artesania l\u00edquida elaborada amb una recepta tradicional de 30 bot\u00e0nics seleccionats. El seu proc\u00e9s \u00fanic de maceraci\u00f3 en \u00e0mfores de fang durant <b data-path-to-node=\"1\" data-index-in-node=\"203\">7 llunes<\/b> li atorga una integraci\u00f3 de sabors profunda i sofisticada. Amb un perfil bals\u00e0mic, equilibrat i un postgust llarg i refinat, \u00e9s el vermut ideal per a qui busca una experi\u00e8ncia d\u2019aperitiu superior, ara disponible en format <b data-path-to-node=\"1\" data-index-in-node=\"448\">Bag in Box<\/b> per a una conservaci\u00f3 \u00f2ptima.  <\/p>\n","protected":false},"excerpt":{"rendered":"<p><b data-path-to-node=\"1\" data-index-in-node=\"18\">Vermut De Luna Reserva<\/b> \u00e9s una pe\u00e7a d\u2019artesania l\u00edquida elaborada amb una recepta tradicional de 30 bot\u00e0nics seleccionats. El seu proc\u00e9s \u00fanic de maceraci\u00f3 en \u00e0mfores de fang durant <b data-path-to-node=\"1\" data-index-in-node=\"203\">7 llunes<\/b> li atorga una integraci\u00f3 de sabors profunda i sofisticada. Amb un perfil bals\u00e0mic, equilibrat i un postgust llarg i refinat, \u00e9s el vermut ideal per a qui busca una experi\u00e8ncia d\u2019aperitiu superior, ara disponible en format <b data-path-to-node=\"1\" data-index-in-node=\"448\">Bag in Box<\/b> per a una conservaci\u00f3 \u00f2ptima.  <\/p>\n","protected":false},"featured_media":224987,"template":"","meta":{"_acf_changed":false},"product_brand":[],"product_cat":[50,64],"product_tag":[],"class_list":{"0":"post-225111","1":"product","2":"type-product","3":"status-publish","4":"has-post-thumbnail","6":"product_cat-bag-in-box","7":"product_cat-vermut","9":"first","10":"instock","11":"taxable","12":"shipping-taxable","13":"purchasable","14":"product-type-simple"},"acf":[],"yoast_head":"<!-- This site is optimized with the Yoast SEO plugin v27.5 - https:\/\/yoast.com\/product\/yoast-seo-wordpress\/ -->\n<title>Vermut De Luna Reserva 5 L. - Bodegas Bellod - Celler<\/title>\n<meta name=\"robots\" content=\"index, follow, max-snippet:-1, max-image-preview:large, max-video-preview:-1\" \/>\n<link rel=\"canonical\" href=\"https:\/\/www.bodegasbellod.com\/ca\/producto\/vermut-de-luna-reserva-5-l\/\" \/>\n<meta property=\"og:locale\" content=\"ca_ES\" \/>\n<meta property=\"og:type\" content=\"article\" \/>\n<meta property=\"og:title\" content=\"Vermut De Luna Reserva 5 L. - Bodegas Bellod - Celler\" \/>\n<meta property=\"og:description\" content=\"Vermut De Luna Reserva \u00e9s una pe\u00e7a d\u2019artesania l\u00edquida elaborada amb una recepta tradicional de 30 bot\u00e0nics seleccionats. El seu proc\u00e9s \u00fanic de maceraci\u00f3 en \u00e0mfores de fang durant 7 llunes li atorga una integraci\u00f3 de sabors profunda i sofisticada. Amb un perfil bals\u00e0mic, equilibrat i un postgust llarg i refinat, \u00e9s el vermut ideal per a qui busca una experi\u00e8ncia d\u2019aperitiu superior, ara disponible en format Bag in Box per a una conservaci\u00f3 \u00f2ptima.\" \/>\n<meta property=\"og:url\" content=\"https:\/\/www.bodegasbellod.com\/ca\/producto\/vermut-de-luna-reserva-5-l\/\" \/>\n<meta property=\"og:site_name\" content=\"Bodegas Bellod - Celler\" \/>\n<meta property=\"article:modified_time\" content=\"2026-04-28T11:10:49+00:00\" \/>\n<meta property=\"og:image\" content=\"https:\/\/www.bodegasbellod.com\/wp-content\/uploads\/2026\/04\/Fotos-Tienda-Redimensionadas-_21_.webp\" \/>\n\t<meta property=\"og:image:width\" content=\"1080\" \/>\n\t<meta property=\"og:image:height\" content=\"1440\" \/>\n\t<meta property=\"og:image:type\" content=\"image\/webp\" \/>\n<meta name=\"twitter:card\" content=\"summary_large_image\" \/>\n<script type=\"application\/ld+json\" class=\"yoast-schema-graph\">{\"@context\":\"https:\\\/\\\/schema.org\",\"@graph\":[{\"@type\":\"WebPage\",\"@id\":\"https:\\\/\\\/www.bodegasbellod.com\\\/ca\\\/producto\\\/vermut-de-luna-reserva-5-l\\\/\",\"url\":\"https:\\\/\\\/www.bodegasbellod.com\\\/ca\\\/producto\\\/vermut-de-luna-reserva-5-l\\\/\",\"name\":\"Vermut De Luna Reserva 5 L. - Bodegas Bellod - Celler\",\"isPartOf\":{\"@id\":\"https:\\\/\\\/www.bodegasbellod.com\\\/ca\\\/#website\"},\"primaryImageOfPage\":{\"@id\":\"https:\\\/\\\/www.bodegasbellod.com\\\/ca\\\/producto\\\/vermut-de-luna-reserva-5-l\\\/#primaryimage\"},\"image\":{\"@id\":\"https:\\\/\\\/www.bodegasbellod.com\\\/ca\\\/producto\\\/vermut-de-luna-reserva-5-l\\\/#primaryimage\"},\"thumbnailUrl\":\"https:\\\/\\\/www.bodegasbellod.com\\\/wp-content\\\/uploads\\\/2026\\\/04\\\/Fotos-Tienda-Redimensionadas-_21_.webp\",\"datePublished\":\"2026-02-19T12:36:28+00:00\",\"dateModified\":\"2026-04-28T11:10:49+00:00\",\"breadcrumb\":{\"@id\":\"https:\\\/\\\/www.bodegasbellod.com\\\/ca\\\/producto\\\/vermut-de-luna-reserva-5-l\\\/#breadcrumb\"},\"inLanguage\":\"ca\",\"potentialAction\":[{\"@type\":\"ReadAction\",\"target\":[\"https:\\\/\\\/www.bodegasbellod.com\\\/ca\\\/producto\\\/vermut-de-luna-reserva-5-l\\\/\"]}]},{\"@type\":\"ImageObject\",\"inLanguage\":\"ca\",\"@id\":\"https:\\\/\\\/www.bodegasbellod.com\\\/ca\\\/producto\\\/vermut-de-luna-reserva-5-l\\\/#primaryimage\",\"url\":\"https:\\\/\\\/www.bodegasbellod.com\\\/wp-content\\\/uploads\\\/2026\\\/04\\\/Fotos-Tienda-Redimensionadas-_21_.webp\",\"contentUrl\":\"https:\\\/\\\/www.bodegasbellod.com\\\/wp-content\\\/uploads\\\/2026\\\/04\\\/Fotos-Tienda-Redimensionadas-_21_.webp\",\"width\":1080,\"height\":1440,\"caption\":\"Fotos Tienda Redimensionadas 21\"},{\"@type\":\"BreadcrumbList\",\"@id\":\"https:\\\/\\\/www.bodegasbellod.com\\\/ca\\\/producto\\\/vermut-de-luna-reserva-5-l\\\/#breadcrumb\",\"itemListElement\":[{\"@type\":\"ListItem\",\"position\":1,\"name\":\"Portada\",\"item\":\"https:\\\/\\\/www.bodegasbellod.com\\\/ca\\\/\"},{\"@type\":\"ListItem\",\"position\":2,\"name\":\"Botiga\",\"item\":\"https:\\\/\\\/www.bodegasbellod.com\\\/ca\\\/botiga\\\/\"},{\"@type\":\"ListItem\",\"position\":3,\"name\":\"Vermut De Luna Reserva 5 L.\"}]},{\"@type\":\"WebSite\",\"@id\":\"https:\\\/\\\/www.bodegasbellod.com\\\/ca\\\/#website\",\"url\":\"https:\\\/\\\/www.bodegasbellod.com\\\/ca\\\/\",\"name\":\"Bodegas Bellod - Celler\",\"description\":\"Descubre Bodegas Bellod: vinos y vermuts elaborados con tradici\u00f3n y calidad. Compra online nuestros productos y conoce nuestra finca y bodega.\",\"potentialAction\":[{\"@type\":\"SearchAction\",\"target\":{\"@type\":\"EntryPoint\",\"urlTemplate\":\"https:\\\/\\\/www.bodegasbellod.com\\\/ca\\\/?s={search_term_string}\"},\"query-input\":{\"@type\":\"PropertyValueSpecification\",\"valueRequired\":true,\"valueName\":\"search_term_string\"}}],\"inLanguage\":\"ca\"}]}<\/script>\n<!-- \/ Yoast SEO plugin. -->","yoast_head_json":{"title":"Vermut De Luna Reserva 5 L. - Bodegas Bellod - Celler","robots":{"index":"index","follow":"follow","max-snippet":"max-snippet:-1","max-image-preview":"max-image-preview:large","max-video-preview":"max-video-preview:-1"},"canonical":"https:\/\/www.bodegasbellod.com\/ca\/producto\/vermut-de-luna-reserva-5-l\/","og_locale":"ca_ES","og_type":"article","og_title":"Vermut De Luna Reserva 5 L. - Bodegas Bellod - Celler","og_description":"Vermut De Luna Reserva \u00e9s una pe\u00e7a d\u2019artesania l\u00edquida elaborada amb una recepta tradicional de 30 bot\u00e0nics seleccionats. El seu proc\u00e9s \u00fanic de maceraci\u00f3 en \u00e0mfores de fang durant 7 llunes li atorga una integraci\u00f3 de sabors profunda i sofisticada. Amb un perfil bals\u00e0mic, equilibrat i un postgust llarg i refinat, \u00e9s el vermut ideal per a qui busca una experi\u00e8ncia d\u2019aperitiu superior, ara disponible en format Bag in Box per a una conservaci\u00f3 \u00f2ptima.","og_url":"https:\/\/www.bodegasbellod.com\/ca\/producto\/vermut-de-luna-reserva-5-l\/","og_site_name":"Bodegas Bellod - Celler","article_modified_time":"2026-04-28T11:10:49+00:00","og_image":[{"width":1080,"height":1440,"url":"https:\/\/www.bodegasbellod.com\/wp-content\/uploads\/2026\/04\/Fotos-Tienda-Redimensionadas-_21_.webp","type":"image\/webp"}],"twitter_card":"summary_large_image","schema":{"@context":"https:\/\/schema.org","@graph":[{"@type":"WebPage","@id":"https:\/\/www.bodegasbellod.com\/ca\/producto\/vermut-de-luna-reserva-5-l\/","url":"https:\/\/www.bodegasbellod.com\/ca\/producto\/vermut-de-luna-reserva-5-l\/","name":"Vermut De Luna Reserva 5 L. - Bodegas Bellod - Celler","isPartOf":{"@id":"https:\/\/www.bodegasbellod.com\/ca\/#website"},"primaryImageOfPage":{"@id":"https:\/\/www.bodegasbellod.com\/ca\/producto\/vermut-de-luna-reserva-5-l\/#primaryimage"},"image":{"@id":"https:\/\/www.bodegasbellod.com\/ca\/producto\/vermut-de-luna-reserva-5-l\/#primaryimage"},"thumbnailUrl":"https:\/\/www.bodegasbellod.com\/wp-content\/uploads\/2026\/04\/Fotos-Tienda-Redimensionadas-_21_.webp","datePublished":"2026-02-19T12:36:28+00:00","dateModified":"2026-04-28T11:10:49+00:00","breadcrumb":{"@id":"https:\/\/www.bodegasbellod.com\/ca\/producto\/vermut-de-luna-reserva-5-l\/#breadcrumb"},"inLanguage":"ca","potentialAction":[{"@type":"ReadAction","target":["https:\/\/www.bodegasbellod.com\/ca\/producto\/vermut-de-luna-reserva-5-l\/"]}]},{"@type":"ImageObject","inLanguage":"ca","@id":"https:\/\/www.bodegasbellod.com\/ca\/producto\/vermut-de-luna-reserva-5-l\/#primaryimage","url":"https:\/\/www.bodegasbellod.com\/wp-content\/uploads\/2026\/04\/Fotos-Tienda-Redimensionadas-_21_.webp","contentUrl":"https:\/\/www.bodegasbellod.com\/wp-content\/uploads\/2026\/04\/Fotos-Tienda-Redimensionadas-_21_.webp","width":1080,"height":1440,"caption":"Fotos Tienda Redimensionadas 21"},{"@type":"BreadcrumbList","@id":"https:\/\/www.bodegasbellod.com\/ca\/producto\/vermut-de-luna-reserva-5-l\/#breadcrumb","itemListElement":[{"@type":"ListItem","position":1,"name":"Portada","item":"https:\/\/www.bodegasbellod.com\/ca\/"},{"@type":"ListItem","position":2,"name":"Botiga","item":"https:\/\/www.bodegasbellod.com\/ca\/botiga\/"},{"@type":"ListItem","position":3,"name":"Vermut De Luna Reserva 5 L."}]},{"@type":"WebSite","@id":"https:\/\/www.bodegasbellod.com\/ca\/#website","url":"https:\/\/www.bodegasbellod.com\/ca\/","name":"Bodegas Bellod - Celler","description":"Descubre Bodegas Bellod: vinos y vermuts elaborados con tradici\u00f3n y calidad. Compra online nuestros productos y conoce nuestra finca y bodega.","potentialAction":[{"@type":"SearchAction","target":{"@type":"EntryPoint","urlTemplate":"https:\/\/www.bodegasbellod.com\/ca\/?s={search_term_string}"},"query-input":{"@type":"PropertyValueSpecification","valueRequired":true,"valueName":"search_term_string"}}],"inLanguage":"ca"}]}},"_links":{"self":[{"href":"https:\/\/www.bodegasbellod.com\/ca\/wp-json\/wp\/v2\/product\/225111","targetHints":{"allow":["GET"]}}],"collection":[{"href":"https:\/\/www.bodegasbellod.com\/ca\/wp-json\/wp\/v2\/product"}],"about":[{"href":"https:\/\/www.bodegasbellod.com\/ca\/wp-json\/wp\/v2\/types\/product"}],"wp:featuredmedia":[{"embeddable":true,"href":"https:\/\/www.bodegasbellod.com\/ca\/wp-json\/wp\/v2\/media\/224987"}],"wp:attachment":[{"href":"https:\/\/www.bodegasbellod.com\/ca\/wp-json\/wp\/v2\/media?parent=225111"}],"wp:term":[{"taxonomy":"product_brand","embeddable":true,"href":"https:\/\/www.bodegasbellod.com\/ca\/wp-json\/wp\/v2\/product_brand?post=225111"},{"taxonomy":"product_cat","embeddable":true,"href":"https:\/\/www.bodegasbellod.com\/ca\/wp-json\/wp\/v2\/product_cat?post=225111"},{"taxonomy":"product_tag","embeddable":true,"href":"https:\/\/www.bodegasbellod.com\/ca\/wp-json\/wp\/v2\/product_tag?post=225111"}],"curies":[{"name":"wp","href":"https:\/\/api.w.org\/{rel}","templated":true}]}}