{"id":225129,"date":"2026-02-19T12:53:31","date_gmt":"2026-02-19T11:53:31","guid":{"rendered":"https:\/\/bb.agenciatelo.com\/producto\/mas-del-nen-vall-roja\/"},"modified":"2026-04-28T13:10:38","modified_gmt":"2026-04-28T11:10:38","slug":"mas-del-nen-vall-roja","status":"publish","type":"product","link":"https:\/\/www.bodegasbellod.com\/ca\/producto\/mas-del-nen-vall-roja\/","title":{"rendered":"Mas del Nen Vall Roja"},"content":{"rendered":"<p><b data-path-to-node=\"15\" data-index-in-node=\"0\">Mas del Nen Vall Roja<\/b> \u00e9s un vi negre de gran car\u00e0cter i eleg\u00e0ncia, nascut de la uni\u00f3 de <b data-path-to-node=\"15\" data-index-in-node=\"86\">Cabernet Sauvignon, Syrah i Merlot<\/b>. El seu doble refinament \u2014<b data-path-to-node=\"15\" data-index-in-node=\"145\">12 mesos en b\u00f3ta de roure franc\u00e8s i americ\u00e0, seguits de 12 mesos en ampolla<\/b>\u2014 dona com a resultat un vi estructurat, rod\u00f3 i complex. Amb profundes notes de <b data-path-to-node=\"15\" data-index-in-node=\"311\">fruita negra madura i esp\u00e8cies fumades<\/b>, \u00e9s l\u2019elecci\u00f3 perfecta per acompanyar <b data-path-to-node=\"15\" data-index-in-node=\"390\">carns vermelles, guisats contundents i formatges curats<\/b>.  <\/p>\n","protected":false},"excerpt":{"rendered":"<p><b data-path-to-node=\"15\" data-index-in-node=\"0\">Mas del Nen Vall Roja<\/b> \u00e9s un vi negre de gran car\u00e0cter i eleg\u00e0ncia, nascut de la uni\u00f3 de <b data-path-to-node=\"15\" data-index-in-node=\"86\">Cabernet Sauvignon, Syrah i Merlot<\/b>. El seu doble refinament \u2014<b data-path-to-node=\"15\" data-index-in-node=\"145\">12 mesos en b\u00f3ta de roure franc\u00e8s i americ\u00e0, seguits de 12 mesos en ampolla<\/b>\u2014 dona com a resultat un vi estructurat, rod\u00f3 i complex. Amb profundes notes de <b data-path-to-node=\"15\" data-index-in-node=\"311\">fruita negra madura i esp\u00e8cies fumades<\/b>, \u00e9s l\u2019elecci\u00f3 perfecta per acompanyar <b data-path-to-node=\"15\" data-index-in-node=\"390\">carns vermelles, guisats contundents i formatges curats<\/b>.  <\/p>\n","protected":false},"featured_media":224950,"template":"","meta":{"_acf_changed":false},"product_brand":[],"product_cat":[52],"product_tag":[],"class_list":{"0":"post-225129","1":"product","2":"type-product","3":"status-publish","4":"has-post-thumbnail","6":"product_cat-vi-negre","8":"first","9":"instock","10":"taxable","11":"shipping-taxable","12":"purchasable","13":"product-type-simple"},"acf":[],"yoast_head":"<!-- This site is optimized with the Yoast SEO plugin v27.5 - https:\/\/yoast.com\/product\/yoast-seo-wordpress\/ -->\n<title>Mas del Nen Vall Roja - Bodegas Bellod - Celler<\/title>\n<meta name=\"robots\" content=\"index, follow, max-snippet:-1, max-image-preview:large, max-video-preview:-1\" \/>\n<link rel=\"canonical\" href=\"https:\/\/www.bodegasbellod.com\/ca\/producto\/mas-del-nen-vall-roja\/\" \/>\n<meta property=\"og:locale\" content=\"ca_ES\" \/>\n<meta property=\"og:type\" content=\"article\" \/>\n<meta property=\"og:title\" content=\"Mas del Nen Vall Roja - Bodegas Bellod - Celler\" \/>\n<meta property=\"og:description\" content=\"Mas del Nen Vall Roja \u00e9s un vi negre de gran car\u00e0cter i eleg\u00e0ncia, nascut de la uni\u00f3 de Cabernet Sauvignon, Syrah i Merlot. El seu doble refinament \u201412 mesos en b\u00f3ta de roure franc\u00e8s i americ\u00e0, seguits de 12 mesos en ampolla\u2014 dona com a resultat un vi estructurat, rod\u00f3 i complex. Amb profundes notes de fruita negra madura i esp\u00e8cies fumades, \u00e9s l\u2019elecci\u00f3 perfecta per acompanyar carns vermelles, guisats contundents i formatges curats.\" \/>\n<meta property=\"og:url\" content=\"https:\/\/www.bodegasbellod.com\/ca\/producto\/mas-del-nen-vall-roja\/\" \/>\n<meta property=\"og:site_name\" content=\"Bodegas Bellod - Celler\" \/>\n<meta property=\"article:modified_time\" content=\"2026-04-28T11:10:38+00:00\" \/>\n<meta property=\"og:image\" content=\"https:\/\/www.bodegasbellod.com\/wp-content\/uploads\/2026\/02\/mas-de-nen-vall-roja.webp\" \/>\n\t<meta property=\"og:image:width\" content=\"1080\" \/>\n\t<meta property=\"og:image:height\" content=\"1440\" \/>\n\t<meta property=\"og:image:type\" content=\"image\/webp\" \/>\n<meta name=\"twitter:card\" content=\"summary_large_image\" \/>\n<script type=\"application\/ld+json\" class=\"yoast-schema-graph\">{\"@context\":\"https:\\\/\\\/schema.org\",\"@graph\":[{\"@type\":\"WebPage\",\"@id\":\"https:\\\/\\\/www.bodegasbellod.com\\\/ca\\\/producto\\\/mas-del-nen-vall-roja\\\/\",\"url\":\"https:\\\/\\\/www.bodegasbellod.com\\\/ca\\\/producto\\\/mas-del-nen-vall-roja\\\/\",\"name\":\"Mas del Nen Vall Roja - Bodegas Bellod - Celler\",\"isPartOf\":{\"@id\":\"https:\\\/\\\/www.bodegasbellod.com\\\/ca\\\/#website\"},\"primaryImageOfPage\":{\"@id\":\"https:\\\/\\\/www.bodegasbellod.com\\\/ca\\\/producto\\\/mas-del-nen-vall-roja\\\/#primaryimage\"},\"image\":{\"@id\":\"https:\\\/\\\/www.bodegasbellod.com\\\/ca\\\/producto\\\/mas-del-nen-vall-roja\\\/#primaryimage\"},\"thumbnailUrl\":\"https:\\\/\\\/www.bodegasbellod.com\\\/wp-content\\\/uploads\\\/2026\\\/02\\\/mas-de-nen-vall-roja.webp\",\"datePublished\":\"2026-02-19T11:53:31+00:00\",\"dateModified\":\"2026-04-28T11:10:38+00:00\",\"breadcrumb\":{\"@id\":\"https:\\\/\\\/www.bodegasbellod.com\\\/ca\\\/producto\\\/mas-del-nen-vall-roja\\\/#breadcrumb\"},\"inLanguage\":\"ca\",\"potentialAction\":[{\"@type\":\"ReadAction\",\"target\":[\"https:\\\/\\\/www.bodegasbellod.com\\\/ca\\\/producto\\\/mas-del-nen-vall-roja\\\/\"]}]},{\"@type\":\"ImageObject\",\"inLanguage\":\"ca\",\"@id\":\"https:\\\/\\\/www.bodegasbellod.com\\\/ca\\\/producto\\\/mas-del-nen-vall-roja\\\/#primaryimage\",\"url\":\"https:\\\/\\\/www.bodegasbellod.com\\\/wp-content\\\/uploads\\\/2026\\\/02\\\/mas-de-nen-vall-roja.webp\",\"contentUrl\":\"https:\\\/\\\/www.bodegasbellod.com\\\/wp-content\\\/uploads\\\/2026\\\/02\\\/mas-de-nen-vall-roja.webp\",\"width\":1080,\"height\":1440,\"caption\":\"mas de nen vall roja\"},{\"@type\":\"BreadcrumbList\",\"@id\":\"https:\\\/\\\/www.bodegasbellod.com\\\/ca\\\/producto\\\/mas-del-nen-vall-roja\\\/#breadcrumb\",\"itemListElement\":[{\"@type\":\"ListItem\",\"position\":1,\"name\":\"Portada\",\"item\":\"https:\\\/\\\/www.bodegasbellod.com\\\/ca\\\/\"},{\"@type\":\"ListItem\",\"position\":2,\"name\":\"Botiga\",\"item\":\"https:\\\/\\\/www.bodegasbellod.com\\\/ca\\\/botiga\\\/\"},{\"@type\":\"ListItem\",\"position\":3,\"name\":\"Mas del Nen Vall Roja\"}]},{\"@type\":\"WebSite\",\"@id\":\"https:\\\/\\\/www.bodegasbellod.com\\\/ca\\\/#website\",\"url\":\"https:\\\/\\\/www.bodegasbellod.com\\\/ca\\\/\",\"name\":\"Bodegas Bellod - Celler\",\"description\":\"Descubre Bodegas Bellod: vinos y vermuts elaborados con tradici\u00f3n y calidad. Compra online nuestros productos y conoce nuestra finca y bodega.\",\"potentialAction\":[{\"@type\":\"SearchAction\",\"target\":{\"@type\":\"EntryPoint\",\"urlTemplate\":\"https:\\\/\\\/www.bodegasbellod.com\\\/ca\\\/?s={search_term_string}\"},\"query-input\":{\"@type\":\"PropertyValueSpecification\",\"valueRequired\":true,\"valueName\":\"search_term_string\"}}],\"inLanguage\":\"ca\"}]}<\/script>\n<!-- \/ Yoast SEO plugin. -->","yoast_head_json":{"title":"Mas del Nen Vall Roja - Bodegas Bellod - Celler","robots":{"index":"index","follow":"follow","max-snippet":"max-snippet:-1","max-image-preview":"max-image-preview:large","max-video-preview":"max-video-preview:-1"},"canonical":"https:\/\/www.bodegasbellod.com\/ca\/producto\/mas-del-nen-vall-roja\/","og_locale":"ca_ES","og_type":"article","og_title":"Mas del Nen Vall Roja - Bodegas Bellod - Celler","og_description":"Mas del Nen Vall Roja \u00e9s un vi negre de gran car\u00e0cter i eleg\u00e0ncia, nascut de la uni\u00f3 de Cabernet Sauvignon, Syrah i Merlot. El seu doble refinament \u201412 mesos en b\u00f3ta de roure franc\u00e8s i americ\u00e0, seguits de 12 mesos en ampolla\u2014 dona com a resultat un vi estructurat, rod\u00f3 i complex. Amb profundes notes de fruita negra madura i esp\u00e8cies fumades, \u00e9s l\u2019elecci\u00f3 perfecta per acompanyar carns vermelles, guisats contundents i formatges curats.","og_url":"https:\/\/www.bodegasbellod.com\/ca\/producto\/mas-del-nen-vall-roja\/","og_site_name":"Bodegas Bellod - Celler","article_modified_time":"2026-04-28T11:10:38+00:00","og_image":[{"width":1080,"height":1440,"url":"https:\/\/www.bodegasbellod.com\/wp-content\/uploads\/2026\/02\/mas-de-nen-vall-roja.webp","type":"image\/webp"}],"twitter_card":"summary_large_image","schema":{"@context":"https:\/\/schema.org","@graph":[{"@type":"WebPage","@id":"https:\/\/www.bodegasbellod.com\/ca\/producto\/mas-del-nen-vall-roja\/","url":"https:\/\/www.bodegasbellod.com\/ca\/producto\/mas-del-nen-vall-roja\/","name":"Mas del Nen Vall Roja - Bodegas Bellod - Celler","isPartOf":{"@id":"https:\/\/www.bodegasbellod.com\/ca\/#website"},"primaryImageOfPage":{"@id":"https:\/\/www.bodegasbellod.com\/ca\/producto\/mas-del-nen-vall-roja\/#primaryimage"},"image":{"@id":"https:\/\/www.bodegasbellod.com\/ca\/producto\/mas-del-nen-vall-roja\/#primaryimage"},"thumbnailUrl":"https:\/\/www.bodegasbellod.com\/wp-content\/uploads\/2026\/02\/mas-de-nen-vall-roja.webp","datePublished":"2026-02-19T11:53:31+00:00","dateModified":"2026-04-28T11:10:38+00:00","breadcrumb":{"@id":"https:\/\/www.bodegasbellod.com\/ca\/producto\/mas-del-nen-vall-roja\/#breadcrumb"},"inLanguage":"ca","potentialAction":[{"@type":"ReadAction","target":["https:\/\/www.bodegasbellod.com\/ca\/producto\/mas-del-nen-vall-roja\/"]}]},{"@type":"ImageObject","inLanguage":"ca","@id":"https:\/\/www.bodegasbellod.com\/ca\/producto\/mas-del-nen-vall-roja\/#primaryimage","url":"https:\/\/www.bodegasbellod.com\/wp-content\/uploads\/2026\/02\/mas-de-nen-vall-roja.webp","contentUrl":"https:\/\/www.bodegasbellod.com\/wp-content\/uploads\/2026\/02\/mas-de-nen-vall-roja.webp","width":1080,"height":1440,"caption":"mas de nen vall roja"},{"@type":"BreadcrumbList","@id":"https:\/\/www.bodegasbellod.com\/ca\/producto\/mas-del-nen-vall-roja\/#breadcrumb","itemListElement":[{"@type":"ListItem","position":1,"name":"Portada","item":"https:\/\/www.bodegasbellod.com\/ca\/"},{"@type":"ListItem","position":2,"name":"Botiga","item":"https:\/\/www.bodegasbellod.com\/ca\/botiga\/"},{"@type":"ListItem","position":3,"name":"Mas del Nen Vall Roja"}]},{"@type":"WebSite","@id":"https:\/\/www.bodegasbellod.com\/ca\/#website","url":"https:\/\/www.bodegasbellod.com\/ca\/","name":"Bodegas Bellod - Celler","description":"Descubre Bodegas Bellod: vinos y vermuts elaborados con tradici\u00f3n y calidad. Compra online nuestros productos y conoce nuestra finca y bodega.","potentialAction":[{"@type":"SearchAction","target":{"@type":"EntryPoint","urlTemplate":"https:\/\/www.bodegasbellod.com\/ca\/?s={search_term_string}"},"query-input":{"@type":"PropertyValueSpecification","valueRequired":true,"valueName":"search_term_string"}}],"inLanguage":"ca"}]}},"_links":{"self":[{"href":"https:\/\/www.bodegasbellod.com\/ca\/wp-json\/wp\/v2\/product\/225129","targetHints":{"allow":["GET"]}}],"collection":[{"href":"https:\/\/www.bodegasbellod.com\/ca\/wp-json\/wp\/v2\/product"}],"about":[{"href":"https:\/\/www.bodegasbellod.com\/ca\/wp-json\/wp\/v2\/types\/product"}],"wp:featuredmedia":[{"embeddable":true,"href":"https:\/\/www.bodegasbellod.com\/ca\/wp-json\/wp\/v2\/media\/224950"}],"wp:attachment":[{"href":"https:\/\/www.bodegasbellod.com\/ca\/wp-json\/wp\/v2\/media?parent=225129"}],"wp:term":[{"taxonomy":"product_brand","embeddable":true,"href":"https:\/\/www.bodegasbellod.com\/ca\/wp-json\/wp\/v2\/product_brand?post=225129"},{"taxonomy":"product_cat","embeddable":true,"href":"https:\/\/www.bodegasbellod.com\/ca\/wp-json\/wp\/v2\/product_cat?post=225129"},{"taxonomy":"product_tag","embeddable":true,"href":"https:\/\/www.bodegasbellod.com\/ca\/wp-json\/wp\/v2\/product_tag?post=225129"}],"curies":[{"name":"wp","href":"https:\/\/api.w.org\/{rel}","templated":true}]}}