{"id":225132,"date":"2026-02-19T13:03:35","date_gmt":"2026-02-19T12:03:35","guid":{"rendered":"https:\/\/bb.agenciatelo.com\/producto\/cava-tous-baro-brut\/"},"modified":"2026-04-28T13:10:39","modified_gmt":"2026-04-28T11:10:39","slug":"cava-tous-baro-brut","status":"publish","type":"product","link":"https:\/\/www.bodegasbellod.com\/ca\/producto\/cava-tous-baro-brut\/","title":{"rendered":"Cava Tous Baro Brut"},"content":{"rendered":"<p><b data-path-to-node=\"15\" data-index-in-node=\"0\">Cava Tous Baro Brut<\/b> \u00e9s un Brut cl\u00e0ssic elaborat amb el cupatge tradicional de <b data-path-to-node=\"15\" data-index-in-node=\"80\">Xarel\u00b7lo, Macabeu i Parellada<\/b>. Destaca per la seva bombolla fina i persistent, amb un perfil vibrant on predominen les <b data-path-to-node=\"15\" data-index-in-node=\"198\">notes c\u00edtriques i els tocs florals<\/b>. Un cava harm\u00f2nic, lleuger i molt refrescant, dissenyat per convertir qualsevol <b data-path-to-node=\"15\" data-index-in-node=\"314\">aperitiu, brindis o celebraci\u00f3<\/b> en un moment especial.  <\/p>\n","protected":false},"excerpt":{"rendered":"<p><b data-path-to-node=\"15\" data-index-in-node=\"0\">Cava Tous Baro Brut<\/b> \u00e9s un Brut cl\u00e0ssic elaborat amb el cupatge tradicional de <b data-path-to-node=\"15\" data-index-in-node=\"80\">Xarel\u00b7lo, Macabeu i Parellada<\/b>. Destaca per la seva bombolla fina i persistent, amb un perfil vibrant on predominen les <b data-path-to-node=\"15\" data-index-in-node=\"198\">notes c\u00edtriques i els tocs florals<\/b>. Un cava harm\u00f2nic, lleuger i molt refrescant, dissenyat per convertir qualsevol <b data-path-to-node=\"15\" data-index-in-node=\"314\">aperitiu, brindis o celebraci\u00f3<\/b> en un moment especial.  <\/p>\n","protected":false},"featured_media":224989,"template":"","meta":{"_acf_changed":false},"product_brand":[],"product_cat":[57],"product_tag":[],"class_list":{"0":"post-225132","1":"product","2":"type-product","3":"status-publish","4":"has-post-thumbnail","6":"product_cat-cava","8":"first","9":"instock","10":"taxable","11":"shipping-taxable","12":"purchasable","13":"product-type-simple"},"acf":[],"yoast_head":"<!-- This site is optimized with the Yoast SEO plugin v27.5 - https:\/\/yoast.com\/product\/yoast-seo-wordpress\/ -->\n<title>Cava Tous Baro Brut - Bodegas Bellod - Celler<\/title>\n<meta name=\"robots\" content=\"index, follow, max-snippet:-1, max-image-preview:large, max-video-preview:-1\" \/>\n<link rel=\"canonical\" href=\"https:\/\/www.bodegasbellod.com\/ca\/producto\/cava-tous-baro-brut\/\" \/>\n<meta property=\"og:locale\" content=\"ca_ES\" \/>\n<meta property=\"og:type\" content=\"article\" \/>\n<meta property=\"og:title\" content=\"Cava Tous Baro Brut - Bodegas Bellod - Celler\" \/>\n<meta property=\"og:description\" content=\"Cava Tous Baro Brut \u00e9s un Brut cl\u00e0ssic elaborat amb el cupatge tradicional de Xarel\u00b7lo, Macabeu i Parellada. Destaca per la seva bombolla fina i persistent, amb un perfil vibrant on predominen les notes c\u00edtriques i els tocs florals. Un cava harm\u00f2nic, lleuger i molt refrescant, dissenyat per convertir qualsevol aperitiu, brindis o celebraci\u00f3 en un moment especial.\" \/>\n<meta property=\"og:url\" content=\"https:\/\/www.bodegasbellod.com\/ca\/producto\/cava-tous-baro-brut\/\" \/>\n<meta property=\"og:site_name\" content=\"Bodegas Bellod - Celler\" \/>\n<meta property=\"article:modified_time\" content=\"2026-04-28T11:10:39+00:00\" \/>\n<meta property=\"og:image\" content=\"https:\/\/www.bodegasbellod.com\/wp-content\/uploads\/2026\/04\/Fotos-Tienda-Redimensionadas-_23_.webp\" \/>\n\t<meta property=\"og:image:width\" content=\"1080\" \/>\n\t<meta property=\"og:image:height\" content=\"1440\" \/>\n\t<meta property=\"og:image:type\" content=\"image\/webp\" \/>\n<meta name=\"twitter:card\" content=\"summary_large_image\" \/>\n<script type=\"application\/ld+json\" class=\"yoast-schema-graph\">{\"@context\":\"https:\\\/\\\/schema.org\",\"@graph\":[{\"@type\":\"WebPage\",\"@id\":\"https:\\\/\\\/www.bodegasbellod.com\\\/ca\\\/producto\\\/cava-tous-baro-brut\\\/\",\"url\":\"https:\\\/\\\/www.bodegasbellod.com\\\/ca\\\/producto\\\/cava-tous-baro-brut\\\/\",\"name\":\"Cava Tous Baro Brut - Bodegas Bellod - Celler\",\"isPartOf\":{\"@id\":\"https:\\\/\\\/www.bodegasbellod.com\\\/ca\\\/#website\"},\"primaryImageOfPage\":{\"@id\":\"https:\\\/\\\/www.bodegasbellod.com\\\/ca\\\/producto\\\/cava-tous-baro-brut\\\/#primaryimage\"},\"image\":{\"@id\":\"https:\\\/\\\/www.bodegasbellod.com\\\/ca\\\/producto\\\/cava-tous-baro-brut\\\/#primaryimage\"},\"thumbnailUrl\":\"https:\\\/\\\/www.bodegasbellod.com\\\/wp-content\\\/uploads\\\/2026\\\/04\\\/Fotos-Tienda-Redimensionadas-_23_.webp\",\"datePublished\":\"2026-02-19T12:03:35+00:00\",\"dateModified\":\"2026-04-28T11:10:39+00:00\",\"breadcrumb\":{\"@id\":\"https:\\\/\\\/www.bodegasbellod.com\\\/ca\\\/producto\\\/cava-tous-baro-brut\\\/#breadcrumb\"},\"inLanguage\":\"ca\",\"potentialAction\":[{\"@type\":\"ReadAction\",\"target\":[\"https:\\\/\\\/www.bodegasbellod.com\\\/ca\\\/producto\\\/cava-tous-baro-brut\\\/\"]}]},{\"@type\":\"ImageObject\",\"inLanguage\":\"ca\",\"@id\":\"https:\\\/\\\/www.bodegasbellod.com\\\/ca\\\/producto\\\/cava-tous-baro-brut\\\/#primaryimage\",\"url\":\"https:\\\/\\\/www.bodegasbellod.com\\\/wp-content\\\/uploads\\\/2026\\\/04\\\/Fotos-Tienda-Redimensionadas-_23_.webp\",\"contentUrl\":\"https:\\\/\\\/www.bodegasbellod.com\\\/wp-content\\\/uploads\\\/2026\\\/04\\\/Fotos-Tienda-Redimensionadas-_23_.webp\",\"width\":1080,\"height\":1440,\"caption\":\"Fotos Tienda Redimensionadas 23\"},{\"@type\":\"BreadcrumbList\",\"@id\":\"https:\\\/\\\/www.bodegasbellod.com\\\/ca\\\/producto\\\/cava-tous-baro-brut\\\/#breadcrumb\",\"itemListElement\":[{\"@type\":\"ListItem\",\"position\":1,\"name\":\"Portada\",\"item\":\"https:\\\/\\\/www.bodegasbellod.com\\\/ca\\\/\"},{\"@type\":\"ListItem\",\"position\":2,\"name\":\"Botiga\",\"item\":\"https:\\\/\\\/www.bodegasbellod.com\\\/ca\\\/botiga\\\/\"},{\"@type\":\"ListItem\",\"position\":3,\"name\":\"Cava Tous Baro Brut\"}]},{\"@type\":\"WebSite\",\"@id\":\"https:\\\/\\\/www.bodegasbellod.com\\\/ca\\\/#website\",\"url\":\"https:\\\/\\\/www.bodegasbellod.com\\\/ca\\\/\",\"name\":\"Bodegas Bellod - Celler\",\"description\":\"Descubre Bodegas Bellod: vinos y vermuts elaborados con tradici\u00f3n y calidad. Compra online nuestros productos y conoce nuestra finca y bodega.\",\"potentialAction\":[{\"@type\":\"SearchAction\",\"target\":{\"@type\":\"EntryPoint\",\"urlTemplate\":\"https:\\\/\\\/www.bodegasbellod.com\\\/ca\\\/?s={search_term_string}\"},\"query-input\":{\"@type\":\"PropertyValueSpecification\",\"valueRequired\":true,\"valueName\":\"search_term_string\"}}],\"inLanguage\":\"ca\"}]}<\/script>\n<!-- \/ Yoast SEO plugin. -->","yoast_head_json":{"title":"Cava Tous Baro Brut - Bodegas Bellod - Celler","robots":{"index":"index","follow":"follow","max-snippet":"max-snippet:-1","max-image-preview":"max-image-preview:large","max-video-preview":"max-video-preview:-1"},"canonical":"https:\/\/www.bodegasbellod.com\/ca\/producto\/cava-tous-baro-brut\/","og_locale":"ca_ES","og_type":"article","og_title":"Cava Tous Baro Brut - Bodegas Bellod - Celler","og_description":"Cava Tous Baro Brut \u00e9s un Brut cl\u00e0ssic elaborat amb el cupatge tradicional de Xarel\u00b7lo, Macabeu i Parellada. Destaca per la seva bombolla fina i persistent, amb un perfil vibrant on predominen les notes c\u00edtriques i els tocs florals. Un cava harm\u00f2nic, lleuger i molt refrescant, dissenyat per convertir qualsevol aperitiu, brindis o celebraci\u00f3 en un moment especial.","og_url":"https:\/\/www.bodegasbellod.com\/ca\/producto\/cava-tous-baro-brut\/","og_site_name":"Bodegas Bellod - Celler","article_modified_time":"2026-04-28T11:10:39+00:00","og_image":[{"width":1080,"height":1440,"url":"https:\/\/www.bodegasbellod.com\/wp-content\/uploads\/2026\/04\/Fotos-Tienda-Redimensionadas-_23_.webp","type":"image\/webp"}],"twitter_card":"summary_large_image","schema":{"@context":"https:\/\/schema.org","@graph":[{"@type":"WebPage","@id":"https:\/\/www.bodegasbellod.com\/ca\/producto\/cava-tous-baro-brut\/","url":"https:\/\/www.bodegasbellod.com\/ca\/producto\/cava-tous-baro-brut\/","name":"Cava Tous Baro Brut - Bodegas Bellod - Celler","isPartOf":{"@id":"https:\/\/www.bodegasbellod.com\/ca\/#website"},"primaryImageOfPage":{"@id":"https:\/\/www.bodegasbellod.com\/ca\/producto\/cava-tous-baro-brut\/#primaryimage"},"image":{"@id":"https:\/\/www.bodegasbellod.com\/ca\/producto\/cava-tous-baro-brut\/#primaryimage"},"thumbnailUrl":"https:\/\/www.bodegasbellod.com\/wp-content\/uploads\/2026\/04\/Fotos-Tienda-Redimensionadas-_23_.webp","datePublished":"2026-02-19T12:03:35+00:00","dateModified":"2026-04-28T11:10:39+00:00","breadcrumb":{"@id":"https:\/\/www.bodegasbellod.com\/ca\/producto\/cava-tous-baro-brut\/#breadcrumb"},"inLanguage":"ca","potentialAction":[{"@type":"ReadAction","target":["https:\/\/www.bodegasbellod.com\/ca\/producto\/cava-tous-baro-brut\/"]}]},{"@type":"ImageObject","inLanguage":"ca","@id":"https:\/\/www.bodegasbellod.com\/ca\/producto\/cava-tous-baro-brut\/#primaryimage","url":"https:\/\/www.bodegasbellod.com\/wp-content\/uploads\/2026\/04\/Fotos-Tienda-Redimensionadas-_23_.webp","contentUrl":"https:\/\/www.bodegasbellod.com\/wp-content\/uploads\/2026\/04\/Fotos-Tienda-Redimensionadas-_23_.webp","width":1080,"height":1440,"caption":"Fotos Tienda Redimensionadas 23"},{"@type":"BreadcrumbList","@id":"https:\/\/www.bodegasbellod.com\/ca\/producto\/cava-tous-baro-brut\/#breadcrumb","itemListElement":[{"@type":"ListItem","position":1,"name":"Portada","item":"https:\/\/www.bodegasbellod.com\/ca\/"},{"@type":"ListItem","position":2,"name":"Botiga","item":"https:\/\/www.bodegasbellod.com\/ca\/botiga\/"},{"@type":"ListItem","position":3,"name":"Cava Tous Baro Brut"}]},{"@type":"WebSite","@id":"https:\/\/www.bodegasbellod.com\/ca\/#website","url":"https:\/\/www.bodegasbellod.com\/ca\/","name":"Bodegas Bellod - Celler","description":"Descubre Bodegas Bellod: vinos y vermuts elaborados con tradici\u00f3n y calidad. Compra online nuestros productos y conoce nuestra finca y bodega.","potentialAction":[{"@type":"SearchAction","target":{"@type":"EntryPoint","urlTemplate":"https:\/\/www.bodegasbellod.com\/ca\/?s={search_term_string}"},"query-input":{"@type":"PropertyValueSpecification","valueRequired":true,"valueName":"search_term_string"}}],"inLanguage":"ca"}]}},"_links":{"self":[{"href":"https:\/\/www.bodegasbellod.com\/ca\/wp-json\/wp\/v2\/product\/225132","targetHints":{"allow":["GET"]}}],"collection":[{"href":"https:\/\/www.bodegasbellod.com\/ca\/wp-json\/wp\/v2\/product"}],"about":[{"href":"https:\/\/www.bodegasbellod.com\/ca\/wp-json\/wp\/v2\/types\/product"}],"wp:featuredmedia":[{"embeddable":true,"href":"https:\/\/www.bodegasbellod.com\/ca\/wp-json\/wp\/v2\/media\/224989"}],"wp:attachment":[{"href":"https:\/\/www.bodegasbellod.com\/ca\/wp-json\/wp\/v2\/media?parent=225132"}],"wp:term":[{"taxonomy":"product_brand","embeddable":true,"href":"https:\/\/www.bodegasbellod.com\/ca\/wp-json\/wp\/v2\/product_brand?post=225132"},{"taxonomy":"product_cat","embeddable":true,"href":"https:\/\/www.bodegasbellod.com\/ca\/wp-json\/wp\/v2\/product_cat?post=225132"},{"taxonomy":"product_tag","embeddable":true,"href":"https:\/\/www.bodegasbellod.com\/ca\/wp-json\/wp\/v2\/product_tag?post=225132"}],"curies":[{"name":"wp","href":"https:\/\/api.w.org\/{rel}","templated":true}]}}